{"id":721381,"date":"2025-08-27T18:49:24","date_gmt":"2025-08-27T15:49:24","guid":{"rendered":"https:\/\/roveyayinevi.com.tr\/index.php\/urun\/bir-cizgi\/"},"modified":"2026-04-16T02:29:21","modified_gmt":"2026-04-15T23:29:21","slug":"bir-cizgi","status":"publish","type":"product","link":"https:\/\/roveyayinevi.com.tr\/index.php\/urun\/bir-cizgi\/","title":{"rendered":"Bir \u00c7izgi"},"content":{"rendered":"<p>\u00c7izgi \u00e7izmeyi \u00e7ok severim, ince, daha ince, \u00e7ok daha ince \u00e7izgiler \u00e7izerim. Bazen de kal\u0131n ya da renk renk veya k\u0131sa k\u0131sa \u00e7izgiler \u00e7izerim. Hayallerimden \u00fc\u00e7genler, kareler, evler ve daha neler neler \u00e7\u0131kar\u2026 Peki sen bir \u00e7izgiyle neler yapabilirsin? <\/p>\n","protected":false},"excerpt":{"rendered":"<p>\u00c7izgi \u00e7izmeyi \u00e7ok severim, ince, daha ince, \u00e7ok daha ince \u00e7izgiler \u00e7izerim. Bazen de kal\u0131n ya da renk renk veya k\u0131sa k\u0131sa \u00e7izgiler \u00e7izerim. Hayallerimden \u00fc\u00e7genler,<span class=\"excerpt-hellip\"> [\u2026]<\/span><\/p>\n","protected":false},"featured_media":0,"template":"","meta":{"_monsterinsights_skip_tracking":false,"_monsterinsights_sitenote_active":false,"_monsterinsights_sitenote_note":"","_monsterinsights_sitenote_category":0},"product_brand":[],"product_cat":[12913,12274],"product_tag":[],"class_list":{"0":"post-721381","1":"product","2":"type-product","3":"status-publish","5":"product_cat-3-6-yas-kitaplari","6":"product_cat-cocuk-ve-genclik-kitaplari","7":"pa_cilt-ciltsiz","8":"pa_tur-kitap","9":"pa_yayinevi-masalperest-ozel-urun","10":"pa_yazar-gulsah-yemen-sarioglu-cagri-odabasi","12":"first","13":"instock","14":"sale","15":"shipping-taxable","16":"purchasable","17":"product-type-simple"},"_links":{"self":[{"href":"https:\/\/roveyayinevi.com.tr\/index.php\/wp-json\/wp\/v2\/product\/721381","targetHints":{"allow":["GET"]}}],"collection":[{"href":"https:\/\/roveyayinevi.com.tr\/index.php\/wp-json\/wp\/v2\/product"}],"about":[{"href":"https:\/\/roveyayinevi.com.tr\/index.php\/wp-json\/wp\/v2\/types\/product"}],"wp:attachment":[{"href":"https:\/\/roveyayinevi.com.tr\/index.php\/wp-json\/wp\/v2\/media?parent=721381"}],"wp:term":[{"taxonomy":"product_brand","embeddable":true,"href":"https:\/\/roveyayinevi.com.tr\/index.php\/wp-json\/wp\/v2\/product_brand?post=721381"},{"taxonomy":"product_cat","embeddable":true,"href":"https:\/\/roveyayinevi.com.tr\/index.php\/wp-json\/wp\/v2\/product_cat?post=721381"},{"taxonomy":"product_tag","embeddable":true,"href":"https:\/\/roveyayinevi.com.tr\/index.php\/wp-json\/wp\/v2\/product_tag?post=721381"}],"curies":[{"name":"wp","href":"https:\/\/api.w.org\/{rel}","templated":true}]}}