{"id":721380,"date":"2025-08-27T18:49:23","date_gmt":"2025-08-27T15:49:23","guid":{"rendered":"https:\/\/roveyayinevi.com.tr\/index.php\/urun\/ogrenme-ve-bilincdisi\/"},"modified":"2026-04-16T02:29:21","modified_gmt":"2026-04-15T23:29:21","slug":"ogrenme-ve-bilincdisi","status":"publish","type":"product","link":"https:\/\/roveyayinevi.com.tr\/index.php\/urun\/ogrenme-ve-bilincdisi\/","title":{"rendered":"\u00d6\u011frenme ve Bilin\u00e7d\u0131\u015f\u0131"},"content":{"rendered":"<p>Bir\u00e7ok anne baba ve \u00f6\u011fretmenin de dikkatini \u00e7ekebilecek \u00fc\u00e7\u00fcnc\u00fc say\u0131, \u00f6\u011frenmenin bilin\u00e7d\u0131\u015f\u0131yla ili\u015fkisini ele alan on bir yaz\u0131dan olu\u015fuyor.   \u00c7ocuk ve ergen psikiyatrisi alan\u0131nda deneyimli T\u00fcrk ve yabanc\u0131 analistlerin kaleme ald\u0131\u011f\u0131 yaz\u0131lar \u00f6\u011frenme ve i\u015flev bozukluklar\u0131n\u0131n de\u011ferlendirilmesinden dikkat sorununa, anne-bebek g\u00f6zleminden \u00f6\u011fretmen \u00f6\u011frenci ili\u015fkilerine kadar \u00e7ok geni\u015f bir yelpazeyi kaps\u0131yor.   G\u00fcn\u00fcm\u00fcz T\u00fcrkiyesi\u2019nde e\u011fitim bu tadar \u00e7oky\u00f6nl\u00fc bir tart\u0131\u015fma konusuyken psikanalizin kendi bak\u0131\u015f a\u00e7\u0131s\u0131ndan yapt\u0131\u011f\u0131 de\u011ferlendirmeler e\u011fitim \u00e7evrelerine mutlaka yararl\u0131 olacakt\u0131r. <\/p>\n","protected":false},"excerpt":{"rendered":"<p>Bir\u00e7ok anne baba ve \u00f6\u011fretmenin de dikkatini \u00e7ekebilecek \u00fc\u00e7\u00fcnc\u00fc say\u0131, \u00f6\u011frenmenin bilin\u00e7d\u0131\u015f\u0131yla ili\u015fkisini ele alan on bir yaz\u0131dan olu\u015fuyor. \u00c7ocuk ve ergen psikiyatrisi alan\u0131nda deneyimli T\u00fcrk<span class=\"excerpt-hellip\"> [\u2026]<\/span><\/p>\n","protected":false},"featured_media":0,"template":"","meta":{"_monsterinsights_skip_tracking":false,"_monsterinsights_sitenote_active":false,"_monsterinsights_sitenote_note":"","_monsterinsights_sitenote_category":0},"product_brand":[],"product_cat":[12755,12357],"product_tag":[],"class_list":{"0":"post-721380","1":"product","2":"type-product","3":"status-publish","5":"product_cat-gelisim-psikolojisi","6":"product_cat-psikoloji","7":"pa_cilt-ciltsiz","8":"pa_tur-kitap","9":"pa_yayinevi-yapi-kredi-yayinlari","10":"pa_yazar-alper-sahin","12":"first","13":"instock","14":"sale","15":"shipping-taxable","16":"purchasable","17":"product-type-simple"},"_links":{"self":[{"href":"https:\/\/roveyayinevi.com.tr\/index.php\/wp-json\/wp\/v2\/product\/721380","targetHints":{"allow":["GET"]}}],"collection":[{"href":"https:\/\/roveyayinevi.com.tr\/index.php\/wp-json\/wp\/v2\/product"}],"about":[{"href":"https:\/\/roveyayinevi.com.tr\/index.php\/wp-json\/wp\/v2\/types\/product"}],"wp:attachment":[{"href":"https:\/\/roveyayinevi.com.tr\/index.php\/wp-json\/wp\/v2\/media?parent=721380"}],"wp:term":[{"taxonomy":"product_brand","embeddable":true,"href":"https:\/\/roveyayinevi.com.tr\/index.php\/wp-json\/wp\/v2\/product_brand?post=721380"},{"taxonomy":"product_cat","embeddable":true,"href":"https:\/\/roveyayinevi.com.tr\/index.php\/wp-json\/wp\/v2\/product_cat?post=721380"},{"taxonomy":"product_tag","embeddable":true,"href":"https:\/\/roveyayinevi.com.tr\/index.php\/wp-json\/wp\/v2\/product_tag?post=721380"}],"curies":[{"name":"wp","href":"https:\/\/api.w.org\/{rel}","templated":true}]}}