{"id":721379,"date":"2025-08-27T18:49:23","date_gmt":"2025-08-27T15:49:23","guid":{"rendered":"https:\/\/roveyayinevi.com.tr\/index.php\/urun\/seylerin-masumiyeti-6-yeni-vitrin-ile\/"},"modified":"2026-04-16T02:29:21","modified_gmt":"2026-04-15T23:29:21","slug":"seylerin-masumiyeti-6-yeni-vitrin-ile","status":"publish","type":"product","link":"https:\/\/roveyayinevi.com.tr\/index.php\/urun\/seylerin-masumiyeti-6-yeni-vitrin-ile\/","title":{"rendered":"\u015eeylerin Masumiyeti &#8211; 6 Yeni Vitrin ile"},"content":{"rendered":"<p>\u00d6zenle se\u00e7ilmi\u015f resim ve foto\u011fraflarla dolu bu kitapta, Orhan Pamuk, Masumiyet M\u00fczesi\u2019ndeki e\u015fyalar \u00fczerinden \u0130stanbul\u2019u ve kendi hayat\u0131n\u0131 anlatmaya devam ediyor&#8230;   Eski \u0130stanbul taksilerinden kalabal\u0131k aile foto\u011fraflar\u0131na, ev ev gezen terzilerden gazino-sinema \u00e7evrelerine, Bo\u011faz ve yal\u0131 k\u00fclt\u00fcr\u00fcnden \u00e7ay i\u00e7meye ve kahvede oturup k\u00e2\u011f\u0131t oynama al\u0131\u015fkanl\u0131klar\u0131na uzanan kitap, ayn\u0131 zamanda Pamuk\u2019un yirmi be\u015f y\u0131ld\u0131r me\u015fgul oldu\u011fu ilgin\u00e7 m\u00fczenin hem hik\u00e2yesi hem de katalo\u011fu. Pamuk, Masumiyet M\u00fczesi\u2019nden yola \u00e7\u0131karak haz\u0131rlad\u0131\u011f\u0131 bu yarat\u0131c\u0131 kitapta, e\u015fyalar\u0131n, manzaralar\u0131n, g\u00fcndelik hayat\u0131m\u0131z\u0131n tuhaf, g\u00f6z kama\u015ft\u0131r\u0131c\u0131 ve s\u0131radan ayr\u0131nt\u0131lar\u0131nda yeni anlamlar ke\u015ffediyor.   \u015eeylerin Masumiyeti\u2019nde Orhan Pamuk, y\u0131llar boyunca \u0130stanbul\u2019un g\u00fcnl\u00fck hayat\u0131ndan \u00e7ekip \u00e7\u0131kard\u0131\u011f\u0131 e\u015fyalar\u0131n ve resimlerin hik\u00e2yesini anlat\u0131yor. Pamuk, \u0130stanbul\u2019da ya\u015fayan herkesin hayat\u0131na giren gelip ge\u00e7ici e\u015fyalara, foto\u011fraflara, k\u00e2\u011f\u0131tlara, biblolara, ev ve mutfak e\u015fyalar\u0131na bamba\u015fka g\u00f6zlerle bakarken, \u015fehir hayat\u0131n\u0131n ve k\u00fclt\u00fcr\u00fcn\u00fcn \u00fczerinde durmad\u0131\u011f\u0131m\u0131z ayr\u0131nt\u0131lar\u0131na dikkat \u00e7ekiyor. Pamuk, kimini roman\u0131 yazarken, kimini daha sonra toplayarak bir araya getirdi\u011fi bu e\u015fyalar\u0131 m\u00fczesinde sergilerken, okurlar\u0131 ve ziyaret\u00e7ileri zamanda ve mek\u00e2nda bir yolculu\u011fa \u00e7\u0131kar\u0131yor.   Orhan Pamuk, kitapta Masumiyet M\u00fczesi\u2019ndeki e\u015fyalar\u0131n \u00e7e\u015fit \u00e7e\u015fit anlam\u0131 \u00fczerinde dururken, \u0130stanbul\u2019un k\u00fclt\u00fcr tarihinden ve kendi hat\u0131ralar\u0131ndan yap\u0131lm\u0131\u015f yeni ve \u00f6zg\u00fcn bir anlat\u0131yla okurlar\u0131n\u0131n kar\u015f\u0131s\u0131na \u00e7\u0131k\u0131yor. Pamuk, bu renkli ve e\u011flenceli kitab\u0131nda, ilk olarak m\u00fczesini ve koleksiyonu nas\u0131l yapt\u0131\u011f\u0131n\u0131 anlat\u0131yor, zengin koleksiyonu tan\u0131t\u0131yor. Ard\u0131ndan modern hayat\u0131n insani y\u00f6nlerini ortaya \u00e7\u0131karmak i\u00e7in k\u00fc\u00e7\u00fck m\u00fczeleri savunan g\u00fc\u00e7l\u00fc bir manifesto yay\u0131ml\u0131yor. M\u00fczenin yer ald\u0131\u011f\u0131 mahallenin son elli y\u0131ll\u0131k de\u011fi\u015fiminin de izlenebildi\u011fi, keskin g\u00f6zlemlerle dolu yaz\u0131lar\u0131nda Pamuk, \u015feylerin hayatlar\u0131m\u0131zdaki \u00f6nemini, unutulup giden k\u00fc\u00e7\u00fck ayr\u0131nt\u0131lar\u0131n hat\u0131rlatt\u0131\u011f\u0131 d\u00fcnyalar\u0131 derinlemesine ele al\u0131yor. Orhan Pamuk\u2019un haz\u0131rlad\u0131\u011f\u0131 bu kitap onun romanc\u0131, k\u00fclt\u00fcr ele\u015ftirmeni ve sanat\u00e7\u0131 olarak benzersiz yetene\u011fini ortaya koyarken yaln\u0131z roman okurlar\u0131na de\u011fil, b\u00fct\u00fcn sanatseverlere, her alandan koleksiyonculara ve \u0130stanbul\u2019un ruhuyla ilgilenen herkese sesleniyor. <\/p>\n","protected":false},"excerpt":{"rendered":"<p>\u00d6zenle se\u00e7ilmi\u015f resim ve foto\u011fraflarla dolu bu kitapta, Orhan Pamuk, Masumiyet M\u00fczesi\u2019ndeki e\u015fyalar \u00fczerinden \u0130stanbul\u2019u ve kendi hayat\u0131n\u0131 anlatmaya devam ediyor&#8230; Eski \u0130stanbul taksilerinden kalabal\u0131k aile<span class=\"excerpt-hellip\"> [\u2026]<\/span><\/p>\n","protected":false},"featured_media":0,"template":"","meta":{"_monsterinsights_skip_tracking":false,"_monsterinsights_sitenote_active":false,"_monsterinsights_sitenote_note":"","_monsterinsights_sitenote_category":0},"product_brand":[],"product_cat":[12408],"product_tag":[],"class_list":{"0":"post-721379","1":"product","2":"type-product","3":"status-publish","5":"product_cat-sanat","6":"pa_cilt-ciltsiz","7":"pa_tur-kitap","8":"pa_yayinevi-yapi-kredi-yayinlari","9":"pa_yazar-orhan-pamuk","11":"first","12":"instock","13":"sale","14":"shipping-taxable","15":"purchasable","16":"product-type-simple"},"_links":{"self":[{"href":"https:\/\/roveyayinevi.com.tr\/index.php\/wp-json\/wp\/v2\/product\/721379","targetHints":{"allow":["GET"]}}],"collection":[{"href":"https:\/\/roveyayinevi.com.tr\/index.php\/wp-json\/wp\/v2\/product"}],"about":[{"href":"https:\/\/roveyayinevi.com.tr\/index.php\/wp-json\/wp\/v2\/types\/product"}],"wp:attachment":[{"href":"https:\/\/roveyayinevi.com.tr\/index.php\/wp-json\/wp\/v2\/media?parent=721379"}],"wp:term":[{"taxonomy":"product_brand","embeddable":true,"href":"https:\/\/roveyayinevi.com.tr\/index.php\/wp-json\/wp\/v2\/product_brand?post=721379"},{"taxonomy":"product_cat","embeddable":true,"href":"https:\/\/roveyayinevi.com.tr\/index.php\/wp-json\/wp\/v2\/product_cat?post=721379"},{"taxonomy":"product_tag","embeddable":true,"href":"https:\/\/roveyayinevi.com.tr\/index.php\/wp-json\/wp\/v2\/product_tag?post=721379"}],"curies":[{"name":"wp","href":"https:\/\/api.w.org\/{rel}","templated":true}]}}