{"id":721378,"date":"2025-08-27T18:49:22","date_gmt":"2025-08-27T15:49:22","guid":{"rendered":"https:\/\/roveyayinevi.com.tr\/index.php\/urun\/mavi-sakal-2\/"},"modified":"2026-04-16T02:29:21","modified_gmt":"2026-04-15T23:29:21","slug":"mavi-sakal-2","status":"publish","type":"product","link":"https:\/\/roveyayinevi.com.tr\/index.php\/urun\/mavi-sakal-2\/","title":{"rendered":"Mavi Sakal"},"content":{"rendered":"<p>Doktor Schaad eski kar\u0131s\u0131n\u0131 bo\u011farak \u00f6ld\u00fcrmek su\u00e7undan tutukludur. Savc\u0131 i\u00e7in cinayet nedeni bellidir: K\u0131skan\u00e7l\u0131k. Beraat etmesinin ard\u0131ndan Schaad\u2019\u0131n zihninde s\u00fcregiden k\u00e2h ger\u00e7ek k\u00e2h hayali yarg\u0131lama s\u00fcrecine ve bu s\u00fcrecin ona \u00e7a\u011fr\u0131\u015ft\u0131rd\u0131klar\u0131na tan\u0131k oluruz&#8230; Ad\u0131n\u0131 Perrault\u2019nun, kar\u0131lar\u0131n\u0131 \u00f6ld\u00fcr\u00fcp bodrumda saklayan masal kahraman\u0131 Mavi Sakal\u2019dan alan roman\u0131 i\u00e7in Max Frisch \u015f\u00f6yle diyor: \u201cSchaad su\u00e7tan ne anlad\u0131\u011f\u0131n\u0131 bilmiyor, g\u00fcn\u00fcm\u00fczde bunu bilmeyen yaln\u0131zca o de\u011fil san\u0131r\u0131m. Schaad \u00f6rt\u00fck bir su\u00e7luluk duygusu hissediyor [&#8230;] Benim i\u00e7in bu kitab\u0131n merkezinde su\u00e7un eylemle kan\u0131tlanamad\u0131\u011f\u0131 bir vakada su\u00e7 ve su\u00e7suzluk sorunu yer al\u0131yor [\u2026] Beni ilgilendiren, vakan\u0131n kendisi de\u011fil, hakikati bulma y\u00f6ntemi ve tekni\u011fi, yani yarg\u0131\u2026\u201d Mavi Sakal \u00e7ok iyi i\u015flenmi\u015f bir anlat\u0131. Simenon da Agatha Christie de daha iyisini yapamazd\u0131.  &#8211; Hans Mayer, Die Zeit <\/p>\n","protected":false},"excerpt":{"rendered":"<p>Doktor Schaad eski kar\u0131s\u0131n\u0131 bo\u011farak \u00f6ld\u00fcrmek su\u00e7undan tutukludur. Savc\u0131 i\u00e7in cinayet nedeni bellidir: K\u0131skan\u00e7l\u0131k. Beraat etmesinin ard\u0131ndan Schaad\u2019\u0131n zihninde s\u00fcregiden k\u00e2h ger\u00e7ek k\u00e2h hayali yarg\u0131lama s\u00fcrecine<span class=\"excerpt-hellip\"> [\u2026]<\/span><\/p>\n","protected":false},"featured_media":0,"template":"","meta":{"_monsterinsights_skip_tracking":false,"_monsterinsights_sitenote_active":false,"_monsterinsights_sitenote_note":"","_monsterinsights_sitenote_category":0},"product_brand":[],"product_cat":[12291,12711],"product_tag":[],"class_list":{"0":"post-721378","1":"product","2":"type-product","3":"status-publish","5":"product_cat-edebiyat","6":"product_cat-roman-oyku","7":"pa_cilt-ciltsiz","8":"pa_tur-kitap","9":"pa_yayinevi-yapi-kredi-yayinlari","10":"pa_yazar-max-frisch","12":"first","13":"instock","14":"sale","15":"shipping-taxable","16":"purchasable","17":"product-type-simple"},"_links":{"self":[{"href":"https:\/\/roveyayinevi.com.tr\/index.php\/wp-json\/wp\/v2\/product\/721378","targetHints":{"allow":["GET"]}}],"collection":[{"href":"https:\/\/roveyayinevi.com.tr\/index.php\/wp-json\/wp\/v2\/product"}],"about":[{"href":"https:\/\/roveyayinevi.com.tr\/index.php\/wp-json\/wp\/v2\/types\/product"}],"wp:attachment":[{"href":"https:\/\/roveyayinevi.com.tr\/index.php\/wp-json\/wp\/v2\/media?parent=721378"}],"wp:term":[{"taxonomy":"product_brand","embeddable":true,"href":"https:\/\/roveyayinevi.com.tr\/index.php\/wp-json\/wp\/v2\/product_brand?post=721378"},{"taxonomy":"product_cat","embeddable":true,"href":"https:\/\/roveyayinevi.com.tr\/index.php\/wp-json\/wp\/v2\/product_cat?post=721378"},{"taxonomy":"product_tag","embeddable":true,"href":"https:\/\/roveyayinevi.com.tr\/index.php\/wp-json\/wp\/v2\/product_tag?post=721378"}],"curies":[{"name":"wp","href":"https:\/\/api.w.org\/{rel}","templated":true}]}}