{"id":721375,"date":"2025-08-27T18:49:19","date_gmt":"2025-08-27T15:49:19","guid":{"rendered":"https:\/\/roveyayinevi.com.tr\/index.php\/urun\/neden-bu-kadar-yeteneksiz-erkek-lider-oluyor\/"},"modified":"2026-04-16T02:29:21","modified_gmt":"2026-04-15T23:29:21","slug":"neden-bu-kadar-yeteneksiz-erkek-lider-oluyor","status":"publish","type":"product","link":"https:\/\/roveyayinevi.com.tr\/index.php\/urun\/neden-bu-kadar-yeteneksiz-erkek-lider-oluyor\/","title":{"rendered":"Neden Bu Kadar Yeteneksiz Erkek Lider Oluyor?"},"content":{"rendered":"<p>Hepimiz biliyoruz ki g\u00f6z \u00f6n\u00fcnde k\u0131demli sadece birka\u00e7 kad\u0131n lider var ve kad\u0131nlar\u0131nilerlemesinin \u00f6n\u00fcndeki engeller olabildi\u011fince can s\u0131k\u0131c\u0131. Peki ya bu durum kad\u0131nlar\u0131n yetersizolmas\u0131ndan de\u011fil de yeteneksiz erkeklerin nitelikli say\u0131lmas\u0131 sebebiyle ortaya \u00e7\u0131k\u0131yorsa?Tomas Chamorro-Premuzic Neden Bu kadar Yeteneksiz Erkek Lider Oluyor?\u2019da g\u00fcn\u00fcm\u00fcz liderlik alg\u0131s\u0131n\u0131 hem yap\u0131lan onlarca deney hem de ger\u00e7ek \u00f6rnekler \u00fczerinden ele al\u0131yor.Bug\u00fcn i\u00e7in olmazsa olmaz liderlik vas\u0131flar\u0131 olarak g\u00f6r\u00fclen \u00f6zelliklerin asl\u0131na bak\u0131l\u0131rsay\u00f6netim sahas\u0131 i\u00e7in zararl\u0131 oldu\u011funu ortaya koyuyor.Kitap boyunca narsizm, psikopati, kendine a\u015f\u0131r\u0131 g\u00fcven gibi liderler i\u00e7in tercih sebebi say\u0131lan \u00f6zelliklerin birer mental rahats\u0131zl\u0131k oldu\u011funu, her hal\u00fckarda kurulu\u015flar i\u00e7in zarar verici oldu\u011funu ve liderlerin bu gibi \u00f6zelliklerdense di\u011ferk\u00e2ml\u0131k, empati ve \u00f6zveri gibi nitelikleri haiz olmas\u0131 gerekti\u011fini de\u011ferlendiriyor. Kad\u0131nlar\u0131n lider olabilmelerinin yolunda bulunan engellerin bilhassa erkeklerin toksik davran\u0131\u015flar\u0131 \u00fczerinden belirlenen liderlik normlar\u0131 olmas\u0131 \u00e7e\u015fitli y\u00f6nleriyle irdeleniyor.Tomas Chamorro-Premuzic bu kitapla \u015fu sorulara cevap ar\u0131yor:\u0130nsanlar\u0131 (\u00f6zellikle de erkekleri) liderlik rollerine aday g\u00f6steren ancak sonras\u0131nda burollerde bulunanlar i\u00e7in ele\u015ftiri sebebi olan nitelikleri nelerdir?Liderleri (kad\u0131n veya erkek) ger\u00e7ekten yeterli k\u0131lan nitelikleri .Nas\u0131l daha yetenekli liderler se\u00e7ilebilir?Terfi ettirmeden \u00f6nce yeteneksiz liderleri nas\u0131l tespit edebilirsiniz? Liderlik i\u00e7in hangisi daha \u00f6nemli: IQ mu EQ mu?. <\/p>\n","protected":false},"excerpt":{"rendered":"<p>Hepimiz biliyoruz ki g\u00f6z \u00f6n\u00fcnde k\u0131demli sadece birka\u00e7 kad\u0131n lider var ve kad\u0131nlar\u0131nilerlemesinin \u00f6n\u00fcndeki engeller olabildi\u011fince can s\u0131k\u0131c\u0131. Peki ya bu durum kad\u0131nlar\u0131n yetersizolmas\u0131ndan de\u011fil de<span class=\"excerpt-hellip\"> [\u2026]<\/span><\/p>\n","protected":false},"featured_media":0,"template":"","meta":{"_monsterinsights_skip_tracking":false,"_monsterinsights_sitenote_active":false,"_monsterinsights_sitenote_note":"","_monsterinsights_sitenote_category":0},"product_brand":[],"product_cat":[13043,17647],"product_tag":[],"class_list":{"0":"post-721375","1":"product","2":"type-product","3":"status-publish","5":"product_cat-ekonomi","6":"product_cat-is-dunyasi","7":"pa_cilt-ciltsiz","8":"pa_tur-kitap","9":"pa_yayinevi-orenda","10":"pa_yazar-tomas-chamorro-premuzic","12":"first","13":"instock","14":"sale","15":"shipping-taxable","16":"purchasable","17":"product-type-simple"},"_links":{"self":[{"href":"https:\/\/roveyayinevi.com.tr\/index.php\/wp-json\/wp\/v2\/product\/721375","targetHints":{"allow":["GET"]}}],"collection":[{"href":"https:\/\/roveyayinevi.com.tr\/index.php\/wp-json\/wp\/v2\/product"}],"about":[{"href":"https:\/\/roveyayinevi.com.tr\/index.php\/wp-json\/wp\/v2\/types\/product"}],"wp:attachment":[{"href":"https:\/\/roveyayinevi.com.tr\/index.php\/wp-json\/wp\/v2\/media?parent=721375"}],"wp:term":[{"taxonomy":"product_brand","embeddable":true,"href":"https:\/\/roveyayinevi.com.tr\/index.php\/wp-json\/wp\/v2\/product_brand?post=721375"},{"taxonomy":"product_cat","embeddable":true,"href":"https:\/\/roveyayinevi.com.tr\/index.php\/wp-json\/wp\/v2\/product_cat?post=721375"},{"taxonomy":"product_tag","embeddable":true,"href":"https:\/\/roveyayinevi.com.tr\/index.php\/wp-json\/wp\/v2\/product_tag?post=721375"}],"curies":[{"name":"wp","href":"https:\/\/api.w.org\/{rel}","templated":true}]}}