{"id":721374,"date":"2025-08-27T18:49:18","date_gmt":"2025-08-27T15:49:18","guid":{"rendered":"https:\/\/roveyayinevi.com.tr\/index.php\/urun\/en-sonunda-oldu\/"},"modified":"2026-04-16T02:29:21","modified_gmt":"2026-04-15T23:29:21","slug":"en-sonunda-oldu","status":"publish","type":"product","link":"https:\/\/roveyayinevi.com.tr\/index.php\/urun\/en-sonunda-oldu\/","title":{"rendered":"En Sonunda Oldu"},"content":{"rendered":"<p>Mike Pearl\u2019in kaleme alm\u0131\u015f oldu\u011fu En Sonunda Oldu isimli \u00e7al\u0131\u015fma modern d\u00fcnyan\u0131n, bizi korkutan problemlerini dile getirip, somut \u00e7\u00f6z\u00fcm \u00f6nerileri sunmakla kalmay\u0131p, bunu zaman zaman pop\u00fcler k\u00fclt\u00fcre de referanslar vererek, e\u011flenceli bir \u00fcslupla anlat\u0131yor. \u00c7o\u011funlukla \u00d6yle olsayd\u0131 ne olurdu? sorusuyla konuya giren yazar, \u0130ngiltere\u2019de monar\u015finin kald\u0131r\u0131lmas\u0131, Suudi Arabistan\u2019da petrol\u00fcn bitmesi, sentetik et \u00fcretimine ge\u00e7ilmesi, bireysel silahlanman\u0131n yasaklanmas\u0131, n\u00fckleer sava\u015f ihtimali gibi konulara de\u011finip, olaylar\u0131 hem gazetecilik tecr\u00fcbesine hem de akademik verilere dayanarak yorumluyor.Bu a\u00e7\u0131dan bak\u0131ld\u0131\u011f\u0131nda En Sonunda Oldu, yazar\u0131n da iddia etti\u011fi gibi zaman zaman hem sizi deh\u015fete d\u00fc\u015f\u00fcr\u00fcyor hem de e\u011flendiriyor..<\/p>\n","protected":false},"excerpt":{"rendered":"<p>Mike Pearl\u2019in kaleme alm\u0131\u015f oldu\u011fu En Sonunda Oldu isimli \u00e7al\u0131\u015fma modern d\u00fcnyan\u0131n, bizi korkutan problemlerini dile getirip, somut \u00e7\u00f6z\u00fcm \u00f6nerileri sunmakla kalmay\u0131p, bunu zaman zaman pop\u00fcler<span class=\"excerpt-hellip\"> [\u2026]<\/span><\/p>\n","protected":false},"featured_media":0,"template":"","meta":{"_monsterinsights_skip_tracking":false,"_monsterinsights_sitenote_active":false,"_monsterinsights_sitenote_note":"","_monsterinsights_sitenote_category":0},"product_brand":[],"product_cat":[12540,12291],"product_tag":[],"class_list":{"0":"post-721374","1":"product","2":"type-product","3":"status-publish","5":"product_cat-bilim-kurgu","6":"product_cat-edebiyat","7":"pa_cilt-ciltsiz","8":"pa_tur-kitap","9":"pa_yayinevi-orenda","10":"pa_yazar-mike-pearl","12":"first","13":"instock","14":"sale","15":"shipping-taxable","16":"purchasable","17":"product-type-simple"},"_links":{"self":[{"href":"https:\/\/roveyayinevi.com.tr\/index.php\/wp-json\/wp\/v2\/product\/721374","targetHints":{"allow":["GET"]}}],"collection":[{"href":"https:\/\/roveyayinevi.com.tr\/index.php\/wp-json\/wp\/v2\/product"}],"about":[{"href":"https:\/\/roveyayinevi.com.tr\/index.php\/wp-json\/wp\/v2\/types\/product"}],"wp:attachment":[{"href":"https:\/\/roveyayinevi.com.tr\/index.php\/wp-json\/wp\/v2\/media?parent=721374"}],"wp:term":[{"taxonomy":"product_brand","embeddable":true,"href":"https:\/\/roveyayinevi.com.tr\/index.php\/wp-json\/wp\/v2\/product_brand?post=721374"},{"taxonomy":"product_cat","embeddable":true,"href":"https:\/\/roveyayinevi.com.tr\/index.php\/wp-json\/wp\/v2\/product_cat?post=721374"},{"taxonomy":"product_tag","embeddable":true,"href":"https:\/\/roveyayinevi.com.tr\/index.php\/wp-json\/wp\/v2\/product_tag?post=721374"}],"curies":[{"name":"wp","href":"https:\/\/api.w.org\/{rel}","templated":true}]}}