{"id":721372,"date":"2025-08-27T18:49:16","date_gmt":"2025-08-27T15:49:16","guid":{"rendered":"https:\/\/roveyayinevi.com.tr\/index.php\/urun\/mutlu-son\/"},"modified":"2026-04-16T02:29:21","modified_gmt":"2026-04-15T23:29:21","slug":"mutlu-son","status":"publish","type":"product","link":"https:\/\/roveyayinevi.com.tr\/index.php\/urun\/mutlu-son\/","title":{"rendered":"Mutlu son"},"content":{"rendered":"<p>Tanr\u0131 yard\u0131m eder. Tanr\u0131 sevgidir ve kalbimizi besler. Ona hi\u00e7bir \u015fey zor de\u011fildir. Zorluk, insana mahsustur; hayat denen bu yolu kendi ba\u015f\u0131m\u0131za y\u00fcr\u00fcmeye \u00e7al\u0131\u015fmaktan kaynaklan\u0131r. Oysa hayat yolunu Tanr\u0131\u2019n\u0131n elini tutarak y\u00fcr\u00fcrsek, sarp da\u011flar d\u00fcz ova olur. \u0130nsan, sevginin kendisi olur. \u00c7\u00fcnk\u00fc sevgililer birdir. Sevginin elini tutan insan, o eli hi\u00e7 b\u0131rakmazsa, sevginin kendisi olur.<\/p>\n","protected":false},"excerpt":{"rendered":"<p>Tanr\u0131 yard\u0131m eder. Tanr\u0131 sevgidir ve kalbimizi besler. Ona hi\u00e7bir \u015fey zor de\u011fildir. Zorluk, insana mahsustur; hayat denen bu yolu kendi ba\u015f\u0131m\u0131za y\u00fcr\u00fcmeye \u00e7al\u0131\u015fmaktan kaynaklan\u0131r. Oysa<span class=\"excerpt-hellip\"> [\u2026]<\/span><\/p>\n","protected":false},"featured_media":0,"template":"","meta":{"_monsterinsights_skip_tracking":false,"_monsterinsights_sitenote_active":false,"_monsterinsights_sitenote_note":"","_monsterinsights_sitenote_category":0},"product_brand":[],"product_cat":[12291,12711],"product_tag":[],"class_list":{"0":"post-721372","1":"product","2":"type-product","3":"status-publish","5":"product_cat-edebiyat","6":"product_cat-roman-oyku","7":"pa_cilt-ciltsiz","8":"pa_tur-kitap","9":"pa_yayinevi-artemis-yayinlari","10":"pa_yazar-serdar-ozkan","12":"first","13":"instock","14":"sale","15":"shipping-taxable","16":"purchasable","17":"product-type-simple"},"_links":{"self":[{"href":"https:\/\/roveyayinevi.com.tr\/index.php\/wp-json\/wp\/v2\/product\/721372","targetHints":{"allow":["GET"]}}],"collection":[{"href":"https:\/\/roveyayinevi.com.tr\/index.php\/wp-json\/wp\/v2\/product"}],"about":[{"href":"https:\/\/roveyayinevi.com.tr\/index.php\/wp-json\/wp\/v2\/types\/product"}],"wp:attachment":[{"href":"https:\/\/roveyayinevi.com.tr\/index.php\/wp-json\/wp\/v2\/media?parent=721372"}],"wp:term":[{"taxonomy":"product_brand","embeddable":true,"href":"https:\/\/roveyayinevi.com.tr\/index.php\/wp-json\/wp\/v2\/product_brand?post=721372"},{"taxonomy":"product_cat","embeddable":true,"href":"https:\/\/roveyayinevi.com.tr\/index.php\/wp-json\/wp\/v2\/product_cat?post=721372"},{"taxonomy":"product_tag","embeddable":true,"href":"https:\/\/roveyayinevi.com.tr\/index.php\/wp-json\/wp\/v2\/product_tag?post=721372"}],"curies":[{"name":"wp","href":"https:\/\/api.w.org\/{rel}","templated":true}]}}