{"id":721371,"date":"2025-08-27T18:49:16","date_gmt":"2025-08-27T15:49:16","guid":{"rendered":"https:\/\/roveyayinevi.com.tr\/index.php\/urun\/beden-egitimive-spor-yuksek-okullarinda-kuresellesmenin-beklenen-ve-gozlenen-etkileri\/"},"modified":"2026-04-16T02:29:21","modified_gmt":"2026-04-15T23:29:21","slug":"beden-egitimive-spor-yuksek-okullarinda-kuresellesmenin-beklenen-ve-gozlenen-etkileri","status":"publish","type":"product","link":"https:\/\/roveyayinevi.com.tr\/index.php\/urun\/beden-egitimive-spor-yuksek-okullarinda-kuresellesmenin-beklenen-ve-gozlenen-etkileri\/","title":{"rendered":"Beden E\u011fitimive Spor Y\u00fcksek Okullar\u0131nda K\u00fcreselle\u015fmenin Beklenen ve G\u00f6zlenen Etkileri"},"content":{"rendered":"<p>\u0130\u00c7\u0130NDEK\u0130LER : 1.      G\u0130R\u0130\u015e 2.      GENEL B\u0130LG\u0130LER 3.      GERE\u00c7 ve Y\u00d6NTEM 4.      BULGULAR 5.      TARTI\u015eMA 6.      SONU\u00c7 ve \u00d6NER\u0130LER 7.      \u00d6ZET 8.      SUMMARY   <\/p>\n","protected":false},"excerpt":{"rendered":"<p>\u0130\u00c7\u0130NDEK\u0130LER : 1. G\u0130R\u0130\u015e 2. GENEL B\u0130LG\u0130LER 3. GERE\u00c7 ve Y\u00d6NTEM 4. BULGULAR 5. TARTI\u015eMA 6. SONU\u00c7 ve \u00d6NER\u0130LER 7. \u00d6ZET 8. SUMMARY<\/p>\n","protected":false},"featured_media":0,"template":"","meta":{"_monsterinsights_skip_tracking":false,"_monsterinsights_sitenote_active":false,"_monsterinsights_sitenote_note":"","_monsterinsights_sitenote_category":0},"product_brand":[],"product_cat":[13005,37328],"product_tag":[],"class_list":{"0":"post-721371","1":"product","2":"type-product","3":"status-publish","5":"product_cat-bilim-muhendislik","6":"product_cat-diger-bilim-muhendislik","7":"pa_cilt-ciltsiz","8":"pa_tur-kitap","9":"pa_yayinevi-gazi-kitabevi","10":"pa_yazar-ibrahim-umran-akdagcik","12":"first","13":"instock","14":"sale","15":"shipping-taxable","16":"purchasable","17":"product-type-simple"},"_links":{"self":[{"href":"https:\/\/roveyayinevi.com.tr\/index.php\/wp-json\/wp\/v2\/product\/721371","targetHints":{"allow":["GET"]}}],"collection":[{"href":"https:\/\/roveyayinevi.com.tr\/index.php\/wp-json\/wp\/v2\/product"}],"about":[{"href":"https:\/\/roveyayinevi.com.tr\/index.php\/wp-json\/wp\/v2\/types\/product"}],"wp:attachment":[{"href":"https:\/\/roveyayinevi.com.tr\/index.php\/wp-json\/wp\/v2\/media?parent=721371"}],"wp:term":[{"taxonomy":"product_brand","embeddable":true,"href":"https:\/\/roveyayinevi.com.tr\/index.php\/wp-json\/wp\/v2\/product_brand?post=721371"},{"taxonomy":"product_cat","embeddable":true,"href":"https:\/\/roveyayinevi.com.tr\/index.php\/wp-json\/wp\/v2\/product_cat?post=721371"},{"taxonomy":"product_tag","embeddable":true,"href":"https:\/\/roveyayinevi.com.tr\/index.php\/wp-json\/wp\/v2\/product_tag?post=721371"}],"curies":[{"name":"wp","href":"https:\/\/api.w.org\/{rel}","templated":true}]}}