{"id":721369,"date":"2025-08-27T18:49:14","date_gmt":"2025-08-27T15:49:14","guid":{"rendered":"https:\/\/roveyayinevi.com.tr\/index.php\/urun\/kurumsal-yonetimin-kar-dagitim-ve-politikasina-etkisi-teoriler-ve-literatur\/"},"modified":"2026-04-16T02:29:21","modified_gmt":"2026-04-15T23:29:21","slug":"kurumsal-yonetimin-kar-dagitim-ve-politikasina-etkisi-teoriler-ve-literatur","status":"publish","type":"product","link":"https:\/\/roveyayinevi.com.tr\/index.php\/urun\/kurumsal-yonetimin-kar-dagitim-ve-politikasina-etkisi-teoriler-ve-literatur\/","title":{"rendered":"Kurumsal Y\u00f6netimin Kar Da\u011f\u0131t\u0131m ve Politikas\u0131na Etkisi: Teoriler ve Literat\u00fcr"},"content":{"rendered":"<p>B\u0130R\u0130NC\u0130 B\u00d6L\u00dcM GENEL OLARAK KURUMSAL Y\u00d6NET\u0130M 1.1.  KURUMSAL Y\u00d6NET\u0130M KAVRAMI 1.2.  KURUMSAL Y\u00d6NET\u0130M MODELLER\u0130 1.3.  KURUMSAL Y\u00d6NET\u0130M \u0130LKELER\u0130 1.4.  KURUMSAL Y\u00d6NET\u0130M MEKAN\u0130ZMALARI 1.5.  YATIRIMCILAR VE KURUMSAL Y\u00d6NET\u0130M 1.6.  KURUMSAL Y\u00d6NET\u0130M\u0130N D\u00dcNYADAK\u0130 GEL\u0130\u015e\u0130M\u0130. 1.1.  KURUMSAL Y\u00d6NET\u0130M\u0130N T\u00dcRK\u0130YE\u2019DEK\u0130 GEL\u0130\u015e\u0130M\u0130 \u0130K\u0130NC\u0130 B\u00d6L\u00dcM K\u00c2R DA\u011eITIM POL\u0130T\u0130KASI KAVRAMLARI 2.1. K\u00c2R VE K\u00c2R DA\u011eITIM POL\u0130T\u0130KASI 2.2. K\u00c2R PAYI KURAMLARI 2.3. K\u00c2R PAYI POL\u0130T\u0130KASINI BEL\u0130RLEYEN FAKT\u00d6RLER \u00dc\u00c7\u00dcNC\u00dc B\u00d6L\u00dcM KURUMSAL Y\u00d6NET\u0130M\u0130N K\u00c2R DA\u011eITIM POL\u0130T\u0130KASINA ETK\u0130S\u0130: TEOR\u0130LER VE L\u0130TERAT\u00dcR 3.1. TEMS\u0130L TEOR\u0130S\u0130 VE TEMS\u0130L MAL\u0130YETLER\u0130 3.2. L\u0130TERAT\u00dcRDE KURUMSAL Y\u00d6NET\u0130M\u0130N K\u00c2R DA\u011eITIM POL\u0130T\u0130KASINA ETK\u0130Si 3.3. T\u00dcRK\u0130YE\u2019DE KURUMSAL Y\u00d6NET\u0130M\u0130N K\u00c2R DA\u011eITIM POL\u0130T\u0130KASINA ETK\u0130S\u0130 <\/p>\n","protected":false},"excerpt":{"rendered":"<p>B\u0130R\u0130NC\u0130 B\u00d6L\u00dcM GENEL OLARAK KURUMSAL Y\u00d6NET\u0130M 1.1. KURUMSAL Y\u00d6NET\u0130M KAVRAMI 1.2. KURUMSAL Y\u00d6NET\u0130M MODELLER\u0130 1.3. KURUMSAL Y\u00d6NET\u0130M \u0130LKELER\u0130 1.4. KURUMSAL Y\u00d6NET\u0130M MEKAN\u0130ZMALARI 1.5. YATIRIMCILAR VE KURUMSAL<span class=\"excerpt-hellip\"> [\u2026]<\/span><\/p>\n","protected":false},"featured_media":0,"template":"","meta":{"_monsterinsights_skip_tracking":false,"_monsterinsights_sitenote_active":false,"_monsterinsights_sitenote_note":"","_monsterinsights_sitenote_category":0},"product_brand":[],"product_cat":[13043,14381],"product_tag":[],"class_list":{"0":"post-721369","1":"product","2":"type-product","3":"status-publish","5":"product_cat-ekonomi","6":"product_cat-isletme-muhasebe-maliye","7":"pa_cilt-ciltsiz","8":"pa_tur-kitap","9":"pa_yayinevi-gazi-kitabevi","10":"pa_yazar-yesim-sendur-hatice-dogukanli","12":"first","13":"instock","14":"sale","15":"shipping-taxable","16":"purchasable","17":"product-type-simple"},"_links":{"self":[{"href":"https:\/\/roveyayinevi.com.tr\/index.php\/wp-json\/wp\/v2\/product\/721369","targetHints":{"allow":["GET"]}}],"collection":[{"href":"https:\/\/roveyayinevi.com.tr\/index.php\/wp-json\/wp\/v2\/product"}],"about":[{"href":"https:\/\/roveyayinevi.com.tr\/index.php\/wp-json\/wp\/v2\/types\/product"}],"wp:attachment":[{"href":"https:\/\/roveyayinevi.com.tr\/index.php\/wp-json\/wp\/v2\/media?parent=721369"}],"wp:term":[{"taxonomy":"product_brand","embeddable":true,"href":"https:\/\/roveyayinevi.com.tr\/index.php\/wp-json\/wp\/v2\/product_brand?post=721369"},{"taxonomy":"product_cat","embeddable":true,"href":"https:\/\/roveyayinevi.com.tr\/index.php\/wp-json\/wp\/v2\/product_cat?post=721369"},{"taxonomy":"product_tag","embeddable":true,"href":"https:\/\/roveyayinevi.com.tr\/index.php\/wp-json\/wp\/v2\/product_tag?post=721369"}],"curies":[{"name":"wp","href":"https:\/\/api.w.org\/{rel}","templated":true}]}}