{"id":721366,"date":"2025-08-27T18:49:12","date_gmt":"2025-08-27T15:49:12","guid":{"rendered":"https:\/\/roveyayinevi.com.tr\/index.php\/urun\/kuresellesme-dogu-ve-bati\/"},"modified":"2026-04-16T02:29:21","modified_gmt":"2026-04-15T23:29:21","slug":"kuresellesme-dogu-ve-bati","status":"publish","type":"product","link":"https:\/\/roveyayinevi.com.tr\/index.php\/urun\/kuresellesme-dogu-ve-bati\/","title":{"rendered":"K\u00fcreselle\u015fme Do\u011fu ve Bat\u0131"},"content":{"rendered":"<p>K\u00fcreselle\u015fme nedir? Acaba zaman zaman Amerikanla\u015fma ile kar\u0131\u015ft\u0131r\u0131lan bir \u015fey midir? Yoksa insanl\u0131\u011f\u0131n i\u00e7ine girdi\u011fi niteliksel olarak farkl\u0131 ve yeni bir tarihsel a\u015fama m\u0131d\u0131r?  Yerel ve k\u00fcresel aras\u0131ndaki etkile\u015fimde yer alan unsurlar nelerdir? Bu kitapta, k\u00fcreselle\u015fme kavram\u0131 ile a\u00e7\u0131klanmaya \u00e7al\u0131\u015f\u0131lan s\u00fcre\u00e7lere dair kar\u015f\u0131la\u015ft\u0131rmal\u0131, geni\u015f kapsaml\u0131 ve g\u00fc\u00e7l\u00fc anlat\u0131m yer almaktad\u0131r. Konunun hem Bat\u0131 hem de Do\u011fu ba\u011flam\u0131nda ele al\u0131nd\u0131\u011f\u0131 ilk geni\u015f kapsaml\u0131 metin olmas\u0131 a\u00e7\u0131s\u0131ndan bir ilk olan ve sosyal bilimler ba\u011flam\u0131nda \u00f6nemli bir ihtiyaca kar\u015f\u0131l\u0131k gelen kitap, k\u00fcreselle\u015fmeye dair a\u00e7\u0131klay\u0131c\u0131 ve bir o kadar da dengeli bir analiz sunmaktad\u0131r. K\u00fcreselle\u015fme konusu din, g\u00f6\u00e7, t\u0131p, ter\u00f6rizm, k\u00fcresel felaketler, vatanda\u015fl\u0131k, insan haklar\u0131, medya ve pop\u00fcler k\u00fclt\u00fcr gibi alanlarda \u00e7e\u015fitli somut \u00f6rnekler \u00fczerinden yenilik\u00e7i bir bak\u0131\u015f a\u00e7\u0131s\u0131yla ele al\u0131nmaktad\u0131r. T\u00fcrk\u00e7e bask\u0131 i\u00e7in yaz\u0131lm\u0131\u015f, son y\u0131llarda Ortado\u011fu\u2019da ya\u015fanmakta olan sanc\u0131l\u0131 s\u00fcrecin k\u0131sa bir de\u011ferlendirmesini de i\u00e7eren bir \u00f6ns\u00f6zle birlikte hem akademik hem de genel okuyucuya hitap eden zengin bir metindir<\/p>\n","protected":false},"excerpt":{"rendered":"<p>K\u00fcreselle\u015fme nedir? Acaba zaman zaman Amerikanla\u015fma ile kar\u0131\u015ft\u0131r\u0131lan bir \u015fey midir? Yoksa insanl\u0131\u011f\u0131n i\u00e7ine girdi\u011fi niteliksel olarak farkl\u0131 ve yeni bir tarihsel a\u015fama m\u0131d\u0131r? Yerel ve<span class=\"excerpt-hellip\"> [\u2026]<\/span><\/p>\n","protected":false},"featured_media":0,"template":"","meta":{"_monsterinsights_skip_tracking":false,"_monsterinsights_sitenote_active":false,"_monsterinsights_sitenote_note":"","_monsterinsights_sitenote_category":0},"product_brand":[],"product_cat":[12325,12324],"product_tag":[],"class_list":{"0":"post-721366","1":"product","2":"type-product","3":"status-publish","5":"product_cat-diger-sosyoloji","6":"product_cat-sosyoloji","7":"pa_cilt-ciltsiz","8":"pa_tur-kitap","9":"pa_yayinevi-koyusiyah-kitap","10":"pa_yazar-bryan-s-turner-habibul-haque-khondker","12":"first","13":"instock","14":"sale","15":"shipping-taxable","16":"purchasable","17":"product-type-simple"},"_links":{"self":[{"href":"https:\/\/roveyayinevi.com.tr\/index.php\/wp-json\/wp\/v2\/product\/721366","targetHints":{"allow":["GET"]}}],"collection":[{"href":"https:\/\/roveyayinevi.com.tr\/index.php\/wp-json\/wp\/v2\/product"}],"about":[{"href":"https:\/\/roveyayinevi.com.tr\/index.php\/wp-json\/wp\/v2\/types\/product"}],"wp:attachment":[{"href":"https:\/\/roveyayinevi.com.tr\/index.php\/wp-json\/wp\/v2\/media?parent=721366"}],"wp:term":[{"taxonomy":"product_brand","embeddable":true,"href":"https:\/\/roveyayinevi.com.tr\/index.php\/wp-json\/wp\/v2\/product_brand?post=721366"},{"taxonomy":"product_cat","embeddable":true,"href":"https:\/\/roveyayinevi.com.tr\/index.php\/wp-json\/wp\/v2\/product_cat?post=721366"},{"taxonomy":"product_tag","embeddable":true,"href":"https:\/\/roveyayinevi.com.tr\/index.php\/wp-json\/wp\/v2\/product_tag?post=721366"}],"curies":[{"name":"wp","href":"https:\/\/api.w.org\/{rel}","templated":true}]}}