{"id":721359,"date":"2025-08-27T18:49:06","date_gmt":"2025-08-27T15:49:06","guid":{"rendered":"https:\/\/roveyayinevi.com.tr\/index.php\/urun\/adan-zye-tibbi-bitkiler\/"},"modified":"2026-04-16T02:29:21","modified_gmt":"2026-04-15T23:29:21","slug":"adan-zye-tibbi-bitkiler","status":"publish","type":"product","link":"https:\/\/roveyayinevi.com.tr\/index.php\/urun\/adan-zye-tibbi-bitkiler\/","title":{"rendered":"A\u2019dan Z\u2019ye T\u0131bbi Bitkiler"},"content":{"rendered":"<p>6 Profes\u00f6rden Tamamlay\u0131c\u0131 T\u0131bb\u0131n Onaylad\u0131\u011f\u0131 224 T\u0131bbi Bitki ve Bunlar\u0131n G\u00fcvenli Kullan\u0131m Rehberi\u0130nsanl\u0131k k\u00fclt\u00fcr\u00fcn\u00fcn en eski eserleri, tedavide kullan\u0131lan bitkileri i\u00e7ermektedir. Tedavide kullan\u0131lan bu bitkiler binlerce y\u0131l boyunca denenmi\u015f, bedeller \u00f6denerek \u00f6zellikleri \u00f6\u011frenilmi\u015f, insanl\u0131k haf\u0131zas\u0131nda ku\u015faktan ku\u015fa\u011fa aktar\u0131lm\u0131\u015f, geli\u015ftirilmi\u015f, g\u00fcn\u00fcm\u00fcze kadar getirilmi\u015ftir. Elinizdeki bu kitap, uzun y\u0131llar\u0131n\u0131 bu bilime vermi\u015f bilim insanlar\u0131ndan olu\u015fan bir yazar grubu taraf\u0131ndan bilimsel literat\u00fcr esas al\u0131narak bu k\u00fclt\u00fcr\u00fcn g\u00fcn\u00fcm\u00fcze kadar ula\u015fan k\u0131sm\u0131 ve g\u00fcncel bilgilerin bir araya getirilmesi ile yay\u0131na haz\u0131rlanm\u0131\u015ft\u0131r. Okuru harc\u0131\u00e2lem re\u00e7etelerle sonu\u00e7 al\u0131namayacak yollara sokmadan, bilimsel adlar\u0131, \u00f6zellikleri verilerek, hangi durumlarda kullan\u0131lmas\u0131 ve kullan\u0131lmamas\u0131 gerekti\u011fi, hangi k\u0131s\u0131mlar\u0131 hangi bi\u00e7imde haz\u0131rlan\u0131rsa en iyi sonucun al\u0131naca\u011f\u0131 bilgileriyle okuyucuya sunulmu\u015ftur. Kitap, hem bu zengin bilimsel bilgileri hem de hangi durumda hangi bitkinin kullan\u0131laca\u011f\u0131na dair detayl\u0131 bir listeyi kapsamaktad\u0131r. \u2018Do\u011falsa zarars\u0131zd\u0131r\u2019 \u015feklindeki yayg\u0131n kan\u0131 do\u011fru de\u011fildir. \u00d6nemli olan do\u011fru bitkinin, do\u011fru k\u0131sm\u0131n\u0131n, do\u011fru dozda kullan\u0131lmas\u0131d\u0131r. \u0130stismara ve kulaktan dolma bilgilere a\u00e7\u0131k bu alanda bitkilerin bilimsel i\u00e7eriklerini ve bilimsel haz\u0131rlama y\u00f6ntemlerini konunun ger\u00e7ek uzmanlar\u0131ndan \u00f6\u011frenerek sa\u011fl\u0131\u011f\u0131na dahil etmek isteyen okurlar\u0131m\u0131z i\u00e7in&#8230; <\/p>\n","protected":false},"excerpt":{"rendered":"<p>6 Profes\u00f6rden Tamamlay\u0131c\u0131 T\u0131bb\u0131n Onaylad\u0131\u011f\u0131 224 T\u0131bbi Bitki ve Bunlar\u0131n G\u00fcvenli Kullan\u0131m Rehberi\u0130nsanl\u0131k k\u00fclt\u00fcr\u00fcn\u00fcn en eski eserleri, tedavide kullan\u0131lan bitkileri i\u00e7ermektedir. Tedavide kullan\u0131lan bu bitkiler binlerce<span class=\"excerpt-hellip\"> [\u2026]<\/span><\/p>\n","protected":false},"featured_media":0,"template":"","meta":{"_monsterinsights_skip_tracking":false,"_monsterinsights_sitenote_active":false,"_monsterinsights_sitenote_note":"","_monsterinsights_sitenote_category":0},"product_brand":[],"product_cat":[13397,13365],"product_tag":[],"class_list":{"0":"post-721359","1":"product","2":"type-product","3":"status-publish","5":"product_cat-alternatif-tip-sifali-bitkiler","6":"product_cat-saglik","7":"pa_cilt-ciltsiz","8":"pa_tur-kitap","9":"pa_yayinevi-hayykitap","10":"pa_yazar-kolektif","12":"first","13":"instock","14":"sale","15":"shipping-taxable","16":"purchasable","17":"product-type-simple"},"_links":{"self":[{"href":"https:\/\/roveyayinevi.com.tr\/index.php\/wp-json\/wp\/v2\/product\/721359","targetHints":{"allow":["GET"]}}],"collection":[{"href":"https:\/\/roveyayinevi.com.tr\/index.php\/wp-json\/wp\/v2\/product"}],"about":[{"href":"https:\/\/roveyayinevi.com.tr\/index.php\/wp-json\/wp\/v2\/types\/product"}],"wp:attachment":[{"href":"https:\/\/roveyayinevi.com.tr\/index.php\/wp-json\/wp\/v2\/media?parent=721359"}],"wp:term":[{"taxonomy":"product_brand","embeddable":true,"href":"https:\/\/roveyayinevi.com.tr\/index.php\/wp-json\/wp\/v2\/product_brand?post=721359"},{"taxonomy":"product_cat","embeddable":true,"href":"https:\/\/roveyayinevi.com.tr\/index.php\/wp-json\/wp\/v2\/product_cat?post=721359"},{"taxonomy":"product_tag","embeddable":true,"href":"https:\/\/roveyayinevi.com.tr\/index.php\/wp-json\/wp\/v2\/product_tag?post=721359"}],"curies":[{"name":"wp","href":"https:\/\/api.w.org\/{rel}","templated":true}]}}