{"id":721355,"date":"2025-08-27T18:49:02","date_gmt":"2025-08-27T15:49:02","guid":{"rendered":"https:\/\/roveyayinevi.com.tr\/index.php\/urun\/donusum-ciltli\/"},"modified":"2026-04-12T02:34:57","modified_gmt":"2026-04-11T23:34:57","slug":"donusum-ciltli","status":"publish","type":"product","link":"https:\/\/roveyayinevi.com.tr\/index.php\/urun\/donusum-ciltli\/","title":{"rendered":"D\u00f6n\u00fc\u015f\u00fcm (Ciltli)"},"content":{"rendered":"<p>Gregor Samsa bir sabah uyand\u0131\u011f\u0131nda kendini yata\u011f\u0131nda dev bir b\u00f6ce\u011fe d\u00f6n\u00fc\u015fm\u00fc\u015f olarak bulur. Gen\u00e7 adam bir g\u00fcnde ailesinin i\u011frenerek bakt\u0131\u011f\u0131, evden \u00e7\u0131karmak i\u00e7in her yola ba\u015fvurdu\u011fu, toplumun asla kabul edemeyece\u011fi bir varl\u0131\u011fa d\u00f6n\u00fc\u015fm\u00fc\u015ft\u00fcr. Art\u0131k bir insan de\u011fildir; buna ra\u011fmen hissetti\u011fi yabanc\u0131la\u015fmadan, eksiklik ve su\u00e7luluk duygusundan kurtulmay\u0131, insanca bir ya\u015fam s\u00fcrmeyi ister. 1915\u2019te yay\u0131mlanan \u00f6yk\u00fcs\u00fcnde Franz Kafka insan\u0131n trajik yaln\u0131zl\u0131\u011f\u0131n\u0131 ve \u00fcst\u00fcne kapanan duvarlar\u0131 a\u015fma \u00e7abas\u0131n\u0131 \u00e7arp\u0131c\u0131 bir yal\u0131nl\u0131kla dile getiriyor. D\u00f6n\u00fc\u015f\u00fcm, yirminci y\u00fczy\u0131l\u0131n \u00e7\u0131kard\u0131\u011f\u0131 en karanl\u0131k, ancak en evrensel metinlerden biri, yank\u0131s\u0131 hi\u00e7 dinmeyecek bir ba\u015fyap\u0131t. <\/p>\n","protected":false},"excerpt":{"rendered":"<p>Gregor Samsa bir sabah uyand\u0131\u011f\u0131nda kendini yata\u011f\u0131nda dev bir b\u00f6ce\u011fe d\u00f6n\u00fc\u015fm\u00fc\u015f olarak bulur. Gen\u00e7 adam bir g\u00fcnde ailesinin i\u011frenerek bakt\u0131\u011f\u0131, evden \u00e7\u0131karmak i\u00e7in her yola ba\u015fvurdu\u011fu,<span class=\"excerpt-hellip\"> [\u2026]<\/span><\/p>\n","protected":false},"featured_media":0,"template":"","meta":{"_monsterinsights_skip_tracking":false,"_monsterinsights_sitenote_active":false,"_monsterinsights_sitenote_note":"","_monsterinsights_sitenote_category":0},"product_brand":[],"product_cat":[12291,12711],"product_tag":[],"class_list":{"0":"post-721355","1":"product","2":"type-product","3":"status-publish","5":"product_cat-edebiyat","6":"product_cat-roman-oyku","7":"pa_cilt-ciltli","8":"pa_tur-kitap","9":"pa_yayinevi-can-yayinlari","10":"pa_yazar-franz-kafka","12":"first","13":"instock","14":"sale","15":"shipping-taxable","16":"purchasable","17":"product-type-simple"},"_links":{"self":[{"href":"https:\/\/roveyayinevi.com.tr\/index.php\/wp-json\/wp\/v2\/product\/721355","targetHints":{"allow":["GET"]}}],"collection":[{"href":"https:\/\/roveyayinevi.com.tr\/index.php\/wp-json\/wp\/v2\/product"}],"about":[{"href":"https:\/\/roveyayinevi.com.tr\/index.php\/wp-json\/wp\/v2\/types\/product"}],"wp:attachment":[{"href":"https:\/\/roveyayinevi.com.tr\/index.php\/wp-json\/wp\/v2\/media?parent=721355"}],"wp:term":[{"taxonomy":"product_brand","embeddable":true,"href":"https:\/\/roveyayinevi.com.tr\/index.php\/wp-json\/wp\/v2\/product_brand?post=721355"},{"taxonomy":"product_cat","embeddable":true,"href":"https:\/\/roveyayinevi.com.tr\/index.php\/wp-json\/wp\/v2\/product_cat?post=721355"},{"taxonomy":"product_tag","embeddable":true,"href":"https:\/\/roveyayinevi.com.tr\/index.php\/wp-json\/wp\/v2\/product_tag?post=721355"}],"curies":[{"name":"wp","href":"https:\/\/api.w.org\/{rel}","templated":true}]}}