{"id":721352,"date":"2025-08-27T18:48:59","date_gmt":"2025-08-27T15:48:59","guid":{"rendered":"https:\/\/roveyayinevi.com.tr\/index.php\/urun\/stratonikeia-calismalari-6-camandiras-ve-dalagoz-nekropolleri\/"},"modified":"2026-04-16T02:29:20","modified_gmt":"2026-04-15T23:29:20","slug":"stratonikeia-calismalari-6-camandiras-ve-dalagoz-nekropolleri","status":"publish","type":"product","link":"https:\/\/roveyayinevi.com.tr\/index.php\/urun\/stratonikeia-calismalari-6-camandiras-ve-dalagoz-nekropolleri\/","title":{"rendered":"Stratonikeia \u00c7al\u0131\u015fmalar\u0131 6 &#8211; Camand\u0131ras ve Dalag\u00f6z Nekropolleri"},"content":{"rendered":"<p>Stratonikeia \u00c7al\u0131\u015fmalar\u0131 6 &#8211; Camand\u0131ras ve Dalag\u00f6z Nekropolleri<\/p>\n","protected":false},"excerpt":{"rendered":"<p>Stratonikeia \u00c7al\u0131\u015fmalar\u0131 6 &#8211; Camand\u0131ras ve Dalag\u00f6z Nekropolleri<\/p>\n","protected":false},"featured_media":0,"template":"","meta":{"_monsterinsights_skip_tracking":false,"_monsterinsights_sitenote_active":false,"_monsterinsights_sitenote_note":"","_monsterinsights_sitenote_category":0},"product_brand":[],"product_cat":[52477,52478],"product_tag":[],"class_list":{"0":"post-721352","1":"product","2":"type-product","3":"status-publish","5":"product_cat-arastirma","6":"product_cat-arkeoloji","7":"pa_cilt-ciltli","8":"pa_tur-kitap","9":"pa_yayinevi-bilgin-kultur-sanat","10":"pa_yazar-bilal-sogut-sabiha-pazarci","12":"first","13":"instock","14":"sale","15":"shipping-taxable","16":"purchasable","17":"product-type-simple"},"_links":{"self":[{"href":"https:\/\/roveyayinevi.com.tr\/index.php\/wp-json\/wp\/v2\/product\/721352","targetHints":{"allow":["GET"]}}],"collection":[{"href":"https:\/\/roveyayinevi.com.tr\/index.php\/wp-json\/wp\/v2\/product"}],"about":[{"href":"https:\/\/roveyayinevi.com.tr\/index.php\/wp-json\/wp\/v2\/types\/product"}],"wp:attachment":[{"href":"https:\/\/roveyayinevi.com.tr\/index.php\/wp-json\/wp\/v2\/media?parent=721352"}],"wp:term":[{"taxonomy":"product_brand","embeddable":true,"href":"https:\/\/roveyayinevi.com.tr\/index.php\/wp-json\/wp\/v2\/product_brand?post=721352"},{"taxonomy":"product_cat","embeddable":true,"href":"https:\/\/roveyayinevi.com.tr\/index.php\/wp-json\/wp\/v2\/product_cat?post=721352"},{"taxonomy":"product_tag","embeddable":true,"href":"https:\/\/roveyayinevi.com.tr\/index.php\/wp-json\/wp\/v2\/product_tag?post=721352"}],"curies":[{"name":"wp","href":"https:\/\/api.w.org\/{rel}","templated":true}]}}