{"id":721351,"date":"2025-08-27T18:48:59","date_gmt":"2025-08-27T15:48:59","guid":{"rendered":"https:\/\/roveyayinevi.com.tr\/index.php\/urun\/dergah-i-ask\/"},"modified":"2026-04-16T02:29:20","modified_gmt":"2026-04-15T23:29:20","slug":"dergah-i-ask","status":"publish","type":"product","link":"https:\/\/roveyayinevi.com.tr\/index.php\/urun\/dergah-i-ask\/","title":{"rendered":"Dergah-\u0131 A\u015fk"},"content":{"rendered":"<p>Gel ey av\u00e2re! Olma bu derg\u00e2ha a\u011fy\u00e2re! \u0130stemez senden bir p\u00e2ye! \u0130stedi\u011fi a\u015fkt\u0131r O\u2019nun (c.c). A\u015fk\u2019a bulma bahane! A\u015fk eder seni div\u00e2ne! Birleyenlerden ol, kalma big\u00e2ne! Big\u00e2ne kalan, olamaz \u00e2z\u00e2de<\/p>\n","protected":false},"excerpt":{"rendered":"<p>Gel ey av\u00e2re! Olma bu derg\u00e2ha a\u011fy\u00e2re! \u0130stemez senden bir p\u00e2ye! \u0130stedi\u011fi a\u015fkt\u0131r O\u2019nun (c.c). A\u015fk\u2019a bulma bahane! A\u015fk eder seni div\u00e2ne! Birleyenlerden ol, kalma big\u00e2ne!<span class=\"excerpt-hellip\"> [\u2026]<\/span><\/p>\n","protected":false},"featured_media":0,"template":"","meta":{"_monsterinsights_skip_tracking":false,"_monsterinsights_sitenote_active":false,"_monsterinsights_sitenote_note":"","_monsterinsights_sitenote_category":0},"product_brand":[],"product_cat":[12718,12719,15238],"product_tag":[],"class_list":{"0":"post-721351","1":"product","2":"type-product","3":"status-publish","5":"product_cat-din","6":"product_cat-islam","7":"product_cat-tasavvuf","8":"pa_cilt-ciltsiz","9":"pa_tur-kitap","10":"pa_yayinevi-elpis-yayinlari","11":"pa_yazar-serol-dilmac","13":"first","14":"instock","15":"sale","16":"shipping-taxable","17":"purchasable","18":"product-type-simple"},"_links":{"self":[{"href":"https:\/\/roveyayinevi.com.tr\/index.php\/wp-json\/wp\/v2\/product\/721351","targetHints":{"allow":["GET"]}}],"collection":[{"href":"https:\/\/roveyayinevi.com.tr\/index.php\/wp-json\/wp\/v2\/product"}],"about":[{"href":"https:\/\/roveyayinevi.com.tr\/index.php\/wp-json\/wp\/v2\/types\/product"}],"wp:attachment":[{"href":"https:\/\/roveyayinevi.com.tr\/index.php\/wp-json\/wp\/v2\/media?parent=721351"}],"wp:term":[{"taxonomy":"product_brand","embeddable":true,"href":"https:\/\/roveyayinevi.com.tr\/index.php\/wp-json\/wp\/v2\/product_brand?post=721351"},{"taxonomy":"product_cat","embeddable":true,"href":"https:\/\/roveyayinevi.com.tr\/index.php\/wp-json\/wp\/v2\/product_cat?post=721351"},{"taxonomy":"product_tag","embeddable":true,"href":"https:\/\/roveyayinevi.com.tr\/index.php\/wp-json\/wp\/v2\/product_tag?post=721351"}],"curies":[{"name":"wp","href":"https:\/\/api.w.org\/{rel}","templated":true}]}}