{"id":721345,"date":"2025-08-27T18:48:53","date_gmt":"2025-08-27T15:48:53","guid":{"rendered":"https:\/\/roveyayinevi.com.tr\/index.php\/urun\/arilarin-zamani\/"},"modified":"2026-04-16T02:29:20","modified_gmt":"2026-04-15T23:29:20","slug":"arilarin-zamani","status":"publish","type":"product","link":"https:\/\/roveyayinevi.com.tr\/index.php\/urun\/arilarin-zamani\/","title":{"rendered":"Ar\u0131lar\u0131n Zaman\u0131"},"content":{"rendered":"<p>Carol\u2019un arkada\u015flar\u0131 yaz tatillerini havuz ve mangal partileriyle ge\u00e7irirken o, hi\u00e7 tan\u0131mad\u0131\u011f\u0131 b\u00fcy\u00fckbabas\u0131n\u0131n \u00e7\u00f6l\u00fcn ortas\u0131ndaki koyun \u00e7iftli\u011finde kalmak zorundad\u0131r.Demans sorunu ya\u015fayan b\u00fcy\u00fckbabay\u0131 \u00e7itflikten al\u0131p bir bak\u0131mevine yerle\u015ftirmek ve as\u0131rlard\u0131r aileye ait olan \u00e7iftli\u011fi bo\u015falt\u0131p satmak i\u00e7in ailecek \u00e7iftli\u011fe giderler. Carol ba\u015fta, hi\u00e7 tan\u0131mad\u0131\u011f\u0131 b\u00fcy\u00fckbabas\u0131ndan uzak durur. Ancak \u015fifa veren bir a\u011fa\u00e7, cam gibi ye\u015fil bir g\u00f6l ve ya\u011fmuru getirip y\u00fczy\u0131ll\u0131k kurakl\u0131\u011f\u0131 bitirecek ar\u0131larla ilgili b\u00fcy\u00fcleyici bir hik\u00e2ye anlatan ve ona k\u00f6klerini hat\u0131rlatan b\u00fcy\u00fckbabas\u0131n\u0131n \u00e7ekimine kap\u0131l\u0131r. Ger\u00e7ek ve hayal birbirine kar\u0131\u015fmaya ba\u015flar. Babas\u0131yla b\u00fcy\u00fckbabas\u0131n\u0131n y\u0131llarca birbirini g\u00f6rmemesine sebep olan s\u0131r nedir? Aile, k\u00f6k ne demektir?Carol kimdir? \u0130mk\u00e2ns\u0131z\u0131n s\u0131n\u0131rlar\u0131 nerede ba\u015flar? Carol bu sorulara yan\u0131t ararken b\u00fcy\u00fcyecek; sevginin, aile ba\u011flar\u0131n\u0131n \u00f6nemini ve yuvan\u0131n ger\u00e7ek anlam\u0131n\u0131 kavrayacakt\u0131r.2017 Y\u0131l\u0131 ILA \u00c7ocuk ve Gen\u00e7lik Kitaplar\u0131 \u00d6d\u00fcl\u00fcUluslararas\u0131 Latin Kitap \u00d6d\u00fcl\u00fc<\/p>\n","protected":false},"excerpt":{"rendered":"<p>Carol\u2019un arkada\u015flar\u0131 yaz tatillerini havuz ve mangal partileriyle ge\u00e7irirken o, hi\u00e7 tan\u0131mad\u0131\u011f\u0131 b\u00fcy\u00fckbabas\u0131n\u0131n \u00e7\u00f6l\u00fcn ortas\u0131ndaki koyun \u00e7iftli\u011finde kalmak zorundad\u0131r.Demans sorunu ya\u015fayan b\u00fcy\u00fckbabay\u0131 \u00e7itflikten al\u0131p bir bak\u0131mevine<span class=\"excerpt-hellip\"> [\u2026]<\/span><\/p>\n","protected":false},"featured_media":0,"template":"","meta":{"_monsterinsights_skip_tracking":false,"_monsterinsights_sitenote_active":false,"_monsterinsights_sitenote_note":"","_monsterinsights_sitenote_category":0},"product_brand":[],"product_cat":[12274,12284],"product_tag":[],"class_list":{"0":"post-721345","1":"product","2":"type-product","3":"status-publish","5":"product_cat-cocuk-ve-genclik-kitaplari","6":"product_cat-hikayeler","7":"pa_cilt-ciltsiz","8":"pa_tur-kitap","9":"pa_yayinevi-beyaz-balina-yayinlari","10":"pa_yazar-lindsay-eagar","12":"first","13":"instock","14":"sale","15":"shipping-taxable","16":"purchasable","17":"product-type-simple"},"_links":{"self":[{"href":"https:\/\/roveyayinevi.com.tr\/index.php\/wp-json\/wp\/v2\/product\/721345","targetHints":{"allow":["GET"]}}],"collection":[{"href":"https:\/\/roveyayinevi.com.tr\/index.php\/wp-json\/wp\/v2\/product"}],"about":[{"href":"https:\/\/roveyayinevi.com.tr\/index.php\/wp-json\/wp\/v2\/types\/product"}],"wp:attachment":[{"href":"https:\/\/roveyayinevi.com.tr\/index.php\/wp-json\/wp\/v2\/media?parent=721345"}],"wp:term":[{"taxonomy":"product_brand","embeddable":true,"href":"https:\/\/roveyayinevi.com.tr\/index.php\/wp-json\/wp\/v2\/product_brand?post=721345"},{"taxonomy":"product_cat","embeddable":true,"href":"https:\/\/roveyayinevi.com.tr\/index.php\/wp-json\/wp\/v2\/product_cat?post=721345"},{"taxonomy":"product_tag","embeddable":true,"href":"https:\/\/roveyayinevi.com.tr\/index.php\/wp-json\/wp\/v2\/product_tag?post=721345"}],"curies":[{"name":"wp","href":"https:\/\/api.w.org\/{rel}","templated":true}]}}