{"id":721342,"date":"2025-08-27T18:48:50","date_gmt":"2025-08-27T15:48:50","guid":{"rendered":"https:\/\/roveyayinevi.com.tr\/index.php\/urun\/giresunun-sevgilisi-yavyum-ertugrul\/"},"modified":"2026-04-16T02:29:20","modified_gmt":"2026-04-15T23:29:20","slug":"giresunun-sevgilisi-yavyum-ertugrul","status":"publish","type":"product","link":"https:\/\/roveyayinevi.com.tr\/index.php\/urun\/giresunun-sevgilisi-yavyum-ertugrul\/","title":{"rendered":"Giresun&#8217;un Sevgilisi Yavyum Ertu\u011frul"},"content":{"rendered":"<p>\u00c7ok deliler g\u00f6rd\u00fc, bu fani d\u00fcnya\u2026 \u00c7\u0131lg\u0131n insanlar gelip gelip ge\u00e7tiler bu d\u00fcnya sahnesinden. Ama i\u00e7lerinden hi\u00e7 biri, ya\u015fad\u0131\u011f\u0131 toplumda bu kadar deli olup da bu kadar \u00e7ok sevilmemi\u015ftir belki de? Ve bu kadar da sayg\u0131 g\u00f6rmemi\u015ftir. Her tan\u0131yan, sever ve de sayar onu her \u015feye ra\u011fmen. Siz kamyonla gemiye \u00e7arpan biriyle tan\u0131\u015ft\u0131n\u0131z m\u0131 hi\u00e7? K\u00f6m\u00fcr y\u00fckletece\u011fi resmi plakal\u0131 kamyonla, s\u0131rf hava yapmak ve kamyonu gemiye \u201cs\u0131f\u0131r\u201d tabir edilecek \u015fekilde yana\u015ft\u0131rmak isterken mesafeyi hesaplayamay\u0131p bir gemiye bodoslama dalan biriyle ? Ger\u00e7i, daha bu k\u00fc\u00e7\u00fc\u00e7\u00fck vaka da ne ola ki ? Bu kitapta ; delili\u011fin dembekli\u011fin y\u0131k\u0131lan duvarlar\u0131nda s\u0131n\u0131rlar\u0131n\u0131 zorlayan g\u00fcn y\u00fcz\u00fc g\u00f6rmemi\u015f durumlar ve \u00ab bu kadar\u0131 da olamaz \u00bb diyece\u011finiz olaylar dizini bulacaks\u0131n\u0131z. Y\u00fcz\u00fcn\u00fczde acil g\u00fcl\u00fc\u015fler, a\u011f\u0131zlar\u0131n\u0131zda kocaman kahkahalar isteyenler ?&#8230;Bu tarafa\u2026 \u00ab Giresun\u2019un Sevgilisi Yavyum \u00bb ; sizleri bekler.<\/p>\n","protected":false},"excerpt":{"rendered":"<p>\u00c7ok deliler g\u00f6rd\u00fc, bu fani d\u00fcnya\u2026 \u00c7\u0131lg\u0131n insanlar gelip gelip ge\u00e7tiler bu d\u00fcnya sahnesinden. Ama i\u00e7lerinden hi\u00e7 biri, ya\u015fad\u0131\u011f\u0131 toplumda bu kadar deli olup da bu<span class=\"excerpt-hellip\"> [\u2026]<\/span><\/p>\n","protected":false},"featured_media":0,"template":"","meta":{"_monsterinsights_skip_tracking":false,"_monsterinsights_sitenote_active":false,"_monsterinsights_sitenote_note":"","_monsterinsights_sitenote_category":0},"product_brand":[],"product_cat":[14009,12291],"product_tag":[],"class_list":{"0":"post-721342","1":"product","2":"type-product","3":"status-publish","5":"product_cat-biyografi-otobiyografi-edebiyat","6":"product_cat-edebiyat","7":"pa_cilt-ciltsiz","8":"pa_tur-kitap","9":"pa_yayinevi-kultur-ajans-yayinlari","10":"pa_yazar-murat-akyol","12":"first","13":"instock","14":"sale","15":"shipping-taxable","16":"purchasable","17":"product-type-simple"},"_links":{"self":[{"href":"https:\/\/roveyayinevi.com.tr\/index.php\/wp-json\/wp\/v2\/product\/721342","targetHints":{"allow":["GET"]}}],"collection":[{"href":"https:\/\/roveyayinevi.com.tr\/index.php\/wp-json\/wp\/v2\/product"}],"about":[{"href":"https:\/\/roveyayinevi.com.tr\/index.php\/wp-json\/wp\/v2\/types\/product"}],"wp:attachment":[{"href":"https:\/\/roveyayinevi.com.tr\/index.php\/wp-json\/wp\/v2\/media?parent=721342"}],"wp:term":[{"taxonomy":"product_brand","embeddable":true,"href":"https:\/\/roveyayinevi.com.tr\/index.php\/wp-json\/wp\/v2\/product_brand?post=721342"},{"taxonomy":"product_cat","embeddable":true,"href":"https:\/\/roveyayinevi.com.tr\/index.php\/wp-json\/wp\/v2\/product_cat?post=721342"},{"taxonomy":"product_tag","embeddable":true,"href":"https:\/\/roveyayinevi.com.tr\/index.php\/wp-json\/wp\/v2\/product_tag?post=721342"}],"curies":[{"name":"wp","href":"https:\/\/api.w.org\/{rel}","templated":true}]}}