{"id":721341,"date":"2025-08-27T18:48:50","date_gmt":"2025-08-27T15:48:50","guid":{"rendered":"https:\/\/roveyayinevi.com.tr\/index.php\/urun\/bir-neset-turkusu\/"},"modified":"2026-04-16T02:29:20","modified_gmt":"2026-04-15T23:29:20","slug":"bir-neset-turkusu","status":"publish","type":"product","link":"https:\/\/roveyayinevi.com.tr\/index.php\/urun\/bir-neset-turkusu\/","title":{"rendered":"Bir Ne\u015fet T\u00fcrk\u00fcs\u00fc"},"content":{"rendered":"<p>bozk\u0131rda cebi delik bir bulut kulaklar\u0131mda bir Ne\u015fet t\u00fcrk\u00fcs\u00fc cahildim, rengi esmer bir \u00e7ocuk i\u00e7imde k\u0131r\u0131k bir saz\u0131n tezenesi var s\u0131rt\u0131mda mavi bir h\u00fcz\u00fcn dilimde pasl\u0131 bir ekmek sen koktuk\u00e7a sevdi\u011fim toprak g\u00fclecek   bozk\u0131rda g\u00f6zleri siyah bir ya\u011fmur kulaklar\u0131mda bir Ne\u015fet t\u00fcrk\u00fcs\u00fc cahildim, \u00fcst\u00fcmde ye\u015fil bir gocuk i\u00e7imde as\u0131lan bir denizin sevinci var s\u0131rt\u0131mda sar\u0131 bir y\u00fcz\u00fcn elimde ya\u015fl\u0131 bir ekmek sen yedik\u00e7e sevdi\u011fim toprak g\u00fclecek <\/p>\n","protected":false},"excerpt":{"rendered":"<p>bozk\u0131rda cebi delik bir bulut kulaklar\u0131mda bir Ne\u015fet t\u00fcrk\u00fcs\u00fc cahildim, rengi esmer bir \u00e7ocuk i\u00e7imde k\u0131r\u0131k bir saz\u0131n tezenesi var s\u0131rt\u0131mda mavi bir h\u00fcz\u00fcn dilimde pasl\u0131<span class=\"excerpt-hellip\"> [\u2026]<\/span><\/p>\n","protected":false},"featured_media":0,"template":"","meta":{"_monsterinsights_skip_tracking":false,"_monsterinsights_sitenote_active":false,"_monsterinsights_sitenote_note":"","_monsterinsights_sitenote_category":0},"product_brand":[],"product_cat":[12291,12509],"product_tag":[],"class_list":{"0":"post-721341","1":"product","2":"type-product","3":"status-publish","5":"product_cat-edebiyat","6":"product_cat-siir","7":"pa_cilt-ciltsiz","8":"pa_tur-kitap","9":"pa_yayinevi-luna-yayinlari","10":"pa_yazar-edip-caki","12":"first","13":"instock","14":"sale","15":"shipping-taxable","16":"purchasable","17":"product-type-simple"},"_links":{"self":[{"href":"https:\/\/roveyayinevi.com.tr\/index.php\/wp-json\/wp\/v2\/product\/721341","targetHints":{"allow":["GET"]}}],"collection":[{"href":"https:\/\/roveyayinevi.com.tr\/index.php\/wp-json\/wp\/v2\/product"}],"about":[{"href":"https:\/\/roveyayinevi.com.tr\/index.php\/wp-json\/wp\/v2\/types\/product"}],"wp:attachment":[{"href":"https:\/\/roveyayinevi.com.tr\/index.php\/wp-json\/wp\/v2\/media?parent=721341"}],"wp:term":[{"taxonomy":"product_brand","embeddable":true,"href":"https:\/\/roveyayinevi.com.tr\/index.php\/wp-json\/wp\/v2\/product_brand?post=721341"},{"taxonomy":"product_cat","embeddable":true,"href":"https:\/\/roveyayinevi.com.tr\/index.php\/wp-json\/wp\/v2\/product_cat?post=721341"},{"taxonomy":"product_tag","embeddable":true,"href":"https:\/\/roveyayinevi.com.tr\/index.php\/wp-json\/wp\/v2\/product_tag?post=721341"}],"curies":[{"name":"wp","href":"https:\/\/api.w.org\/{rel}","templated":true}]}}