{"id":721339,"date":"2025-08-27T18:48:48","date_gmt":"2025-08-27T15:48:48","guid":{"rendered":"https:\/\/roveyayinevi.com.tr\/index.php\/urun\/para-kurullari\/"},"modified":"2026-04-16T02:29:20","modified_gmt":"2026-04-15T23:29:20","slug":"para-kurullari","status":"publish","type":"product","link":"https:\/\/roveyayinevi.com.tr\/index.php\/urun\/para-kurullari\/","title":{"rendered":"Para Kurullar\u0131"},"content":{"rendered":"<p>Globalle\u015fme dalgas\u0131n\u0131n finans aya\u011f\u0131, \u00f6zellikle ekonomisi yeterince geli\u015fmemi\u015f ve ekonomik kurumlar\u0131 istikrar kazanmam\u0131\u015f \u00fclkelerde \u00f6nemli sorunlara sebep olabilmektedir. Bu sorunlar\u0131 \u00f6nlemenin yollar\u0131ndan birisinin bir para kurulu kurmak oldu\u011fu fikri yayg\u0131n bir \u015fekilde tart\u0131\u015f\u0131lmaktad\u0131r. Steve H. Hanke ve Kurt Schuler bu konunun b\u00fct\u00fcn d\u00fcnya \u00e7ap\u0131nda tan\u0131nan uzmanlar\u0131ndand\u0131r. Okuyucuya sundu\u011fumuz bu \u00e7al\u0131\u015fmada yazarlar Para Kurulu&#8217;nu \u00e7e\u015fitli y\u00f6nleriyle ele almakta ve de\u011ferlendirmektedir. Finansal krizlerden bir t\u00fcrl\u00fc kurtulamayan \u00fclkemizde Para kurulu tesis edilmesinin yararl\u0131 olup olmayaca\u011f\u0131 tart\u0131\u015fmas\u0131na bu kitap \u00e7ok \u00f6nemli katk\u0131larda bulunacakt\u0131r.<\/p>\n","protected":false},"excerpt":{"rendered":"<p>Globalle\u015fme dalgas\u0131n\u0131n finans aya\u011f\u0131, \u00f6zellikle ekonomisi yeterince geli\u015fmemi\u015f ve ekonomik kurumlar\u0131 istikrar kazanmam\u0131\u015f \u00fclkelerde \u00f6nemli sorunlara sebep olabilmektedir. Bu sorunlar\u0131 \u00f6nlemenin yollar\u0131ndan birisinin bir para kurulu<span class=\"excerpt-hellip\"> [\u2026]<\/span><\/p>\n","protected":false},"featured_media":0,"template":"","meta":{"_monsterinsights_skip_tracking":false,"_monsterinsights_sitenote_active":false,"_monsterinsights_sitenote_note":"","_monsterinsights_sitenote_category":0},"product_brand":[],"product_cat":[13044,13043],"product_tag":[],"class_list":{"0":"post-721339","1":"product","2":"type-product","3":"status-publish","5":"product_cat-dunya-ekonomisi","6":"product_cat-ekonomi","7":"pa_cilt-ciltsiz","8":"pa_tur-kitap","9":"pa_yayinevi-liberte-yayinlari","10":"pa_yazar-steve-h-hanke-kurt-schuler","12":"first","13":"instock","14":"sale","15":"shipping-taxable","16":"purchasable","17":"product-type-simple"},"_links":{"self":[{"href":"https:\/\/roveyayinevi.com.tr\/index.php\/wp-json\/wp\/v2\/product\/721339","targetHints":{"allow":["GET"]}}],"collection":[{"href":"https:\/\/roveyayinevi.com.tr\/index.php\/wp-json\/wp\/v2\/product"}],"about":[{"href":"https:\/\/roveyayinevi.com.tr\/index.php\/wp-json\/wp\/v2\/types\/product"}],"wp:attachment":[{"href":"https:\/\/roveyayinevi.com.tr\/index.php\/wp-json\/wp\/v2\/media?parent=721339"}],"wp:term":[{"taxonomy":"product_brand","embeddable":true,"href":"https:\/\/roveyayinevi.com.tr\/index.php\/wp-json\/wp\/v2\/product_brand?post=721339"},{"taxonomy":"product_cat","embeddable":true,"href":"https:\/\/roveyayinevi.com.tr\/index.php\/wp-json\/wp\/v2\/product_cat?post=721339"},{"taxonomy":"product_tag","embeddable":true,"href":"https:\/\/roveyayinevi.com.tr\/index.php\/wp-json\/wp\/v2\/product_tag?post=721339"}],"curies":[{"name":"wp","href":"https:\/\/api.w.org\/{rel}","templated":true}]}}