{"id":721338,"date":"2025-08-27T18:48:48","date_gmt":"2025-08-27T15:48:48","guid":{"rendered":"https:\/\/roveyayinevi.com.tr\/index.php\/urun\/sampiyon-geni\/"},"modified":"2026-04-16T02:29:20","modified_gmt":"2026-04-15T23:29:20","slug":"sampiyon-geni","status":"publish","type":"product","link":"https:\/\/roveyayinevi.com.tr\/index.php\/urun\/sampiyon-geni\/","title":{"rendered":"\u015eampiyon Geni"},"content":{"rendered":"<p>Boynunda as\u0131l\u0131 kramponlar\u0131, bileklerine kadar inmi\u015f tozluklar\u0131yla kan ter i\u00e7inde antrenmandan evine d\u00f6nen k\u00fc\u00e7\u00fck bir \u00e7ocuk d\u00fc\u015f\u00fcn\u00fcn&#8230; Tek hayali s\u0131rt\u0131nda ta\u015f\u0131d\u0131\u011f\u0131 formada ismi yazan futbolcu gibi olabilmek. D\u00fc\u015fledi\u011fi yere ula\u015fmak i\u00e7in \u00e7\u0131kt\u0131\u011f\u0131 uzun seyahatte sahip oldu\u011fu genler, onun yolunu mu a\u00e7acak yoksa yoluna ta\u015flar m\u0131 d\u00f6\u015feyecek? \u201c\u015eampiyon\u201d kimdir? Do\u011fu\u015ftan \u015fansl\u0131 olan m\u0131, \u00e7ok \u00e7al\u0131\u015fan m\u0131? \u201c\u015eampiyon geni\u201d ger\u00e7ekten var m\u0131? Neden baz\u0131 sporcular daha lider ruhludur, baz\u0131lar\u0131ysa kurallar\u0131 s\u00fcrekli ihlal eder? Neden baz\u0131 futbolcular hep k\u0131rm\u0131z\u0131 kart g\u00f6r\u00fcr? Oyun d\u0131\u015f\u0131 kalmak onlar\u0131n genlerinde mi yaz\u0131l\u0131d\u0131r? Gene y\u00f6nelik beslenme ve psikolojik destek nas\u0131l sa\u011flan\u0131r? Ki\u015fiye \u00f6zel do\u011fru antrenman metodu nas\u0131l bulunur? Ba\u011f\u0131ml\u0131l\u0131klardan kurtulmak i\u00e7in do\u011fru egzersiz var m\u0131d\u0131r? \u201cGen dopingi\u201d nedir? Hangi genlere doping uygulamak m\u00fcmk\u00fcnd\u00fcr? Genetik uzman\u0131 Korkut Ulucan, y\u0131llard\u0131r molek\u00fcler genetik \u00fczerine yapt\u0131\u011f\u0131 \u00e7al\u0131\u015fmalar\u0131n \u015fa\u015f\u0131rt\u0131c\u0131 sonu\u00e7lar\u0131n\u0131 kaleme al\u0131yor bu kitab\u0131nda. Konsantrasyonun, \u00f6d\u00fcl odakl\u0131 olman\u0131n, depresyonun, h\u0131z\u0131n, zaferin ve yenilginin insan geninde gizlenen \u015fifrelerini ve genetik biliminin bu yeni ke\u015ffedilen alan\u0131n\u0131n b\u00fct\u00fcn bir hayat\u0131 nas\u0131l etkileyebildi\u011fini bilimsel verilerle ortaya koyuyor. <\/p>\n","protected":false},"excerpt":{"rendered":"<p>Boynunda as\u0131l\u0131 kramponlar\u0131, bileklerine kadar inmi\u015f tozluklar\u0131yla kan ter i\u00e7inde antrenmandan evine d\u00f6nen k\u00fc\u00e7\u00fck bir \u00e7ocuk d\u00fc\u015f\u00fcn\u00fcn&#8230; Tek hayali s\u0131rt\u0131nda ta\u015f\u0131d\u0131\u011f\u0131 formada ismi yazan futbolcu gibi<span class=\"excerpt-hellip\"> [\u2026]<\/span><\/p>\n","protected":false},"featured_media":0,"template":"","meta":{"_monsterinsights_skip_tracking":false,"_monsterinsights_sitenote_active":false,"_monsterinsights_sitenote_note":"","_monsterinsights_sitenote_category":0},"product_brand":[],"product_cat":[12831,12324],"product_tag":[],"class_list":{"0":"post-721338","1":"product","2":"type-product","3":"status-publish","5":"product_cat-aile-ve-cocuk","6":"product_cat-sosyoloji","7":"pa_cilt-ciltsiz","8":"pa_tur-kitap","9":"pa_yayinevi-destek-yayinlari","10":"pa_yazar-korkut-ulucan","12":"first","13":"instock","14":"sale","15":"shipping-taxable","16":"purchasable","17":"product-type-simple"},"_links":{"self":[{"href":"https:\/\/roveyayinevi.com.tr\/index.php\/wp-json\/wp\/v2\/product\/721338","targetHints":{"allow":["GET"]}}],"collection":[{"href":"https:\/\/roveyayinevi.com.tr\/index.php\/wp-json\/wp\/v2\/product"}],"about":[{"href":"https:\/\/roveyayinevi.com.tr\/index.php\/wp-json\/wp\/v2\/types\/product"}],"wp:attachment":[{"href":"https:\/\/roveyayinevi.com.tr\/index.php\/wp-json\/wp\/v2\/media?parent=721338"}],"wp:term":[{"taxonomy":"product_brand","embeddable":true,"href":"https:\/\/roveyayinevi.com.tr\/index.php\/wp-json\/wp\/v2\/product_brand?post=721338"},{"taxonomy":"product_cat","embeddable":true,"href":"https:\/\/roveyayinevi.com.tr\/index.php\/wp-json\/wp\/v2\/product_cat?post=721338"},{"taxonomy":"product_tag","embeddable":true,"href":"https:\/\/roveyayinevi.com.tr\/index.php\/wp-json\/wp\/v2\/product_tag?post=721338"}],"curies":[{"name":"wp","href":"https:\/\/api.w.org\/{rel}","templated":true}]}}