{"id":721337,"date":"2025-08-27T18:48:47","date_gmt":"2025-08-27T15:48:47","guid":{"rendered":"https:\/\/roveyayinevi.com.tr\/index.php\/urun\/mimarlik-cep-sozlugu\/"},"modified":"2026-04-16T02:29:20","modified_gmt":"2026-04-15T23:29:20","slug":"mimarlik-cep-sozlugu","status":"publish","type":"product","link":"https:\/\/roveyayinevi.com.tr\/index.php\/urun\/mimarlik-cep-sozlugu\/","title":{"rendered":"Mimarl\u0131k Cep S\u00f6zl\u00fc\u011f\u00fc"},"content":{"rendered":"<p>Mimarl\u0131k Cep S\u00f6zl\u00fc\u011f\u00fc, Do\u011fan Hasol\u2019un k\u0131rk k\u00fcs\u00fcr y\u0131la yay\u0131lan yo\u011fun ve titiz \u00e7al\u0131\u015fmas\u0131n\u0131n \u00fcr\u00fcn\u00fc olan Ansiklopedik Mimarl\u0131k S\u00f6zl\u00fc\u011f\u00fc\u2019n\u00fcn \u00f6z\u00fcn\u00fc dam\u0131t\u0131p farkl\u0131 bir anlay\u0131\u015fla yorumlamas\u0131n\u0131n bir\u00fcr\u00fcn\u00fc olarak ortaya \u00e7\u0131kt\u0131.Boyutlar\u0131yla kolay kullan\u0131m olana\u011f\u0131 veren Mimarl\u0131k Cep S\u00f6zl\u00fc\u011f\u00fc mimarlar ve mimarl\u0131k \u00f6\u011frencileri i\u00e7in oldu\u011fu kadar mimarl\u0131\u011fa, sanata ve tasar\u0131ma ilgi duyanlar\u0131n yan\u0131s\u0131ra yak\u0131n meslek dallar\u0131nda \u00e7al\u0131\u015fanlar\u0131n da rahatl\u0131kla yararlanabilece\u011fi \u015fekilde, kapsay\u0131c\u0131 ve yo\u011fun bir i\u00e7eri\u011fe sahip.Yakla\u015f\u0131k 3.000 maddeden olu\u015fan s\u00f6zl\u00fckte, a\u00e7\u0131klamalar\u0131 desteklemek amac\u0131yla 400\u2019e yak\u0131n \u00e7izim ve foto\u011fraf bulunuyor.<\/p>\n","protected":false},"excerpt":{"rendered":"<p>Mimarl\u0131k Cep S\u00f6zl\u00fc\u011f\u00fc, Do\u011fan Hasol\u2019un k\u0131rk k\u00fcs\u00fcr y\u0131la yay\u0131lan yo\u011fun ve titiz \u00e7al\u0131\u015fmas\u0131n\u0131n \u00fcr\u00fcn\u00fc olan Ansiklopedik Mimarl\u0131k S\u00f6zl\u00fc\u011f\u00fc\u2019n\u00fcn \u00f6z\u00fcn\u00fc dam\u0131t\u0131p farkl\u0131 bir anlay\u0131\u015fla yorumlamas\u0131n\u0131n bir\u00fcr\u00fcn\u00fc olarak<span class=\"excerpt-hellip\"> [\u2026]<\/span><\/p>\n","protected":false},"featured_media":0,"template":"","meta":{"_monsterinsights_skip_tracking":false,"_monsterinsights_sitenote_active":false,"_monsterinsights_sitenote_note":"","_monsterinsights_sitenote_category":0},"product_brand":[],"product_cat":[13512,12408],"product_tag":[],"class_list":{"0":"post-721337","1":"product","2":"type-product","3":"status-publish","5":"product_cat-mimarlik","6":"product_cat-sanat","7":"pa_cilt-ciltsiz","8":"pa_tur-kitap","9":"pa_yayinevi-remzi-kitabevi","10":"pa_yazar-dogan-hasol","12":"first","13":"instock","14":"sale","15":"shipping-taxable","16":"purchasable","17":"product-type-simple"},"_links":{"self":[{"href":"https:\/\/roveyayinevi.com.tr\/index.php\/wp-json\/wp\/v2\/product\/721337","targetHints":{"allow":["GET"]}}],"collection":[{"href":"https:\/\/roveyayinevi.com.tr\/index.php\/wp-json\/wp\/v2\/product"}],"about":[{"href":"https:\/\/roveyayinevi.com.tr\/index.php\/wp-json\/wp\/v2\/types\/product"}],"wp:attachment":[{"href":"https:\/\/roveyayinevi.com.tr\/index.php\/wp-json\/wp\/v2\/media?parent=721337"}],"wp:term":[{"taxonomy":"product_brand","embeddable":true,"href":"https:\/\/roveyayinevi.com.tr\/index.php\/wp-json\/wp\/v2\/product_brand?post=721337"},{"taxonomy":"product_cat","embeddable":true,"href":"https:\/\/roveyayinevi.com.tr\/index.php\/wp-json\/wp\/v2\/product_cat?post=721337"},{"taxonomy":"product_tag","embeddable":true,"href":"https:\/\/roveyayinevi.com.tr\/index.php\/wp-json\/wp\/v2\/product_tag?post=721337"}],"curies":[{"name":"wp","href":"https:\/\/api.w.org\/{rel}","templated":true}]}}