{"id":721334,"date":"2025-08-27T18:48:45","date_gmt":"2025-08-27T15:48:45","guid":{"rendered":"https:\/\/roveyayinevi.com.tr\/index.php\/urun\/guc-bende-artik\/"},"modified":"2026-04-07T02:37:51","modified_gmt":"2026-04-06T23:37:51","slug":"guc-bende-artik","status":"publish","type":"product","link":"https:\/\/roveyayinevi.com.tr\/index.php\/urun\/guc-bende-artik\/","title":{"rendered":"G\u00fc\u00e7 Bende Art\u0131k!"},"content":{"rendered":"<p>Bug\u00fcne dek ger\u00e7ekle\u015fmesini arzu etti\u011finiz herhangi bir \u015fey i\u00e7in kendinize \u00e7e\u015fitli mazeretler g\u00f6stererek vazge\u00e7ti\u011finiz oldu mu?   Ya da \u00e7evrenizdeki birinin onaylamayan yakla\u015f\u0131m\u0131nda etkilenerek kurdu\u011funuz hayalinize olan inanc\u0131n\u0131z\u0131 yitirdiniz mi?   Peki, ula\u015fmay\u0131 istedi\u011finiz d\u00fc\u015fleriniz konusunda ne yapaca\u011f\u0131n\u0131z\u0131 bilemedi\u011finizden cesaretiniz k\u0131r\u0131ld\u0131 m\u0131?   Evet, hayat\u0131n\u0131z\u0131n hangi alan\u0131nda olursa olsun, \u00f6zledi\u011finiz d\u00fc\u015fleriniz i\u00e7in art\u0131k ad\u0131m atma zaman\u0131 geldi.  Hayal kurup, giri\u015fimde bulunarak ve de\u011ferlerinizle ilerleyerek, ger\u00e7ekle\u015ftirmek istedikleriniz i\u00e7in g\u00fc\u00e7l\u00fc ve g\u00fcven dolu bir yolculu\u011fa \u00e7\u0131kabilirsiniz.   Hayallerine ula\u015fmak i\u00e7in \u00e7abalayan ancak bir t\u00fcrl\u00fc sonuca ula\u015famayanlardansan\u0131z bu kitap tam da size g\u00f6re bir re\u00e7ete sunuyor. Rotas\u0131n\u0131 bu sefer ba\u015far\u0131 \u00fczerine \u00e7eviren Ak\u0131n Al\u0131c\u0131, ba\u015far\u0131n\u0131n olmazsa olmaz \u00fc\u00e7 stratejik ad\u0131m\u0131n\u0131 payla\u015f\u0131yor. H\u00e2l\u00e2 korkuyor, ne yapaca\u011f\u0131n\u0131z\u0131 bilmiyor hatta ad\u0131m atmaya \u00e7ekiniyorsan\u0131z d\u00fc\u015flerinizin ve g\u00fcc\u00fcn\u00fcz\u00fcn fark\u0131na varmak i\u00e7in \u00e7evirin sayfalar\u0131. <\/p>\n","protected":false},"excerpt":{"rendered":"<p>Bug\u00fcne dek ger\u00e7ekle\u015fmesini arzu etti\u011finiz herhangi bir \u015fey i\u00e7in kendinize \u00e7e\u015fitli mazeretler g\u00f6stererek vazge\u00e7ti\u011finiz oldu mu? Ya da \u00e7evrenizdeki birinin onaylamayan yakla\u015f\u0131m\u0131nda etkilenerek kurdu\u011funuz hayalinize olan<span class=\"excerpt-hellip\"> [\u2026]<\/span><\/p>\n","protected":false},"featured_media":0,"template":"","meta":{"_monsterinsights_skip_tracking":false,"_monsterinsights_sitenote_active":false,"_monsterinsights_sitenote_note":"","_monsterinsights_sitenote_category":0},"product_brand":[],"product_cat":[12364,12376],"product_tag":[],"class_list":{"0":"post-721334","1":"product","2":"type-product","3":"status-publish","5":"product_cat-genel-konular","6":"product_cat-kisisel-gelisim","7":"pa_cilt-ciltsiz","8":"pa_tur-kitap","9":"pa_yayinevi-elma-yayinevi","10":"pa_yazar-akin-alici","12":"first","13":"instock","14":"sale","15":"shipping-taxable","16":"purchasable","17":"product-type-simple"},"_links":{"self":[{"href":"https:\/\/roveyayinevi.com.tr\/index.php\/wp-json\/wp\/v2\/product\/721334","targetHints":{"allow":["GET"]}}],"collection":[{"href":"https:\/\/roveyayinevi.com.tr\/index.php\/wp-json\/wp\/v2\/product"}],"about":[{"href":"https:\/\/roveyayinevi.com.tr\/index.php\/wp-json\/wp\/v2\/types\/product"}],"wp:attachment":[{"href":"https:\/\/roveyayinevi.com.tr\/index.php\/wp-json\/wp\/v2\/media?parent=721334"}],"wp:term":[{"taxonomy":"product_brand","embeddable":true,"href":"https:\/\/roveyayinevi.com.tr\/index.php\/wp-json\/wp\/v2\/product_brand?post=721334"},{"taxonomy":"product_cat","embeddable":true,"href":"https:\/\/roveyayinevi.com.tr\/index.php\/wp-json\/wp\/v2\/product_cat?post=721334"},{"taxonomy":"product_tag","embeddable":true,"href":"https:\/\/roveyayinevi.com.tr\/index.php\/wp-json\/wp\/v2\/product_tag?post=721334"}],"curies":[{"name":"wp","href":"https:\/\/api.w.org\/{rel}","templated":true}]}}