{"id":721330,"date":"2025-08-27T18:48:42","date_gmt":"2025-08-27T15:48:42","guid":{"rendered":"https:\/\/roveyayinevi.com.tr\/index.php\/urun\/karacam-ormaninda\/"},"modified":"2026-04-16T02:29:20","modified_gmt":"2026-04-15T23:29:20","slug":"karacam-ormaninda","status":"publish","type":"product","link":"https:\/\/roveyayinevi.com.tr\/index.php\/urun\/karacam-ormaninda\/","title":{"rendered":"Kara\u00e7am Orman\u0131&#8217;nda"},"content":{"rendered":"<p>Pen International&#8217;\u0131n daveti \u00fczerine, iki yazar, kad\u0131n yazar\u0131n Kara\u00e7am Orman\u0131&#8217;ndaki evinde bir araya gelir. Cezaevi, s\u00fcrg\u00fcn, g\u00f6\u00e7 gibi kapat\u0131lma ve cezaland\u0131rma deneyimlerinin ard\u0131ndan \u0131ss\u0131z bir orman k\u00f6y\u00fcnde bulu\u015fan bu iki yazar\u0131n diyalo\u011fu, bir yazar\u0131n devlet ve toplum eliyle ad\u0131m ad\u0131m sessizle\u015ftirilmesinin ve Kara\u00e7am Orman\u0131&#8217;n\u0131n \u0131ss\u0131zl\u0131\u011f\u0131nda, kendi sesini kaybedi\u015finin hikayesiyle \u00e7ak\u0131\u015f\u0131r.Fatih Balk\u0131\u015f d\u00f6rd\u00fcnc\u00fc roman\u0131nda zihnin karanl\u0131k orman\u0131nda ve \u015fiddetin k\u00f6r co\u011frafyas\u0131nda okuru felsefi ve edebi bir yolculu\u011fa \u00e7\u0131kar\u0131yor. Kara\u00e7am Orman\u0131&#8217;nda yank\u0131lanan \u00e7\u0131\u011fl\u0131\u011f\u0131 duymak isteyenler i\u00e7in&#8230;<\/p>\n","protected":false},"excerpt":{"rendered":"<p>Pen International&#8217;\u0131n daveti \u00fczerine, iki yazar, kad\u0131n yazar\u0131n Kara\u00e7am Orman\u0131&#8217;ndaki evinde bir araya gelir. Cezaevi, s\u00fcrg\u00fcn, g\u00f6\u00e7 gibi kapat\u0131lma ve cezaland\u0131rma deneyimlerinin ard\u0131ndan \u0131ss\u0131z bir orman<span class=\"excerpt-hellip\"> [\u2026]<\/span><\/p>\n","protected":false},"featured_media":0,"template":"","meta":{"_monsterinsights_skip_tracking":false,"_monsterinsights_sitenote_active":false,"_monsterinsights_sitenote_note":"","_monsterinsights_sitenote_category":0},"product_brand":[],"product_cat":[12291,12711],"product_tag":[],"class_list":{"0":"post-721330","1":"product","2":"type-product","3":"status-publish","5":"product_cat-edebiyat","6":"product_cat-roman-oyku","7":"pa_cilt-ciltsiz","8":"pa_tur-kitap","9":"pa_yayinevi-kafka-yayinevi","10":"pa_yazar-fatih-balkis","12":"first","13":"instock","14":"sale","15":"shipping-taxable","16":"purchasable","17":"product-type-simple"},"_links":{"self":[{"href":"https:\/\/roveyayinevi.com.tr\/index.php\/wp-json\/wp\/v2\/product\/721330","targetHints":{"allow":["GET"]}}],"collection":[{"href":"https:\/\/roveyayinevi.com.tr\/index.php\/wp-json\/wp\/v2\/product"}],"about":[{"href":"https:\/\/roveyayinevi.com.tr\/index.php\/wp-json\/wp\/v2\/types\/product"}],"wp:attachment":[{"href":"https:\/\/roveyayinevi.com.tr\/index.php\/wp-json\/wp\/v2\/media?parent=721330"}],"wp:term":[{"taxonomy":"product_brand","embeddable":true,"href":"https:\/\/roveyayinevi.com.tr\/index.php\/wp-json\/wp\/v2\/product_brand?post=721330"},{"taxonomy":"product_cat","embeddable":true,"href":"https:\/\/roveyayinevi.com.tr\/index.php\/wp-json\/wp\/v2\/product_cat?post=721330"},{"taxonomy":"product_tag","embeddable":true,"href":"https:\/\/roveyayinevi.com.tr\/index.php\/wp-json\/wp\/v2\/product_tag?post=721330"}],"curies":[{"name":"wp","href":"https:\/\/api.w.org\/{rel}","templated":true}]}}