{"id":721322,"date":"2025-08-27T18:48:34","date_gmt":"2025-08-27T15:48:34","guid":{"rendered":"https:\/\/roveyayinevi.com.tr\/index.php\/urun\/ilk-kuantum-fizigi-kitabim-ciltli\/"},"modified":"2026-04-16T02:29:20","modified_gmt":"2026-04-15T23:29:20","slug":"ilk-kuantum-fizigi-kitabim-ciltli","status":"publish","type":"product","link":"https:\/\/roveyayinevi.com.tr\/index.php\/urun\/ilk-kuantum-fizigi-kitabim-ciltli\/","title":{"rendered":"\u0130lk Kuantum Fizi\u011fi Kitab\u0131m (Ciltli)"},"content":{"rendered":"<p>Kuantum fizi\u011fi anlamak hi\u00e7 bu kadar kolay olmam\u0131\u015ft\u0131!Etraf\u0131m\u0131zdaki her \u015fey; a\u011fa\u00e7lar, kayalar, \u0131\u015f\u0131k ve hatta insanlar \u00e7ok ama \u00e7ok k\u00fc\u00e7\u00fck par\u00e7ac\u0131klardan olu\u015fuyor. Madde ve enerjiden olu\u015fan bu mikroskobik evreni ger\u00e7ekten garip ve \u015fa\u015f\u0131rt\u0131c\u0131 yasalar y\u00f6netiyor.\u0130lk Kuantum Fizi\u011fi Kitab\u0131m, bu neredeyse sihirli evrende olup biteni rahat\u00e7a anlaman\u0131z ve anlad\u0131k\u00e7a hayrete kap\u0131lman\u0131z i\u00e7in tasarland\u0131.Newton\u2019dan Marie Curie\u2019ye ve hatta Schr\u00f6dinger\u2019in kedisine, bilimi de\u011fi\u015ftirmi\u015f pek \u00e7ok karakterin sahne alaca\u011f\u0131 bu kitap sizi atomlarla, olas\u0131l\u0131k dalgalar\u0131yla, periyodik tabloyla, antimadde ve radyoaktiviteyle tan\u0131\u015ft\u0131racak, t\u00fcm bunlar\u0131 zorlu ders konular\u0131 olmaktan \u00e7\u0131karacak.2019 y\u0131l\u0131nda bilim temal\u0131 \u00e7ocuk ve gen\u00e7lik kitaplar\u0131na verilen SB&amp;F \u00d6d\u00fcl\u00fc finalisti olan \u0130lk Kuantum Fizi\u011fi Kitab\u0131m, 10 ya\u015f ve \u00fcst\u00fc \u00e7ocuklara ve t\u00fcm merakl\u0131 yeti\u015fkinlere karma\u015f\u0131k g\u00f6r\u00fcnen fizik konular\u0131n\u0131 en basit ve en e\u011flenceli bi\u00e7imde a\u00e7\u0131klamak i\u00e7in harika bir ba\u015flang\u0131\u00e7 kitab\u0131.<\/p>\n","protected":false},"excerpt":{"rendered":"<p>Kuantum fizi\u011fi anlamak hi\u00e7 bu kadar kolay olmam\u0131\u015ft\u0131!Etraf\u0131m\u0131zdaki her \u015fey; a\u011fa\u00e7lar, kayalar, \u0131\u015f\u0131k ve hatta insanlar \u00e7ok ama \u00e7ok k\u00fc\u00e7\u00fck par\u00e7ac\u0131klardan olu\u015fuyor. Madde ve enerjiden olu\u015fan<span class=\"excerpt-hellip\"> [\u2026]<\/span><\/p>\n","protected":false},"featured_media":0,"template":"","meta":{"_monsterinsights_skip_tracking":false,"_monsterinsights_sitenote_active":false,"_monsterinsights_sitenote_note":"","_monsterinsights_sitenote_category":0},"product_brand":[],"product_cat":[13829,12274],"product_tag":[],"class_list":{"0":"post-721322","1":"product","2":"type-product","3":"status-publish","5":"product_cat-bilimsel-kitaplar","6":"product_cat-cocuk-ve-genclik-kitaplari","7":"pa_cilt-ciltli","8":"pa_tur-kitap","9":"pa_yayinevi-domingo-yayinevi","10":"pa_yazar-sheddad-kaid-salah-ferron","12":"first","13":"instock","14":"sale","15":"shipping-taxable","16":"purchasable","17":"product-type-simple"},"_links":{"self":[{"href":"https:\/\/roveyayinevi.com.tr\/index.php\/wp-json\/wp\/v2\/product\/721322","targetHints":{"allow":["GET"]}}],"collection":[{"href":"https:\/\/roveyayinevi.com.tr\/index.php\/wp-json\/wp\/v2\/product"}],"about":[{"href":"https:\/\/roveyayinevi.com.tr\/index.php\/wp-json\/wp\/v2\/types\/product"}],"wp:attachment":[{"href":"https:\/\/roveyayinevi.com.tr\/index.php\/wp-json\/wp\/v2\/media?parent=721322"}],"wp:term":[{"taxonomy":"product_brand","embeddable":true,"href":"https:\/\/roveyayinevi.com.tr\/index.php\/wp-json\/wp\/v2\/product_brand?post=721322"},{"taxonomy":"product_cat","embeddable":true,"href":"https:\/\/roveyayinevi.com.tr\/index.php\/wp-json\/wp\/v2\/product_cat?post=721322"},{"taxonomy":"product_tag","embeddable":true,"href":"https:\/\/roveyayinevi.com.tr\/index.php\/wp-json\/wp\/v2\/product_tag?post=721322"}],"curies":[{"name":"wp","href":"https:\/\/api.w.org\/{rel}","templated":true}]}}