{"id":721321,"date":"2025-08-27T18:48:33","date_gmt":"2025-08-27T15:48:33","guid":{"rendered":"https:\/\/roveyayinevi.com.tr\/index.php\/urun\/conan-cilt-1-2\/"},"modified":"2026-04-03T02:35:38","modified_gmt":"2026-04-02T23:35:38","slug":"conan-cilt-1-2","status":"publish","type":"product","link":"https:\/\/roveyayinevi.com.tr\/index.php\/urun\/conan-cilt-1-2\/","title":{"rendered":"Conan (Cilt 1)"},"content":{"rendered":"<p>Conan: Cilt 1 ile birlikte Conan\u2019\u0131n t\u00fcm maceralar\u0131n\u0131n ilk k\u0131sm\u0131 bir araya geliyor. \u0130ki ciltten olu\u015facak Conan derlemesiyle birlikte \u0130thaki Yay\u0131nlar\u0131 k\u0131l\u0131\u00e7 ve b\u00fcy\u00fc t\u00fcr\u00fcn\u00fcn klasiklerini okurlarla bulu\u015fturmaya y\u0131llar sonra yeniden ba\u015fl\u0131yor.Bizim d\u00fcnyam\u0131zda; Atlantis\u2019in \u00e7\u00f6k\u00fc\u015f\u00fcn\u00fcn sonras\u0131 ama bilinen tarihin \u00f6ncesi. Birbiriyle s\u00fcrekli sava\u015f halinde olan devletlerin mahvetti\u011fi bir co\u011frafyada d\u00fcnyaya geldi Conan. Kuzeyin ac\u0131mas\u0131z topraklar\u0131nda bir demir gibi d\u00f6v\u00fcld\u00fc, sonra medeniyete ayak bast\u0131. Bir h\u0131rs\u0131z olarak kendine isim yapt\u0131, bir korsan olarak kay\u0131p \u015fehirler ke\u015ffetti, bir macerac\u0131 olarak binbir farkl\u0131 tehlikeye at\u0131ld\u0131, bir komutan olarak b\u00fcy\u00fck zaferler kazand\u0131 ve bir kral olarak devletlere h\u00fckmetti.Fantastik edebiyat\u0131n en me\u015fhur karakterlerinden barbar Conan, ilk yay\u0131mland\u0131\u011f\u0131 tarihten itibaren bir\u00e7ok yazara ilham verdi, bir\u00e7ok okurun hayal d\u00fcnyalar\u0131n\u0131 s\u00fcsledi. Pop\u00fcler k\u00fclt\u00fcr\u00fcn de b\u00fcy\u00fck bir par\u00e7as\u0131 haline gelen Conan\u2019\u0131n filmleri, oyunlar\u0131, \u00e7izgi romanlar\u0131 yap\u0131ld\u0131; onlarca yazar bir\u00e7ok maceras\u0131n\u0131 kaleme ald\u0131. Yaz\u0131lmas\u0131n\u0131n \u00fczerinden onlarca y\u0131l ge\u00e7mesine ra\u011fmen Conan h\u00e2l\u00e2 kitleleri etkilemeye devam ediyor.\u201cKimse \u015fiddeti ve vah\u015feti ondan iyi k\u00e2\u011f\u0131da d\u00f6kemezdi; sava\u015f sahneleri, sava\u015f zamanlar\u0131nda olsa ona \u015fan getirecek bir askeri dehay\u0131 ortaya koyuyor.\u201d- H. P. Lovecraft\u201cFantastik edebiyat hayranlar\u0131n\u0131n t\u00fcr\u00fcn klasiklerini okumalar\u0131n\u0131 tavsiye ederim: Elbette okumad\u0131ysan\u0131z Tolkien\u2019i kesinlikle okuyun ve Robert E. Howard\u2019\u0131n kaleminden \u00e7\u0131kan Conan \u00f6yk\u00fclerini.\u201d- George R. R. Martin\u201cRobert E. Howard\u2019\u0131n kalemi \u00f6yle elektrik y\u00fckl\u00fc ki neredeyse k\u0131v\u0131lc\u0131m \u00e7\u0131karacak.\u201d- Stephen King\u201cBir\u00e7ok k\u0131l\u0131\u00e7 ve b\u00fcy\u00fc yazar\u0131n\u0131n bir daha Conan gibisinin gelmeyece\u011fini s\u00f6yledi\u011fini duyabilirsiniz. Robert E. Howard\u2019\u0131n e\u015fsiz fikirleri vard\u0131 ve bunlar\u0131, ondan ba\u015fkas\u0131n\u0131n ger\u00e7ek anlamda i\u015fleyebilece\u011fini sanm\u0131yorum.\u201d- Brandon Sanderson\u201cHoward\u2019\u0131n \u00f6yk\u00fcleri karanl\u0131k birer \u015fiire benzer; r\u00fcyalar\u0131n zamans\u0131z hakikatine sahiptir. Bu y\u00fczden g\u00fcn\u00fcm\u00fczde de bu \u00f6yk\u00fclere ra\u011fbet var. Bu \u00f6yk\u00fcler, \u015fair ve hayalperest Robert E. Howard\u2019a yak\u0131\u015fan bir miras.\u201d- Robert Bloch\u201cBu t\u00fcrde, Robert E. Howard\u2019\u0131n sanat\u00e7\u0131l\u0131\u011f\u0131n\u0131 a\u015fman\u0131n zor oldu\u011funu d\u00fc\u015f\u00fcn\u00fcyorum.\u201d- Poul Anderson\u201cRobert E. Howard birka\u00e7 f\u0131r\u00e7a darbesiyle b\u00fct\u00fcn bir sahneyi resmedebiliyor.\u201d- Michael Moorcock<\/p>\n","protected":false},"excerpt":{"rendered":"<p>Conan: Cilt 1 ile birlikte Conan\u2019\u0131n t\u00fcm maceralar\u0131n\u0131n ilk k\u0131sm\u0131 bir araya geliyor. \u0130ki ciltten olu\u015facak Conan derlemesiyle birlikte \u0130thaki Yay\u0131nlar\u0131 k\u0131l\u0131\u00e7 ve b\u00fcy\u00fc t\u00fcr\u00fcn\u00fcn klasiklerini<span class=\"excerpt-hellip\"> [\u2026]<\/span><\/p>\n","protected":false},"featured_media":0,"template":"","meta":{"_monsterinsights_skip_tracking":false,"_monsterinsights_sitenote_active":false,"_monsterinsights_sitenote_note":"","_monsterinsights_sitenote_category":0},"product_brand":[],"product_cat":[12291,12711],"product_tag":[],"class_list":{"0":"post-721321","1":"product","2":"type-product","3":"status-publish","5":"product_cat-edebiyat","6":"product_cat-roman-oyku","7":"pa_cilt-ciltli","8":"pa_tur-kitap","9":"pa_yayinevi-ithaki-yayinlari","10":"pa_yazar-robert-e-howard","12":"first","13":"instock","14":"sale","15":"shipping-taxable","16":"purchasable","17":"product-type-simple"},"_links":{"self":[{"href":"https:\/\/roveyayinevi.com.tr\/index.php\/wp-json\/wp\/v2\/product\/721321","targetHints":{"allow":["GET"]}}],"collection":[{"href":"https:\/\/roveyayinevi.com.tr\/index.php\/wp-json\/wp\/v2\/product"}],"about":[{"href":"https:\/\/roveyayinevi.com.tr\/index.php\/wp-json\/wp\/v2\/types\/product"}],"wp:attachment":[{"href":"https:\/\/roveyayinevi.com.tr\/index.php\/wp-json\/wp\/v2\/media?parent=721321"}],"wp:term":[{"taxonomy":"product_brand","embeddable":true,"href":"https:\/\/roveyayinevi.com.tr\/index.php\/wp-json\/wp\/v2\/product_brand?post=721321"},{"taxonomy":"product_cat","embeddable":true,"href":"https:\/\/roveyayinevi.com.tr\/index.php\/wp-json\/wp\/v2\/product_cat?post=721321"},{"taxonomy":"product_tag","embeddable":true,"href":"https:\/\/roveyayinevi.com.tr\/index.php\/wp-json\/wp\/v2\/product_tag?post=721321"}],"curies":[{"name":"wp","href":"https:\/\/api.w.org\/{rel}","templated":true}]}}