{"id":721320,"date":"2025-08-27T18:48:33","date_gmt":"2025-08-27T15:48:33","guid":{"rendered":"https:\/\/roveyayinevi.com.tr\/index.php\/urun\/kifayetsiz-pastoral\/"},"modified":"2026-04-16T02:29:20","modified_gmt":"2026-04-15T23:29:20","slug":"kifayetsiz-pastoral","status":"publish","type":"product","link":"https:\/\/roveyayinevi.com.tr\/index.php\/urun\/kifayetsiz-pastoral\/","title":{"rendered":"Kifayetsiz Pastoral"},"content":{"rendered":"<p>Yazar ve y\u00f6netmen R\u0131za K\u0131ra\u00e7, Kifayetsiz Pastoral\u2019de, T\u00fcrkiye sinemas\u0131 ile \u201cpolitika\u201d aras\u0131ndaki \u00e7etrefil ili\u015fkiyi derinlemesine inceliyor. K\u0131ra\u00e7, \u201cY\u00f6netmenlerin sinema dilini etkileyen \u2018politik\u2019 fakt\u00f6rler ve olaylar neler? Sineman\u0131n kendisi konjonkt\u00fcr\u00fc etkileyebilir mi? T\u00fcrkiye gibi bir \u00fclkede apolitik sinema m\u00fcmk\u00fcn m\u00fc?\u201d gibi bir\u00e7ok soruyu T\u00fcrkiye ve d\u00fcnya ekseninde cevapl\u0131yor. Ayr\u0131ca, T\u00fcrkiye sinemas\u0131nda \u00f6zellikle Nuri Bilge Ceylan, Zeki Demirkubuz, Semih Kaplano\u011flu, Reha Erdem ve Tayfun Pirselimo\u011flu gibi bir\u00e7ok y\u00f6netmenin filmleriyle ta\u015fraya d\u00f6nmesinin ya da ta\u015fra esteti\u011fini filmlerine ta\u015f\u0131mas\u0131n\u0131n nedenlerinin pe\u015fine d\u00fc\u015f\u00fcyor.Kifayetsiz Pastoral, T\u00fcrkiye sinemas\u0131na farkl\u0131 bir pencereden bakman\u0131z\u0131 sa\u011flayacak, de\u011ferli bir eser.<\/p>\n","protected":false},"excerpt":{"rendered":"<p>Yazar ve y\u00f6netmen R\u0131za K\u0131ra\u00e7, Kifayetsiz Pastoral\u2019de, T\u00fcrkiye sinemas\u0131 ile \u201cpolitika\u201d aras\u0131ndaki \u00e7etrefil ili\u015fkiyi derinlemesine inceliyor. K\u0131ra\u00e7, \u201cY\u00f6netmenlerin sinema dilini etkileyen \u2018politik\u2019 fakt\u00f6rler ve olaylar neler?<span class=\"excerpt-hellip\"> [\u2026]<\/span><\/p>\n","protected":false},"featured_media":0,"template":"","meta":{"_monsterinsights_skip_tracking":false,"_monsterinsights_sitenote_active":false,"_monsterinsights_sitenote_note":"","_monsterinsights_sitenote_category":0},"product_brand":[],"product_cat":[12409,12408],"product_tag":[],"class_list":{"0":"post-721320","1":"product","2":"type-product","3":"status-publish","5":"product_cat-fotograf-sinema-tiyatro","6":"product_cat-sanat","7":"pa_cilt-ciltsiz","8":"pa_tur-kitap","9":"pa_yayinevi-ithaki-yayinlari","10":"pa_yazar-riza-kirac","12":"first","13":"instock","14":"sale","15":"shipping-taxable","16":"purchasable","17":"product-type-simple"},"_links":{"self":[{"href":"https:\/\/roveyayinevi.com.tr\/index.php\/wp-json\/wp\/v2\/product\/721320","targetHints":{"allow":["GET"]}}],"collection":[{"href":"https:\/\/roveyayinevi.com.tr\/index.php\/wp-json\/wp\/v2\/product"}],"about":[{"href":"https:\/\/roveyayinevi.com.tr\/index.php\/wp-json\/wp\/v2\/types\/product"}],"wp:attachment":[{"href":"https:\/\/roveyayinevi.com.tr\/index.php\/wp-json\/wp\/v2\/media?parent=721320"}],"wp:term":[{"taxonomy":"product_brand","embeddable":true,"href":"https:\/\/roveyayinevi.com.tr\/index.php\/wp-json\/wp\/v2\/product_brand?post=721320"},{"taxonomy":"product_cat","embeddable":true,"href":"https:\/\/roveyayinevi.com.tr\/index.php\/wp-json\/wp\/v2\/product_cat?post=721320"},{"taxonomy":"product_tag","embeddable":true,"href":"https:\/\/roveyayinevi.com.tr\/index.php\/wp-json\/wp\/v2\/product_tag?post=721320"}],"curies":[{"name":"wp","href":"https:\/\/api.w.org\/{rel}","templated":true}]}}