{"id":721317,"date":"2025-08-27T18:48:31","date_gmt":"2025-08-27T15:48:31","guid":{"rendered":"https:\/\/roveyayinevi.com.tr\/index.php\/urun\/sosyolojinin-marksist-reddiyesi\/"},"modified":"2026-04-16T02:29:20","modified_gmt":"2026-04-15T23:29:20","slug":"sosyolojinin-marksist-reddiyesi","status":"publish","type":"product","link":"https:\/\/roveyayinevi.com.tr\/index.php\/urun\/sosyolojinin-marksist-reddiyesi\/","title":{"rendered":"Sosyolojinin Marksist Reddiyesi"},"content":{"rendered":"<p>Atilla G\u00fcney, akademinin ini\u015f \u00e7\u0131k\u0131\u015flar\u0131na ki\u015fisel ya\u015fam deneyimiyle tan\u0131kl\u0131k etmi\u015f, ba\u011f\u0131ms\u0131z tav\u0131rlar\u0131n resm\u00ee kurumlarca nas\u0131l \u201cret\u201d ile kar\u015f\u0131land\u0131\u011f\u0131n\u0131 bizzat ya\u015fam\u0131\u015f, nihayetinde \u201cBar\u0131\u015f \u0130\u00e7in Akademisyenler\u201d bildirisine imza att\u0131\u011f\u0131 i\u00e7in \u00fcniversiteden uzakla\u015ft\u0131r\u0131lm\u0131\u015f hocalar\u0131m\u0131zdan.Sosyolojinin Marksist Reddiyesi adl\u0131 bu \u00e7al\u0131\u015fmas\u0131nda, k\u00f6kleri idealizme dayanan Weberci sosyoloji anlay\u0131\u015f\u0131n\u0131n, s\u0131n\u0131fsal s\u00f6m\u00fcr\u00fc ili\u015fkilerini g\u00f6r\u00fcnmez hale getirmek i\u00e7in uzun y\u0131llard\u0131r akademik \u00e7evrelerde, kuramsal yaz\u0131n d\u00fcnyas\u0131nda ve devlet y\u00f6netiminde i\u015flevselle\u015ftirilmesini \u00e7arp\u0131c\u0131 bir analizle ele al\u0131yor. Bir yandan da Weberci gelene\u011fin T\u00fcrkiye\u2019deki izd\u00fc\u015f\u00fcm\u00fcn\u00fc, neredeyse \u201cstar\u201d muamelesi g\u00f6ren pop\u00fcler sosyoloji hocalar\u0131n\u0131n metinleri \u00fczerinden anlat\u0131yor.G\u00fcney, \u00fcniversitelerde \u00f6\u011frencilere nesnel, tarafs\u0131z bir disiplin olarak sunulan \u201csosyoloji\u201dnin, kapitalist \u00fcretim ili\u015fkilerini me\u015frula\u015ft\u0131ran tarihsel evrelerini anlat\u0131rken, metin, kavram ve d\u00fc\u015f\u00fcncelerin analizine de giri\u015fiyor. Tek tek olgular\u0131n k\u00f6kenine inen yazar, bu alanda kendi \u00f6zg\u00fcn \u00e7\u00f6z\u00fcmlemelerini geli\u015ftirmek isteyenlere, tarihsel maddecili\u011fin sa\u011flad\u0131\u011f\u0131 olanaklar\u0131 anlat\u0131yor. Atilla G\u00fcney, \u201c\u0130natla hik\u00e2yesi anlat\u0131lmaktan imtina edilen T\u00fcrkiye \u0130\u015f\u00e7i S\u0131n\u0131f\u0131na\u201d ithaf etti\u011fi bu \u00e7al\u0131\u015fmas\u0131nda, kendisi de titiz bir d\u00fc\u015f\u00fcnce i\u015f\u00e7ili\u011fine imza at\u0131yor.Ba\u015fka okuma ve ara\u015ft\u0131rmalara da yeni kap\u0131lar aralayan Sosyolojinin Marksist Reddiyesi, \u00f6zg\u00fcn ve g\u00fc\u00e7l\u00fc bir eser olarak, okunmay\u0131, \u00fczerinde d\u00fc\u015f\u00fcnmeyi ve tart\u0131\u015f\u0131lmay\u0131 hak ediyor.<\/p>\n","protected":false},"excerpt":{"rendered":"<p>Atilla G\u00fcney, akademinin ini\u015f \u00e7\u0131k\u0131\u015flar\u0131na ki\u015fisel ya\u015fam deneyimiyle tan\u0131kl\u0131k etmi\u015f, ba\u011f\u0131ms\u0131z tav\u0131rlar\u0131n resm\u00ee kurumlarca nas\u0131l \u201cret\u201d ile kar\u015f\u0131land\u0131\u011f\u0131n\u0131 bizzat ya\u015fam\u0131\u015f, nihayetinde \u201cBar\u0131\u015f \u0130\u00e7in Akademisyenler\u201d bildirisine imza<span class=\"excerpt-hellip\"> [\u2026]<\/span><\/p>\n","protected":false},"featured_media":0,"template":"","meta":{"_monsterinsights_skip_tracking":false,"_monsterinsights_sitenote_active":false,"_monsterinsights_sitenote_note":"","_monsterinsights_sitenote_category":0},"product_brand":[],"product_cat":[13590,12337],"product_tag":[],"class_list":{"0":"post-721317","1":"product","2":"type-product","3":"status-publish","5":"product_cat-arastirma-inceleme-politika-siyaset","6":"product_cat-politika-siyaset","7":"pa_cilt-ciltsiz","8":"pa_tur-kitap","9":"pa_yayinevi-yordam-kitap","10":"pa_yazar-atilla-guney","12":"first","13":"instock","14":"sale","15":"shipping-taxable","16":"purchasable","17":"product-type-simple"},"_links":{"self":[{"href":"https:\/\/roveyayinevi.com.tr\/index.php\/wp-json\/wp\/v2\/product\/721317","targetHints":{"allow":["GET"]}}],"collection":[{"href":"https:\/\/roveyayinevi.com.tr\/index.php\/wp-json\/wp\/v2\/product"}],"about":[{"href":"https:\/\/roveyayinevi.com.tr\/index.php\/wp-json\/wp\/v2\/types\/product"}],"wp:attachment":[{"href":"https:\/\/roveyayinevi.com.tr\/index.php\/wp-json\/wp\/v2\/media?parent=721317"}],"wp:term":[{"taxonomy":"product_brand","embeddable":true,"href":"https:\/\/roveyayinevi.com.tr\/index.php\/wp-json\/wp\/v2\/product_brand?post=721317"},{"taxonomy":"product_cat","embeddable":true,"href":"https:\/\/roveyayinevi.com.tr\/index.php\/wp-json\/wp\/v2\/product_cat?post=721317"},{"taxonomy":"product_tag","embeddable":true,"href":"https:\/\/roveyayinevi.com.tr\/index.php\/wp-json\/wp\/v2\/product_tag?post=721317"}],"curies":[{"name":"wp","href":"https:\/\/api.w.org\/{rel}","templated":true}]}}