{"id":721316,"date":"2025-08-27T18:48:30","date_gmt":"2025-08-27T15:48:30","guid":{"rendered":"https:\/\/roveyayinevi.com.tr\/index.php\/urun\/esmer-milletler\/"},"modified":"2026-04-16T02:29:20","modified_gmt":"2026-04-15T23:29:20","slug":"esmer-milletler","status":"publish","type":"product","link":"https:\/\/roveyayinevi.com.tr\/index.php\/urun\/esmer-milletler\/","title":{"rendered":"Esmer Milletler"},"content":{"rendered":"<p>G\u00fcn\u00fcm\u00fcz\u00fcn en \u00fcretken Marksist tarih\u00e7ilerinden Vijay Prashad, Esmer Milletler\u2019de yirminci y\u00fczy\u0131la damgas\u0131n\u0131 vuran \u00dc\u00e7\u00fcnc\u00fc D\u00fcnya\u2019n\u0131n tarihini, \u201chalklar\u0131n tarihi\u201d \u00e7er\u00e7evesinde ele al\u0131yor.\u00dc\u00e7\u00fcnc\u00fc D\u00fcnya\u2019y\u0131 sadece co\u011frafi bir tan\u0131mlama ya da uluslararas\u0131 bir ittifak modeli olmaktan ziyade, y\u00fczy\u0131llar s\u00fcren esaretin ard\u0131ndan s\u00f6m\u00fcrgecili\u011fin zincirlerini k\u0131ran halklar\u0131n siyasi, iktisadi ve k\u00fclt\u00fcrel m\u00fccadelelerinin b\u00fct\u00fcn\u00fc olarak g\u00f6ren Prashad, So\u011fuk Sava\u015f\u2019a dair s\u0131radan siyasi tarih anlat\u0131lar\u0131n\u0131n \u00f6tesine ge\u00e7en bir \u00e7al\u0131\u015fmayla \u00e7\u0131k\u0131yor okurun kar\u015f\u0131s\u0131na.\u00dc\u00e7\u00fcnc\u00fc D\u00fcnya\u2019n\u0131n tarihini, bir fikir olarak do\u011fdu\u011fu 1920\u2019lerden, d\u00fcnyan\u0131n g\u00fcndemini belirledi\u011fi 1960\u2019lara ve nefesini t\u00fcketerek kendi miras\u0131na s\u0131rt \u00e7evirdi\u011fi 1980\u2019lere kadar, bilimsel titizli\u011fi elden b\u0131rakmadan, son derece canl\u0131 ve etkileyici bir anlat\u0131mla aktar\u0131yor.Nehru, Nas\u0131r ve Tito gibi \u00dc\u00e7\u00fcnc\u00fc D\u00fcnya\u2019n\u0131n \u201cdev\u201d siyasi fig\u00fcrlerinin oldu\u011fu kadar, Bolivyal\u0131 madencilerin, Jamaikal\u0131 kad\u0131n i\u015f\u00e7ilerin,Tanzanyal\u0131 k\u00f6yl\u00fclerin, emperyalizmin k\u00fclt\u00fcrel boyunduru\u011funa kar\u015f\u0131 bayrak a\u00e7an entelekt\u00fcellerin de hik\u00e2yesi bu ayn\u0131 zamanda.Prashad ge\u00e7mi\u015f g\u00fczel g\u00fcnlere methiye d\u00fczmek ya da yiten umutlar\u0131n arkas\u0131ndan a\u011f\u0131t yakmak yerine, Esmer Milletler\u2019de bu hik\u00e2yenin bug\u00fcne ve gelece\u011fe b\u0131rakt\u0131\u011f\u0131 miras\u0131n izini s\u00fcr\u00fcyor.<\/p>\n","protected":false},"excerpt":{"rendered":"<p>G\u00fcn\u00fcm\u00fcz\u00fcn en \u00fcretken Marksist tarih\u00e7ilerinden Vijay Prashad, Esmer Milletler\u2019de yirminci y\u00fczy\u0131la damgas\u0131n\u0131 vuran \u00dc\u00e7\u00fcnc\u00fc D\u00fcnya\u2019n\u0131n tarihini, \u201chalklar\u0131n tarihi\u201d \u00e7er\u00e7evesinde ele al\u0131yor.\u00dc\u00e7\u00fcnc\u00fc D\u00fcnya\u2019y\u0131 sadece co\u011frafi bir tan\u0131mlama<span class=\"excerpt-hellip\"> [\u2026]<\/span><\/p>\n","protected":false},"featured_media":0,"template":"","meta":{"_monsterinsights_skip_tracking":false,"_monsterinsights_sitenote_active":false,"_monsterinsights_sitenote_note":"","_monsterinsights_sitenote_category":0},"product_brand":[],"product_cat":[12370,12304],"product_tag":[],"class_list":{"0":"post-721316","1":"product","2":"type-product","3":"status-publish","5":"product_cat-arastirma-inceleme","6":"product_cat-tarih","7":"pa_cilt-ciltsiz","8":"pa_tur-kitap","9":"pa_yayinevi-yordam-kitap","10":"pa_yazar-vijay-prashad","12":"first","13":"instock","14":"sale","15":"shipping-taxable","16":"purchasable","17":"product-type-simple"},"_links":{"self":[{"href":"https:\/\/roveyayinevi.com.tr\/index.php\/wp-json\/wp\/v2\/product\/721316","targetHints":{"allow":["GET"]}}],"collection":[{"href":"https:\/\/roveyayinevi.com.tr\/index.php\/wp-json\/wp\/v2\/product"}],"about":[{"href":"https:\/\/roveyayinevi.com.tr\/index.php\/wp-json\/wp\/v2\/types\/product"}],"wp:attachment":[{"href":"https:\/\/roveyayinevi.com.tr\/index.php\/wp-json\/wp\/v2\/media?parent=721316"}],"wp:term":[{"taxonomy":"product_brand","embeddable":true,"href":"https:\/\/roveyayinevi.com.tr\/index.php\/wp-json\/wp\/v2\/product_brand?post=721316"},{"taxonomy":"product_cat","embeddable":true,"href":"https:\/\/roveyayinevi.com.tr\/index.php\/wp-json\/wp\/v2\/product_cat?post=721316"},{"taxonomy":"product_tag","embeddable":true,"href":"https:\/\/roveyayinevi.com.tr\/index.php\/wp-json\/wp\/v2\/product_tag?post=721316"}],"curies":[{"name":"wp","href":"https:\/\/api.w.org\/{rel}","templated":true}]}}