{"id":721308,"date":"2025-08-27T18:48:23","date_gmt":"2025-08-27T15:48:23","guid":{"rendered":"https:\/\/roveyayinevi.com.tr\/index.php\/urun\/demiryolu-cocuklari-8\/"},"modified":"2026-04-16T02:29:19","modified_gmt":"2026-04-15T23:29:19","slug":"demiryolu-cocuklari-8","status":"publish","type":"product","link":"https:\/\/roveyayinevi.com.tr\/index.php\/urun\/demiryolu-cocuklari-8\/","title":{"rendered":"Demiryolu \u00c7ocuklar\u0131"},"content":{"rendered":"<p>Bir ak\u015fam evlerine gelen davetsiz misafirlerin ard\u0131ndan babalar\u0131n\u0131n bir s\u00fcreli\u011fine kendileriyle ya\u015famayaca\u011f\u0131n\u0131 \u00f6\u011frenen \u00fc\u00e7 karde\u015f, anneleriyle birlikte s\u0131cak yuvalar\u0131ndan hi\u00e7 bilmedikleri bir kasabaya ta\u015f\u0131nmak zorunda kal\u0131r. Burada hayatlar\u0131n\u0131n en keyifli me\u015fgalesini olu\u015fturacak olan demiryoluyla tan\u0131\u015facaklard\u0131r; birbirinden maceral\u0131 g\u00fcnlerin merkezi yine buras\u0131 olacakt\u0131r. Kasabaya ta\u015f\u0131nd\u0131ktan sonra e\u015fsiz bir dayan\u0131\u015fma \u00f6rne\u011fi g\u00f6steren sa\u011fduyulu, pratik zek\u00e2l\u0131 ve sorumluluk sahibi \u00e7ocuklar hem annelerinin hem de kasaban\u0131n kahramanlar\u0131na d\u00f6n\u00fc\u015f\u00fcr. Kimi zaman h\u00fcz\u00fcnlendirip kimi zaman g\u00fcl\u00fcmsetecek bu hik\u00e2yenin sonunda bakal\u0131m \u00e7ocuklar babalar\u0131na kavu\u015fabilecek mi? G\u00fcn\u00fcm\u00fcze kadar defalarca sinema filmi ve televizyon dizisine uyarlanan Demiryolu \u00c7ocuklar\u0131, d\u00fcnya \u00e7ap\u0131nda \u00e7ok sevilen bir eser haline gelmi\u015ftir. <\/p>\n","protected":false},"excerpt":{"rendered":"<p>Bir ak\u015fam evlerine gelen davetsiz misafirlerin ard\u0131ndan babalar\u0131n\u0131n bir s\u00fcreli\u011fine kendileriyle ya\u015famayaca\u011f\u0131n\u0131 \u00f6\u011frenen \u00fc\u00e7 karde\u015f, anneleriyle birlikte s\u0131cak yuvalar\u0131ndan hi\u00e7 bilmedikleri bir kasabaya ta\u015f\u0131nmak zorunda kal\u0131r.<span class=\"excerpt-hellip\"> [\u2026]<\/span><\/p>\n","protected":false},"featured_media":0,"template":"","meta":{"_monsterinsights_skip_tracking":false,"_monsterinsights_sitenote_active":false,"_monsterinsights_sitenote_note":"","_monsterinsights_sitenote_category":0},"product_brand":[],"product_cat":[12274,12284],"product_tag":[],"class_list":{"0":"post-721308","1":"product","2":"type-product","3":"status-publish","5":"product_cat-cocuk-ve-genclik-kitaplari","6":"product_cat-hikayeler","7":"pa_cilt-ciltsiz","8":"pa_tur-kitap","9":"pa_yayinevi-indigo-cocuk","10":"pa_yazar-edith-nesbit","12":"first","13":"instock","14":"sale","15":"shipping-taxable","16":"purchasable","17":"product-type-simple"},"_links":{"self":[{"href":"https:\/\/roveyayinevi.com.tr\/index.php\/wp-json\/wp\/v2\/product\/721308","targetHints":{"allow":["GET"]}}],"collection":[{"href":"https:\/\/roveyayinevi.com.tr\/index.php\/wp-json\/wp\/v2\/product"}],"about":[{"href":"https:\/\/roveyayinevi.com.tr\/index.php\/wp-json\/wp\/v2\/types\/product"}],"wp:attachment":[{"href":"https:\/\/roveyayinevi.com.tr\/index.php\/wp-json\/wp\/v2\/media?parent=721308"}],"wp:term":[{"taxonomy":"product_brand","embeddable":true,"href":"https:\/\/roveyayinevi.com.tr\/index.php\/wp-json\/wp\/v2\/product_brand?post=721308"},{"taxonomy":"product_cat","embeddable":true,"href":"https:\/\/roveyayinevi.com.tr\/index.php\/wp-json\/wp\/v2\/product_cat?post=721308"},{"taxonomy":"product_tag","embeddable":true,"href":"https:\/\/roveyayinevi.com.tr\/index.php\/wp-json\/wp\/v2\/product_tag?post=721308"}],"curies":[{"name":"wp","href":"https:\/\/api.w.org\/{rel}","templated":true}]}}