{"id":721306,"date":"2025-08-27T18:48:22","date_gmt":"2025-08-27T15:48:22","guid":{"rendered":"https:\/\/roveyayinevi.com.tr\/index.php\/urun\/hatirla-2\/"},"modified":"2026-04-16T02:29:19","modified_gmt":"2026-04-15T23:29:19","slug":"hatirla-2","status":"publish","type":"product","link":"https:\/\/roveyayinevi.com.tr\/index.php\/urun\/hatirla-2\/","title":{"rendered":"Hat\u0131rla"},"content":{"rendered":"<p>Hat\u0131ralar\u0131m\u0131z olmadan da biz \u201cbiz\u201d miyiz?Gen\u00e7li\u011fin nabz\u0131n\u0131 tutan yap\u0131tlar\u0131ndan tan\u0131d\u0131\u011f\u0131m\u0131z Seran Demiral\u2019\u0131n kaleme ald\u0131\u011f\u0131 Hat\u0131rla, haf\u0131zas\u0131n\u0131 yitirmi\u015f bir k\u0131z\u0131n ge\u00e7mi\u015fini yeniden ke\u015ffetmesine ve hayat\u0131n\u0131 yeniden kurmas\u0131na tan\u0131kl\u0131k ettiren, \u00e7ok katmanl\u0131 bir roman.Okurlar\u0131n\u0131, An\u0131 ad\u0131nda on \u00fc\u00e7 ya\u015f\u0131ndaki bir k\u0131z\u0131n kaybolan hat\u0131ralar\u0131 aras\u0131nda merak uyand\u0131r\u0131c\u0131 bir yolculu\u011fa \u00e7\u0131karan yazar, kimlik-aidiyet kavramlar\u0131ndan yola \u00e7\u0131karak, ki\u015fiyi kendi yapan ger\u00e7eklikleri \u00fczerine d\u00fc\u015f\u00fcnd\u00fcr\u00fcyor.Haf\u0131za ekseninde ak\u0131p giden s\u00fcr\u00fckleyici anlat\u0131m\u0131n\u0131n arka plan\u0131nda, belirli bir olaya ve duruma kar\u015f\u0131 eylemsiz kalman\u0131n etik ve insan\u00ee boyutlar\u0131n\u0131 irdeleyen Hat\u0131rla, vicdan\u0131n\u0131n sesini dinlemekten yoksun bireylerin y\u00fcre\u011fini yumu\u015fat\u0131yor.An\u0131&#8217;n\u0131n, hastanede g\u00f6zlerini a\u00e7t\u0131\u011f\u0131nda ilk an\u0131msad\u0131\u011f\u0131 \u015fey, hi\u00e7bir \u015fey hat\u0131rlamad\u0131\u011f\u0131 olur. G\u00fcnl\u00fck hayata dair baz\u0131 ayr\u0131nt\u0131lar\u0131 hat\u0131rlasa da, kendi benli\u011fine dair zihninde en ufak bir belirti yoktur. Ad\u0131 nedir? Neden hastanededir? Kar\u015f\u0131s\u0131nda duran, y\u00fcz\u00fc a\u011flamakl\u0131 kad\u0131n da kimdir?.. Ge\u00e7mi\u015fini tek kalemde silip atan zihni adeta yeni do\u011fmu\u015f bir bebe\u011finki kadar berrak ve temizdir. Belli ki ya\u015fad\u0131\u011f\u0131 bir kaza y\u00fcz\u00fcnden haf\u0131zas\u0131 ona k\u00f6t\u00fc bir oyun oynam\u0131\u015ft\u0131r. \u015eimdi k\u00fcllerinden yeniden do\u011fup, kaybetti\u011fi an\u0131lar\u0131n\u0131n ve onu bu duruma getiren olaylar\u0131n izini s\u00fcrme vaktidir. Hat\u0131rlamak, art\u0131k An\u0131 i\u00e7in kimli\u011fine kavu\u015fmak demektir. Oysa, ger\u00e7eklere ula\u015fma umuduyla \u00e7\u0131kt\u0131\u011f\u0131 zorlu yol, kendi ve yak\u0131n \u00e7evresinin hayatlar\u0131na dair tahmin bile edemeyece\u011fi s\u0131rlarla \u00f6r\u00fcl\u00fcd\u00fcr\u2026\u0130\u00e7ine do\u011fulan de\u011fil de se\u00e7ilen bir hayat\u0131 ya\u015famak \u00fczerine kurulu, i\u00e7ten ve cesur bir anlat\u0131 sunan Hat\u0131rla; \u00f6nyarg\u0131, pi\u015fmanl\u0131k, hayal k\u0131r\u0131kl\u0131\u011f\u0131 gibi insan ruhunu kemiren duygular\u0131n nedenlerini ve yans\u0131malar\u0131n\u0131 sorguluyor.Ge\u00e7mi\u015finin izini s\u00fcren bir k\u0131z\u0131n d\u00fcn\u00fcn\u00fc, bug\u00fcn\u00fc ve yar\u0131n\u0131n\u0131 karamsarl\u0131\u011fa d\u00fc\u015fmeden, umut dolu bir sarmalda bulu\u015fturan Seran Demiral, an\u0131lar, bellek, zaman ve imgeler \u00fczerine \u00e7e\u015fitli varsay\u0131mlarda bulunarak geni\u015f geni\u015f d\u00fc\u015f\u00fcnd\u00fcrmeyi ihmal etmiyor. S\u00f6ylesenize, bir insan hi\u00e7bir hat\u0131ras\u0131 olmad\u0131\u011f\u0131nda da yine ayn\u0131 ki\u015fi olur mu?<\/p>\n","protected":false},"excerpt":{"rendered":"<p>Hat\u0131ralar\u0131m\u0131z olmadan da biz \u201cbiz\u201d miyiz?Gen\u00e7li\u011fin nabz\u0131n\u0131 tutan yap\u0131tlar\u0131ndan tan\u0131d\u0131\u011f\u0131m\u0131z Seran Demiral\u2019\u0131n kaleme ald\u0131\u011f\u0131 Hat\u0131rla, haf\u0131zas\u0131n\u0131 yitirmi\u015f bir k\u0131z\u0131n ge\u00e7mi\u015fini yeniden ke\u015ffetmesine ve hayat\u0131n\u0131 yeniden kurmas\u0131na<span class=\"excerpt-hellip\"> [\u2026]<\/span><\/p>\n","protected":false},"featured_media":0,"template":"","meta":{"_monsterinsights_skip_tracking":false,"_monsterinsights_sitenote_active":false,"_monsterinsights_sitenote_note":"","_monsterinsights_sitenote_category":0},"product_brand":[],"product_cat":[12291,12711],"product_tag":[],"class_list":{"0":"post-721306","1":"product","2":"type-product","3":"status-publish","5":"product_cat-edebiyat","6":"product_cat-roman-oyku","7":"pa_cilt-ciltsiz","8":"pa_tur-kitap","9":"pa_yayinevi-tudem-yayinlari","10":"pa_yazar-seran-demiral","12":"first","13":"instock","14":"sale","15":"shipping-taxable","16":"purchasable","17":"product-type-simple"},"_links":{"self":[{"href":"https:\/\/roveyayinevi.com.tr\/index.php\/wp-json\/wp\/v2\/product\/721306","targetHints":{"allow":["GET"]}}],"collection":[{"href":"https:\/\/roveyayinevi.com.tr\/index.php\/wp-json\/wp\/v2\/product"}],"about":[{"href":"https:\/\/roveyayinevi.com.tr\/index.php\/wp-json\/wp\/v2\/types\/product"}],"wp:attachment":[{"href":"https:\/\/roveyayinevi.com.tr\/index.php\/wp-json\/wp\/v2\/media?parent=721306"}],"wp:term":[{"taxonomy":"product_brand","embeddable":true,"href":"https:\/\/roveyayinevi.com.tr\/index.php\/wp-json\/wp\/v2\/product_brand?post=721306"},{"taxonomy":"product_cat","embeddable":true,"href":"https:\/\/roveyayinevi.com.tr\/index.php\/wp-json\/wp\/v2\/product_cat?post=721306"},{"taxonomy":"product_tag","embeddable":true,"href":"https:\/\/roveyayinevi.com.tr\/index.php\/wp-json\/wp\/v2\/product_tag?post=721306"}],"curies":[{"name":"wp","href":"https:\/\/api.w.org\/{rel}","templated":true}]}}