{"id":721303,"date":"2025-08-27T18:48:19","date_gmt":"2025-08-27T15:48:19","guid":{"rendered":"https:\/\/roveyayinevi.com.tr\/index.php\/urun\/memleket-hikayeleri-osmanlica-turkce\/"},"modified":"2026-04-16T02:29:19","modified_gmt":"2026-04-15T23:29:19","slug":"memleket-hikayeleri-osmanlica-turkce","status":"publish","type":"product","link":"https:\/\/roveyayinevi.com.tr\/index.php\/urun\/memleket-hikayeleri-osmanlica-turkce\/","title":{"rendered":"Memleket Hikayeleri Osmanl\u0131ca &#8211; T\u00fcrk\u00e7e"},"content":{"rendered":"<p>Elindeki kitap Memleket Hikayeleri&#8217;nin yay\u0131nla\u015f\u0131n\u0131n 100. y\u0131l\u0131na \u00f6zel Osmanl\u0131ca &#8211; T\u00fcrk\u00e7e haz\u0131rlanm\u0131\u015ft\u0131r.Refik Halid taraf\u0131ndan kaleme al\u0131nan eser ilk defa 1919 y\u0131l\u0131nda Osmanl\u0131ca bas\u0131lm\u0131\u015ft\u0131r.Bu kitab\u0131n Osmanl\u0131ca sayfalar\u0131 1919 y\u0131l\u0131ndaki ilk bas\u0131m\u0131n\u0131n t\u0131pk\u0131s\u0131n\u0131n ayn\u0131s\u0131d\u0131r.T\u00fcrk\u00e7e metinler i\u00e7in yazar\u0131n da g\u00f6zden ge\u00e7irdi\u011fi bask\u0131 esas al\u0131nm\u0131\u015ft\u0131r.<\/p>\n","protected":false},"excerpt":{"rendered":"<p>Elindeki kitap Memleket Hikayeleri&#8217;nin yay\u0131nla\u015f\u0131n\u0131n 100. y\u0131l\u0131na \u00f6zel Osmanl\u0131ca &#8211; T\u00fcrk\u00e7e haz\u0131rlanm\u0131\u015ft\u0131r.Refik Halid taraf\u0131ndan kaleme al\u0131nan eser ilk defa 1919 y\u0131l\u0131nda Osmanl\u0131ca bas\u0131lm\u0131\u015ft\u0131r.Bu kitab\u0131n Osmanl\u0131ca sayfalar\u0131<span class=\"excerpt-hellip\"> [\u2026]<\/span><\/p>\n","protected":false},"featured_media":0,"template":"","meta":{"_monsterinsights_skip_tracking":false,"_monsterinsights_sitenote_active":false,"_monsterinsights_sitenote_note":"","_monsterinsights_sitenote_category":0},"product_brand":[],"product_cat":[12291,12711],"product_tag":[],"class_list":{"0":"post-721303","1":"product","2":"type-product","3":"status-publish","5":"product_cat-edebiyat","6":"product_cat-roman-oyku","7":"pa_cilt-ciltsiz","8":"pa_tur-kitap","9":"pa_yayinevi-inkilap-kitabevi","10":"pa_yazar-refik-halid-karay","12":"first","13":"instock","14":"sale","15":"shipping-taxable","16":"purchasable","17":"product-type-simple"},"_links":{"self":[{"href":"https:\/\/roveyayinevi.com.tr\/index.php\/wp-json\/wp\/v2\/product\/721303","targetHints":{"allow":["GET"]}}],"collection":[{"href":"https:\/\/roveyayinevi.com.tr\/index.php\/wp-json\/wp\/v2\/product"}],"about":[{"href":"https:\/\/roveyayinevi.com.tr\/index.php\/wp-json\/wp\/v2\/types\/product"}],"wp:attachment":[{"href":"https:\/\/roveyayinevi.com.tr\/index.php\/wp-json\/wp\/v2\/media?parent=721303"}],"wp:term":[{"taxonomy":"product_brand","embeddable":true,"href":"https:\/\/roveyayinevi.com.tr\/index.php\/wp-json\/wp\/v2\/product_brand?post=721303"},{"taxonomy":"product_cat","embeddable":true,"href":"https:\/\/roveyayinevi.com.tr\/index.php\/wp-json\/wp\/v2\/product_cat?post=721303"},{"taxonomy":"product_tag","embeddable":true,"href":"https:\/\/roveyayinevi.com.tr\/index.php\/wp-json\/wp\/v2\/product_tag?post=721303"}],"curies":[{"name":"wp","href":"https:\/\/api.w.org\/{rel}","templated":true}]}}