{"id":721302,"date":"2025-08-27T18:48:18","date_gmt":"2025-08-27T15:48:18","guid":{"rendered":"https:\/\/roveyayinevi.com.tr\/index.php\/urun\/gwendynin-dugme-kutusu\/"},"modified":"2026-04-16T02:29:19","modified_gmt":"2026-04-15T23:29:19","slug":"gwendynin-dugme-kutusu","status":"publish","type":"product","link":"https:\/\/roveyayinevi.com.tr\/index.php\/urun\/gwendynin-dugme-kutusu\/","title":{"rendered":"Gwendy&#8217;nin D\u00fc\u011fme Kutusu"},"content":{"rendered":"<p>\u00dczerinde 8 taned\u00fc\u011fmesive 2 tanetutaca\u011f\u0131olanbirkutu\u2026 Bu kutunun yeni sahibi; 12 ya\u015f\u0131ndaki Gwendy Peterson.Gwendy, kutunun sahip oldu\u011fu gizli ve g\u00f6r\u00fcnmez g\u00fcc\u00fc y\u00f6neterek d\u00fcnyay\u0131 g\u00fczelle\u015ftirme ya da d\u00fcnyay\u0131 felaketlere s\u00fcr\u00fckleme g\u00fcc\u00fcne sahip oldu\u011funu farke diyor.  Gwendy bu gizli g\u00fcc\u00fcn d\u00fcnyan\u0131n iyili\u011fi ya da k\u00f6t\u00fcl\u00fc\u011f\u00fc \u00fczerinde nas\u0131l bir etkiye sahip olaca\u011f\u0131n\u0131 d\u00fc\u015f\u00fcn\u00fcrken kutunun g\u00fcc\u00fc Gwendy y\u00f6netmeye ba\u015fl\u0131yor.\u0130\u015fte tam da burada Gwendy\u2019nin i\u00e7indeki k\u00fc\u00e7\u00fck ses giderek cevab\u0131 olmayan sorular soruyor: &#8220;Neden  sen, Gwendy Peterson? Bu yuvarlak d\u00fcnyada b\u00fct\u00fcn o insanlar\u0131n i\u00e7inden neden seni se\u00e7ti? Bu kutu da neyin nesi\u2026 Ve bana ne yap\u0131yor?&#8221;  T\u00fcm bu sorular\u0131n sonunda Gwendy\u2019nin D\u00fc\u011fme Kutusu okuru \u00e7arp\u0131c\u0131 bir ger\u00e7ekle y\u00fczle\u015ftiriyor: &#8220;Hayat\u0131n\u0131n ne kadar\u0131 kendine ait, ne kadar\u0131 ikramlar\u0131yla ve d\u00fc\u011fmeleriyle birlikte kutuya ait?&#8221; Usta yazar Stephen King\u2019in ve Richard Chizmar&#8217;\u0131n birlikte kaleme ald\u0131\u011f\u0131 Gwendy\u2019nin D\u00fc\u011fme Kutusu okuyucuya hem tatl\u0131 hem de insan\u0131n keyfini ka\u00e7\u0131rabilecek bir hikaye sunuyor.<\/p>\n","protected":false},"excerpt":{"rendered":"<p>\u00dczerinde 8 taned\u00fc\u011fmesive 2 tanetutaca\u011f\u0131olanbirkutu\u2026 Bu kutunun yeni sahibi; 12 ya\u015f\u0131ndaki Gwendy Peterson.Gwendy, kutunun sahip oldu\u011fu gizli ve g\u00f6r\u00fcnmez g\u00fcc\u00fc y\u00f6neterek d\u00fcnyay\u0131 g\u00fczelle\u015ftirme ya da d\u00fcnyay\u0131<span class=\"excerpt-hellip\"> [\u2026]<\/span><\/p>\n","protected":false},"featured_media":0,"template":"","meta":{"_monsterinsights_skip_tracking":false,"_monsterinsights_sitenote_active":false,"_monsterinsights_sitenote_note":"","_monsterinsights_sitenote_category":0},"product_brand":[],"product_cat":[12291,12711],"product_tag":[],"class_list":{"0":"post-721302","1":"product","2":"type-product","3":"status-publish","5":"product_cat-edebiyat","6":"product_cat-roman-oyku","7":"pa_cilt-ciltsiz","8":"pa_tur-kitap","9":"pa_yayinevi-inkilap-kitabevi","10":"pa_yazar-stephen-king","12":"first","13":"instock","14":"sale","15":"shipping-taxable","16":"purchasable","17":"product-type-simple"},"_links":{"self":[{"href":"https:\/\/roveyayinevi.com.tr\/index.php\/wp-json\/wp\/v2\/product\/721302","targetHints":{"allow":["GET"]}}],"collection":[{"href":"https:\/\/roveyayinevi.com.tr\/index.php\/wp-json\/wp\/v2\/product"}],"about":[{"href":"https:\/\/roveyayinevi.com.tr\/index.php\/wp-json\/wp\/v2\/types\/product"}],"wp:attachment":[{"href":"https:\/\/roveyayinevi.com.tr\/index.php\/wp-json\/wp\/v2\/media?parent=721302"}],"wp:term":[{"taxonomy":"product_brand","embeddable":true,"href":"https:\/\/roveyayinevi.com.tr\/index.php\/wp-json\/wp\/v2\/product_brand?post=721302"},{"taxonomy":"product_cat","embeddable":true,"href":"https:\/\/roveyayinevi.com.tr\/index.php\/wp-json\/wp\/v2\/product_cat?post=721302"},{"taxonomy":"product_tag","embeddable":true,"href":"https:\/\/roveyayinevi.com.tr\/index.php\/wp-json\/wp\/v2\/product_tag?post=721302"}],"curies":[{"name":"wp","href":"https:\/\/api.w.org\/{rel}","templated":true}]}}