{"id":721299,"date":"2025-08-27T18:48:16","date_gmt":"2025-08-27T15:48:16","guid":{"rendered":"https:\/\/roveyayinevi.com.tr\/index.php\/urun\/hellboy-kis-ozel-sayisi\/"},"modified":"2026-04-16T02:29:19","modified_gmt":"2026-04-15T23:29:19","slug":"hellboy-kis-ozel-sayisi","status":"publish","type":"product","link":"https:\/\/roveyayinevi.com.tr\/index.php\/urun\/hellboy-kis-ozel-sayisi\/","title":{"rendered":"Hellboy K\u0131\u015f \u00d6zel Say\u0131s\u0131"},"content":{"rendered":"<p>Wakefield Kona\u011f\u0131, \u0130ngiltere. 1957 senesinin Y\u0131lba\u015f\u0131 Gecesi. Bu Kona\u011f\u0131n zengin oldu\u011fu kadar u\u00e7ar\u0131 ve umars\u0131z sakinlerinin, garip bir gelene\u011fi vard\u0131. Boylar\u0131ndan b\u00fcy\u00fck i\u015flerle, uzak durmalar\u0131 gereken d\u00fcnyalarla oyun oynuyorlard\u0131. Bu seneye kadar \u015fanslar\u0131 yaver gitmi\u015fti ama Hellboy, aralar\u0131na yeni kat\u0131lan bir yabanc\u0131n\u0131n da etkisiyle, bu Y\u0131lba\u015f\u0131 Gecesinin e\u011flenceli ge\u00e7meyece\u011fini d\u00fc\u015f\u00fcn\u00fcyordu.Bu arada, 1954\u2019te, Bulgaristan\u2019da karlarla s\u00fcsl\u00fc bir orman\u0131n derinliklerinde, y\u00f6re halk\u0131n\u0131n isimlerini korkuyla f\u0131s\u0131ldad\u0131\u011f\u0131 kadim varl\u0131klar, asla uzla\u015famayacaklar\u0131n\u0131 bildikleri bu insanlarla kar\u015f\u0131 kar\u015f\u0131ya geliyordu. Yollar\u0131na kaybettiklerini sand\u0131klar\u0131 biri ve yeni bir m\u00fcttefik \u00e7\u0131kacakt\u0131. Ama, bu m\u00fcttefikleri g\u00f6r\u00fcnd\u00fc\u011f\u00fc kadar masum muydu? Yoksa ge\u00e7mi\u015ften gelen k\u00f6t\u00fcc\u00fcl bir an\u0131 m\u0131yd\u0131?Son olarak da 1930\u2019lar\u0131n New York \u015fehri mafyan\u0131n \u00e7\u00f6pl\u00fc\u011f\u00fcne d\u00f6nm\u00fc\u015ft\u00fc. Ancak tan\u0131d\u0131k bir y\u00fcz, bu ayak tak\u0131m\u0131n\u0131 adaletin ac\u0131mas\u0131z k\u0131ska\u00e7lar\u0131 aras\u0131na almaya kararl\u0131yd\u0131. Onu kendi oyunuyla yenme\u011fe \u00e7al\u0131\u015fan mafya aileleri \u015fehirlerini geri alabilecek miydi? Yoksa kahraman\u0131m\u0131z\u0131n sonunu mu getireceklerdi? Peki, b\u00fct\u00fcn bunlar\u0131n bir sonu var m\u0131yd\u0131?<\/p>\n","protected":false},"excerpt":{"rendered":"<p>Wakefield Kona\u011f\u0131, \u0130ngiltere. 1957 senesinin Y\u0131lba\u015f\u0131 Gecesi. Bu Kona\u011f\u0131n zengin oldu\u011fu kadar u\u00e7ar\u0131 ve umars\u0131z sakinlerinin, garip bir gelene\u011fi vard\u0131. Boylar\u0131ndan b\u00fcy\u00fck i\u015flerle, uzak durmalar\u0131 gereken<span class=\"excerpt-hellip\"> [\u2026]<\/span><\/p>\n","protected":false},"featured_media":0,"template":"","meta":{"_monsterinsights_skip_tracking":false,"_monsterinsights_sitenote_active":false,"_monsterinsights_sitenote_note":"","_monsterinsights_sitenote_category":0},"product_brand":[],"product_cat":[12291,12711],"product_tag":[],"class_list":{"0":"post-721299","1":"product","2":"type-product","3":"status-publish","5":"product_cat-edebiyat","6":"product_cat-roman-oyku","7":"pa_cilt-ciltsiz","8":"pa_tur-kitap","9":"pa_yayinevi-jbc-yayincilik","10":"pa_yazar-kolektif","12":"first","13":"instock","14":"sale","15":"shipping-taxable","16":"purchasable","17":"product-type-simple"},"_links":{"self":[{"href":"https:\/\/roveyayinevi.com.tr\/index.php\/wp-json\/wp\/v2\/product\/721299","targetHints":{"allow":["GET"]}}],"collection":[{"href":"https:\/\/roveyayinevi.com.tr\/index.php\/wp-json\/wp\/v2\/product"}],"about":[{"href":"https:\/\/roveyayinevi.com.tr\/index.php\/wp-json\/wp\/v2\/types\/product"}],"wp:attachment":[{"href":"https:\/\/roveyayinevi.com.tr\/index.php\/wp-json\/wp\/v2\/media?parent=721299"}],"wp:term":[{"taxonomy":"product_brand","embeddable":true,"href":"https:\/\/roveyayinevi.com.tr\/index.php\/wp-json\/wp\/v2\/product_brand?post=721299"},{"taxonomy":"product_cat","embeddable":true,"href":"https:\/\/roveyayinevi.com.tr\/index.php\/wp-json\/wp\/v2\/product_cat?post=721299"},{"taxonomy":"product_tag","embeddable":true,"href":"https:\/\/roveyayinevi.com.tr\/index.php\/wp-json\/wp\/v2\/product_tag?post=721299"}],"curies":[{"name":"wp","href":"https:\/\/api.w.org\/{rel}","templated":true}]}}