{"id":721298,"date":"2025-08-27T18:48:15","date_gmt":"2025-08-27T15:48:15","guid":{"rendered":"https:\/\/roveyayinevi.com.tr\/index.php\/urun\/joker\/"},"modified":"2026-04-16T02:29:19","modified_gmt":"2026-04-15T23:29:19","slug":"joker","status":"publish","type":"product","link":"https:\/\/roveyayinevi.com.tr\/index.php\/urun\/joker\/","title":{"rendered":"Joker"},"content":{"rendered":"<p>\u201cAyr\u0131nt\u0131lar\u0131 da bilmiyorum sebebini de. Ama&#8230; Joker, Arkham t\u0131marhanesi\u2019nden \u00e7\u0131k\u0131yordu\u2026\u201d Joker\u2019in&#8230; Gotham\u2019\u0131n su\u00e7 kral\u0131n\u0131n \u00e7\u0131lg\u0131n d\u00fcnyas\u0131na ve \u00e7atlak zihnine bakma zaman\u0131 geldi.Joker t\u0131marhaneden \u00e7\u0131k\u0131yor ve her ne kadar g\u00fclse de asl\u0131nda mutlu de\u011fil. O ortalarda yokken bir daha geri d\u00f6nmeyece\u011fini d\u00fc\u015f\u00fcnen dostlar\u0131, pastadaki pay\u0131n\u0131 par\u00e7alara ay\u0131rd\u0131 ve yok pahas\u0131na satt\u0131. Fakat Joker sokaklara geri d\u00f6nd\u00fc ve Gotham\u2019\u0131n kan\u0131n\u0131 hi\u00e7 olmad\u0131\u011f\u0131 kadar ak\u0131tmaya haz\u0131r.Bu uzun gecede Penguin, Two-Face, Killer Croc, Harley Quinn, Riddler ve elbette Batman ile yollar\u0131 kesi\u015fecek&#8230; Tanr\u0131 yard\u0131mc\u0131lar\u0131 olsun.Sad\u0131k (ama naif) yard\u0131mc\u0131s\u0131 Jonny Frost\u2019un g\u00f6z\u00fcnden anlat\u0131lan Joker, ger\u00e7ek bir noir su\u00e7 roman\u0131 ya\u011fmurla s\u0131r\u0131ls\u0131klam olmu\u015f \u015fehir sokaklar\u0131na, kirli \u00e7ar\u015faflara ve yanl\u0131\u015f tercihlere do\u011fru giden rahats\u0131z edici bir yolculuk. Joker, birden fazla Eisner \u00d6d\u00fcl\u00fc sahibi yazar Brian Azzarello\u2019nun yazd\u0131\u011f\u0131, Lee Bermejo\u2019nun (Lex Luthor: Man of Steel) ustal\u0131kla \u00e7izdi\u011fi, Mick Gray\u2019in \u00e7iniledi\u011fi ve Patricia Mulvihill\u2019in renklendirdi\u011fi orijinal bir grafik romand\u0131r.<\/p>\n","protected":false},"excerpt":{"rendered":"<p>\u201cAyr\u0131nt\u0131lar\u0131 da bilmiyorum sebebini de. Ama&#8230; Joker, Arkham t\u0131marhanesi\u2019nden \u00e7\u0131k\u0131yordu\u2026\u201d Joker\u2019in&#8230; Gotham\u2019\u0131n su\u00e7 kral\u0131n\u0131n \u00e7\u0131lg\u0131n d\u00fcnyas\u0131na ve \u00e7atlak zihnine bakma zaman\u0131 geldi.Joker t\u0131marhaneden \u00e7\u0131k\u0131yor ve her<span class=\"excerpt-hellip\"> [\u2026]<\/span><\/p>\n","protected":false},"featured_media":0,"template":"","meta":{"_monsterinsights_skip_tracking":false,"_monsterinsights_sitenote_active":false,"_monsterinsights_sitenote_note":"","_monsterinsights_sitenote_category":0},"product_brand":[],"product_cat":[12416,12291],"product_tag":[],"class_list":{"0":"post-721298","1":"product","2":"type-product","3":"status-publish","5":"product_cat-cizgi-roman","6":"product_cat-edebiyat","7":"pa_cilt-ciltsiz","8":"pa_tur-kitap","9":"pa_yayinevi-jbc-yayincilik","10":"pa_yazar-brian-azzarello","12":"first","13":"instock","14":"sale","15":"shipping-taxable","16":"purchasable","17":"product-type-simple"},"_links":{"self":[{"href":"https:\/\/roveyayinevi.com.tr\/index.php\/wp-json\/wp\/v2\/product\/721298","targetHints":{"allow":["GET"]}}],"collection":[{"href":"https:\/\/roveyayinevi.com.tr\/index.php\/wp-json\/wp\/v2\/product"}],"about":[{"href":"https:\/\/roveyayinevi.com.tr\/index.php\/wp-json\/wp\/v2\/types\/product"}],"wp:attachment":[{"href":"https:\/\/roveyayinevi.com.tr\/index.php\/wp-json\/wp\/v2\/media?parent=721298"}],"wp:term":[{"taxonomy":"product_brand","embeddable":true,"href":"https:\/\/roveyayinevi.com.tr\/index.php\/wp-json\/wp\/v2\/product_brand?post=721298"},{"taxonomy":"product_cat","embeddable":true,"href":"https:\/\/roveyayinevi.com.tr\/index.php\/wp-json\/wp\/v2\/product_cat?post=721298"},{"taxonomy":"product_tag","embeddable":true,"href":"https:\/\/roveyayinevi.com.tr\/index.php\/wp-json\/wp\/v2\/product_tag?post=721298"}],"curies":[{"name":"wp","href":"https:\/\/api.w.org\/{rel}","templated":true}]}}