{"id":721297,"date":"2025-08-27T18:48:15","date_gmt":"2025-08-27T15:48:15","guid":{"rendered":"https:\/\/roveyayinevi.com.tr\/index.php\/urun\/annemin-kalbi-kus-gibi\/"},"modified":"2026-04-16T02:29:19","modified_gmt":"2026-04-15T23:29:19","slug":"annemin-kalbi-kus-gibi","status":"publish","type":"product","link":"https:\/\/roveyayinevi.com.tr\/index.php\/urun\/annemin-kalbi-kus-gibi\/","title":{"rendered":"Annemin Kalbi Ku\u015f Gibi"},"content":{"rendered":"<p>Evdeki hava biraz h\u00fcz\u00fcnl\u00fc \u00e7\u00fcnk\u00fc anne bir i\u015f seyahatine haz\u0131rlan\u0131yor; konu\u015fmas\u0131n\u0131 haz\u0131rl\u0131yor, mavi elbisesini \u00fct\u00fcl\u00fcyor, \u00e7ok sevdi\u011fi \u00e7i\u00e7ek desenli ayakkab\u0131lar\u0131n\u0131 valize yerle\u015ftiriyor.\u00c7ocuksa hi\u00e7 mutlu de\u011fil.Anne, giderken o\u011flunun ellerine mor bir ku\u015f b\u0131rak\u0131yor.Annemin Kalbi Ku\u015f Gibi, bir anne ile o\u011flunun ayr\u0131lma ve kavu\u015fma hik\u00e2yesi&#8230;<\/p>\n","protected":false},"excerpt":{"rendered":"<p>Evdeki hava biraz h\u00fcz\u00fcnl\u00fc \u00e7\u00fcnk\u00fc anne bir i\u015f seyahatine haz\u0131rlan\u0131yor; konu\u015fmas\u0131n\u0131 haz\u0131rl\u0131yor, mavi elbisesini \u00fct\u00fcl\u00fcyor, \u00e7ok sevdi\u011fi \u00e7i\u00e7ek desenli ayakkab\u0131lar\u0131n\u0131 valize yerle\u015ftiriyor.\u00c7ocuksa hi\u00e7 mutlu de\u011fil.Anne, giderken<span class=\"excerpt-hellip\"> [\u2026]<\/span><\/p>\n","protected":false},"featured_media":0,"template":"","meta":{"_monsterinsights_skip_tracking":false,"_monsterinsights_sitenote_active":false,"_monsterinsights_sitenote_note":"","_monsterinsights_sitenote_category":0},"product_brand":[],"product_cat":[12274,12284],"product_tag":[],"class_list":{"0":"post-721297","1":"product","2":"type-product","3":"status-publish","5":"product_cat-cocuk-ve-genclik-kitaplari","6":"product_cat-hikayeler","7":"pa_cilt-ciltsiz","8":"pa_tur-kitap","9":"pa_yayinevi-beta-kids","10":"pa_yazar-hafize-cinar-guner","12":"first","13":"instock","14":"sale","15":"shipping-taxable","16":"purchasable","17":"product-type-simple"},"_links":{"self":[{"href":"https:\/\/roveyayinevi.com.tr\/index.php\/wp-json\/wp\/v2\/product\/721297","targetHints":{"allow":["GET"]}}],"collection":[{"href":"https:\/\/roveyayinevi.com.tr\/index.php\/wp-json\/wp\/v2\/product"}],"about":[{"href":"https:\/\/roveyayinevi.com.tr\/index.php\/wp-json\/wp\/v2\/types\/product"}],"wp:attachment":[{"href":"https:\/\/roveyayinevi.com.tr\/index.php\/wp-json\/wp\/v2\/media?parent=721297"}],"wp:term":[{"taxonomy":"product_brand","embeddable":true,"href":"https:\/\/roveyayinevi.com.tr\/index.php\/wp-json\/wp\/v2\/product_brand?post=721297"},{"taxonomy":"product_cat","embeddable":true,"href":"https:\/\/roveyayinevi.com.tr\/index.php\/wp-json\/wp\/v2\/product_cat?post=721297"},{"taxonomy":"product_tag","embeddable":true,"href":"https:\/\/roveyayinevi.com.tr\/index.php\/wp-json\/wp\/v2\/product_tag?post=721297"}],"curies":[{"name":"wp","href":"https:\/\/api.w.org\/{rel}","templated":true}]}}