{"id":721295,"date":"2025-08-27T18:48:13","date_gmt":"2025-08-27T15:48:13","guid":{"rendered":"https:\/\/roveyayinevi.com.tr\/index.php\/urun\/adim-adim-uyku-egitimi\/"},"modified":"2026-04-16T02:29:19","modified_gmt":"2026-04-15T23:29:19","slug":"adim-adim-uyku-egitimi","status":"publish","type":"product","link":"https:\/\/roveyayinevi.com.tr\/index.php\/urun\/adim-adim-uyku-egitimi\/","title":{"rendered":"Ad\u0131m Ad\u0131m Uyku E\u011fitimi"},"content":{"rendered":"<p>Sevgili Anne! Biliyorum. Hayat\u0131n\u0131n en m\u00fcthi\u015f mutlulu\u011funu ya\u015farken bir yandan da yorgun ve uykusuzsun. Belki de t\u00fckenmi\u015f hissediyorsun kendini. Anne olmadan \u00f6nce b\u00f6yle olaca\u011f\u0131n\u0131 hi\u00e7 d\u00fc\u015f\u00fcnmemi\u015ftinde\u011fil mi? Belki de ger\u00e7ekten b\u00f6yle de\u011fildir! Uykusuz gecelerinin sebebi kaderin de\u011fil sadece geli\u015ftirilmeyi bekleyen al\u0131\u015fkanl\u0131klar silsilesidir! Ya\u015fad\u0131\u011f\u0131n s\u0131k\u0131nt\u0131lar\u0131 ben de ya\u015fad\u0131m. Uykusuzluktan t\u00fckendi\u011fim g\u00fcnler oldu. Fakat sonra, o\u011flumTar\u0131k\u2019a uyku e\u011fitimi verdim ve hayat\u0131m de\u011fi\u015fti. Her gece 10 defa uyanan 9 ayl\u0131k o\u011flum, desteksiz ve kesintisiz uyumaya ba\u015flad\u0131. Buna \u015fahit olmak mucize gibiydi. \u00c7evremdeki annelerin \u00e7o\u011fu benim gibi uykusuzluk problemleriyle sava\u015f\u0131yordu ve bunu \u201canneli\u011fin kaderi\u201d olarak kabullenmi\u015f haldeydiler. Bu yola, uykusuzlu\u011fun annelerin kaderi olmad\u0131\u011f\u0131n\u0131 g\u00f6stermek, yard\u0131ma ihtiyac\u0131 olan anneleri desteklemek i\u00e7in \u00e7\u0131kt\u0131m. \u00c7\u00fcnk\u00fc ba\u015faracaklar\u0131ndan emindim; ba\u015fard\u0131lar da Uyku e\u011fitimi verdi\u011fimi onlarca bebe kart\u0131k geceleri melekle gibi huzurlu, sakin ve kesintisi uyuyor; tabiiki anneleri de! Neden s\u0131radaki annesen olmayas\u0131n? <\/p>\n","protected":false},"excerpt":{"rendered":"<p>Sevgili Anne! Biliyorum. Hayat\u0131n\u0131n en m\u00fcthi\u015f mutlulu\u011funu ya\u015farken bir yandan da yorgun ve uykusuzsun. Belki de t\u00fckenmi\u015f hissediyorsun kendini. Anne olmadan \u00f6nce b\u00f6yle olaca\u011f\u0131n\u0131 hi\u00e7 d\u00fc\u015f\u00fcnmemi\u015ftinde\u011fil<span class=\"excerpt-hellip\"> [\u2026]<\/span><\/p>\n","protected":false},"featured_media":0,"template":"","meta":{"_monsterinsights_skip_tracking":false,"_monsterinsights_sitenote_active":false,"_monsterinsights_sitenote_note":"","_monsterinsights_sitenote_category":0},"product_brand":[],"product_cat":[12567,12566],"product_tag":[],"class_list":{"0":"post-721295","1":"product","2":"type-product","3":"status-publish","5":"product_cat-diger-egitim","6":"product_cat-egitim","7":"pa_cilt-ciltsiz","8":"pa_tur-kitap","9":"pa_yayinevi-yakamoz-yayinevi","10":"pa_yazar-esra-teymur-simsek","12":"first","13":"instock","14":"sale","15":"shipping-taxable","16":"purchasable","17":"product-type-simple"},"_links":{"self":[{"href":"https:\/\/roveyayinevi.com.tr\/index.php\/wp-json\/wp\/v2\/product\/721295","targetHints":{"allow":["GET"]}}],"collection":[{"href":"https:\/\/roveyayinevi.com.tr\/index.php\/wp-json\/wp\/v2\/product"}],"about":[{"href":"https:\/\/roveyayinevi.com.tr\/index.php\/wp-json\/wp\/v2\/types\/product"}],"wp:attachment":[{"href":"https:\/\/roveyayinevi.com.tr\/index.php\/wp-json\/wp\/v2\/media?parent=721295"}],"wp:term":[{"taxonomy":"product_brand","embeddable":true,"href":"https:\/\/roveyayinevi.com.tr\/index.php\/wp-json\/wp\/v2\/product_brand?post=721295"},{"taxonomy":"product_cat","embeddable":true,"href":"https:\/\/roveyayinevi.com.tr\/index.php\/wp-json\/wp\/v2\/product_cat?post=721295"},{"taxonomy":"product_tag","embeddable":true,"href":"https:\/\/roveyayinevi.com.tr\/index.php\/wp-json\/wp\/v2\/product_tag?post=721295"}],"curies":[{"name":"wp","href":"https:\/\/api.w.org\/{rel}","templated":true}]}}