{"id":721287,"date":"2025-08-27T18:48:07","date_gmt":"2025-08-27T15:48:07","guid":{"rendered":"https:\/\/roveyayinevi.com.tr\/index.php\/urun\/tam-yol-yonetim\/"},"modified":"2026-04-16T02:29:19","modified_gmt":"2026-04-15T23:29:19","slug":"tam-yol-yonetim","status":"publish","type":"product","link":"https:\/\/roveyayinevi.com.tr\/index.php\/urun\/tam-yol-yonetim\/","title":{"rendered":"Tam Yol Y\u00f6netim"},"content":{"rendered":"<p>Do\u011fru y\u00f6netim yap\u0131s\u0131 ve do\u011fru insan g\u00fcc\u00fc se\u00e7imi bir sekt\u00f6rde ba\u015far\u0131n\u0131n vazge\u00e7ilmez unsurlar\u0131d\u0131r. T\u00fcrk sporunun daha iyi noktalara gelmesi, y\u00f6netim sisteminin k\u00f6kl\u00fc bir \u015fekilde de\u011fi\u015fmesi, e\u011fitimli, y\u00fcz\u00fc modern d\u00fcnyaya d\u00f6n\u00fck, bilime a\u00e7\u0131k spor y\u00f6neticilerinin yeti\u015fmesi ve \u00f6nemli makamlarda g\u00f6rev almalar\u0131 yoluyla sa\u011flanacakt\u0131r. D\u00fcnyan\u0131n \u00f6nde gelen end\u00fcstrilerinden biri olan spor sekt\u00f6r\u00fc, spor y\u00f6netimi e\u011fitimi alm\u0131\u015f, sporun inceliklerini ve farkl\u0131l\u0131klar\u0131n\u0131 bilen ki\u015filer taraf\u0131ndan y\u00f6netilebilir. \u00dclkemizde bir\u00e7ok \u00fcniversitede e\u011fitimi verilen spor y\u00f6neticili\u011finin profesyonel bir meslek olarak sporun t\u00fcm kurum ve kurulu\u015flar\u0131nda yayg\u0131nla\u015fmas\u0131 ile bu kurumlar\u0131n y\u00f6netim ve organizasyon yap\u0131lar\u0131n\u0131n g\u00fcncellenmesi, \u201cTam Yol Y\u00f6netim\u201d yani t\u00fcm g\u00fc\u00e7 ile sporu y\u00f6netmek anlam\u0131na gelecektir. Bu kitapta, \u00fclkemizde uygulanmas\u0131 gereken spor y\u00f6netim stratejilerini, eksiklerimizi ve d\u00fcnyadaki ba\u015far\u0131l\u0131 spor y\u00f6netim modellerini bulacaks\u0131n\u0131z. <\/p>\n","protected":false},"excerpt":{"rendered":"<p>Do\u011fru y\u00f6netim yap\u0131s\u0131 ve do\u011fru insan g\u00fcc\u00fc se\u00e7imi bir sekt\u00f6rde ba\u015far\u0131n\u0131n vazge\u00e7ilmez unsurlar\u0131d\u0131r. T\u00fcrk sporunun daha iyi noktalara gelmesi, y\u00f6netim sisteminin k\u00f6kl\u00fc bir \u015fekilde de\u011fi\u015fmesi, e\u011fitimli,<span class=\"excerpt-hellip\"> [\u2026]<\/span><\/p>\n","protected":false},"featured_media":0,"template":"","meta":{"_monsterinsights_skip_tracking":false,"_monsterinsights_sitenote_active":false,"_monsterinsights_sitenote_note":"","_monsterinsights_sitenote_category":0},"product_brand":[],"product_cat":[12364,12376],"product_tag":[],"class_list":{"0":"post-721287","1":"product","2":"type-product","3":"status-publish","5":"product_cat-genel-konular","6":"product_cat-kisisel-gelisim","7":"pa_cilt-ciltsiz","8":"pa_tur-kitap","9":"pa_yayinevi-otuken-nesriyat","10":"pa_yazar-bilge-donuk","12":"first","13":"instock","14":"sale","15":"shipping-taxable","16":"purchasable","17":"product-type-simple"},"_links":{"self":[{"href":"https:\/\/roveyayinevi.com.tr\/index.php\/wp-json\/wp\/v2\/product\/721287","targetHints":{"allow":["GET"]}}],"collection":[{"href":"https:\/\/roveyayinevi.com.tr\/index.php\/wp-json\/wp\/v2\/product"}],"about":[{"href":"https:\/\/roveyayinevi.com.tr\/index.php\/wp-json\/wp\/v2\/types\/product"}],"wp:attachment":[{"href":"https:\/\/roveyayinevi.com.tr\/index.php\/wp-json\/wp\/v2\/media?parent=721287"}],"wp:term":[{"taxonomy":"product_brand","embeddable":true,"href":"https:\/\/roveyayinevi.com.tr\/index.php\/wp-json\/wp\/v2\/product_brand?post=721287"},{"taxonomy":"product_cat","embeddable":true,"href":"https:\/\/roveyayinevi.com.tr\/index.php\/wp-json\/wp\/v2\/product_cat?post=721287"},{"taxonomy":"product_tag","embeddable":true,"href":"https:\/\/roveyayinevi.com.tr\/index.php\/wp-json\/wp\/v2\/product_tag?post=721287"}],"curies":[{"name":"wp","href":"https:\/\/api.w.org\/{rel}","templated":true}]}}