{"id":721285,"date":"2025-08-27T18:48:06","date_gmt":"2025-08-27T15:48:06","guid":{"rendered":"https:\/\/roveyayinevi.com.tr\/index.php\/urun\/genc-kalemler-ve-turk-yurdu\/"},"modified":"2026-01-22T02:51:22","modified_gmt":"2026-01-21T23:51:22","slug":"genc-kalemler-ve-turk-yurdu","status":"publish","type":"product","link":"https:\/\/roveyayinevi.com.tr\/index.php\/urun\/genc-kalemler-ve-turk-yurdu\/","title":{"rendered":"Gen\u00e7 Kalemler ve T\u00fcrk Yurdu"},"content":{"rendered":"<p>Gen\u00e7 Kalemler, \u0130ttihat ve Terakki Cemiyeti\u2019nin teorisyeni Ziya G\u00f6kalp\u2019\u0131n \u00e7evresinde geli\u015fen \u201cYeni Hayat\u201d hareketinin de merkezinde yer alm\u0131\u015f ve G\u00f6kalp\u2019\u0131, sadece \u0130ttihat ve Terakki\u2019nin de\u011fil T\u00fcrk\u00e7\u00fcl\u00fck fikrinin de ideolo\u011fu haline getirmi\u015f bir dergidir. G\u00f6kalp\u2019\u0131n, \u00f6zellikle bu dergide ne\u015fredilen \u201cTuran\u201d, \u201cAltun Yurt\u201d gibi \u015fiirleri ile \u201cYeni Hayat ve Yeni K\u0131ymetler\u201d gibi teorik makaleleri T\u00fcrk d\u00fc\u015f\u00fcnce hayat\u0131nda \u00f6nemli bir yer edinmesini sa\u011flam\u0131\u015ft\u0131r. Toplam otuz \u00fc\u00e7 say\u0131 \u00e7\u0131kabilen Gen\u00e7 Kalemler dergisinin ne\u015fri, Balkan Sava\u015f\u0131&#8217;n\u0131n ba\u015flamas\u0131n\u0131n ard\u0131ndan Selanik&#8217;in 1912 y\u0131l\u0131 Kas\u0131m ay\u0131nda Osmanl\u0131 Devleti\u2019nin elinden \u00e7\u0131kmas\u0131yla son bulmu\u015ftur. Gen\u00e7 Kalemler dergisi kapand\u0131ktan sonra dergi yazarlar\u0131n\u0131n \u00f6nemli bir k\u0131sm\u0131 \u0130stanbul&#8217;a gelmi\u015f, T\u00fcrk Oca\u011f\u0131 ve T\u00fcrk Yurdu dergisi \u00e7evresine kat\u0131lm\u0131\u015flard\u0131r. Ziya G\u00f6kalp da bu dergide 1913-1914 y\u0131llar\u0131nda, daha sonra 1918 y\u0131l\u0131nda kitap halinde yay\u0131mlayaca\u011f\u0131 \u00f6nemli eserlerinden \u201cT\u00fcrkle\u015fmek \u0130slamla\u015fmak Muas\u0131rla\u015fmak\u201d ba\u015fl\u0131kl\u0131 yaz\u0131lar\u0131n\u0131 yay\u0131mlam\u0131\u015ft\u0131r. Bu yaz\u0131lar kitap haline getirilirken olduk\u00e7a \u00f6nemli de\u011fi\u015fiklikler yap\u0131ld\u0131\u011f\u0131ndan, s\u00f6z konusu farkl\u0131l\u0131klar G\u00f6kalp \u00e7al\u0131\u015fmalar\u0131nda b\u00fcy\u00fck m\u00fctefekkirin geli\u015fimini anlamam\u0131z\u0131 kolayla\u015ft\u0131racak metinler olarak k\u00fclliyat\u0131m\u0131z\u0131n bu cildine de d\u00e2hil edilmi\u015ftir. Ayr\u0131ca Gen\u00e7 Kalemler ve T\u00fcrk Yurdu Yaz\u0131lar\u0131 ba\u015fl\u0131\u011f\u0131n\u0131 ta\u015f\u0131yan bu cilde, G\u00f6kalp\u2019\u0131n Altun Arma\u011fan, T\u00fcrk Duygusu, T\u00fcrk S\u00f6z\u00fc, Bilgi, Harp, Dar\u00fclf\u00fcnun Edebiyat Fak\u00fcltesi, Gen\u00e7 Gen\u00e7 Kalemler, \u0130ttihat ve Terakki Cemiyeti\u2019nin teorisyeni Ziya G\u00f6kalp\u2019\u0131n \u00e7evresinde geli\u015fen \u201cYeni Hayat\u201d hareketinin de merkezinde yer alm\u0131\u015f ve G\u00f6kalp\u2019\u0131, sadece \u0130ttihat ve Terakki\u2019nin de\u011fil T\u00fcrk\u00e7\u00fcl\u00fck fikrinin de ideolo\u011fu haline getirmi\u015f bir dergidir. G\u00f6kalp\u2019\u0131n, \u00f6zellikle bu dergide ne\u015fredilen \u201cTuran\u201d, \u201cAltun Yurt\u201d gibi \u015fiirleri ile \u201cYeni Hayat ve Yeni K\u0131ymetler\u201d gibi teorik makaleleri T\u00fcrk d\u00fc\u015f\u00fcnce hayat\u0131nda \u00f6nemli bir yer edinmesini sa\u011flam\u0131\u015ft\u0131r. Toplam otuz \u00fc\u00e7 say\u0131 \u00e7\u0131kabilen Gen\u00e7 Kalemler dergisinin ne\u015fri, Balkan Sava\u015f\u0131&#8217;n\u0131n ba\u015flamas\u0131n\u0131n ard\u0131ndan Selanik&#8217;in 1912 y\u0131l\u0131 Kas\u0131m ay\u0131nda Osmanl\u0131 Devleti\u2019nin elinden \u00e7\u0131kmas\u0131yla son bulmu\u015ftur. Gen\u00e7 Kalemler dergisi kapand\u0131ktan sonra dergi yazarlar\u0131n\u0131n \u00f6nemli bir k\u0131sm\u0131 \u0130stanbul&#8217;a gelmi\u015f, T\u00fcrk Oca\u011f\u0131 ve T\u00fcrk Yurdu dergisi \u00e7evresine kat\u0131lm\u0131\u015flard\u0131r. Ziya G\u00f6kalp da bu dergide 1913-1914 y\u0131llar\u0131nda, daha sonra 1918 y\u0131l\u0131nda kitap halinde yay\u0131mlayaca\u011f\u0131 \u00f6nemli eserlerinden \u201cT\u00fcrkle\u015fmek \u0130slamla\u015fmak Muas\u0131rla\u015fmak\u201d ba\u015fl\u0131kl\u0131 yaz\u0131lar\u0131n\u0131 yay\u0131mlam\u0131\u015ft\u0131r. Bu yaz\u0131lar kitap haline getirilirken olduk\u00e7a \u00f6nemli de\u011fi\u015fiklikler yap\u0131ld\u0131\u011f\u0131ndan, s\u00f6z konusu farkl\u0131l\u0131klar G\u00f6kalp \u00e7al\u0131\u015fmalar\u0131nda b\u00fcy\u00fck m\u00fctefekkirin geli\u015fimini anlamam\u0131z\u0131 kolayla\u015ft\u0131racak metinler olarak k\u00fclliyat\u0131m\u0131z\u0131n bu cildine de d\u00e2hil edilmi\u015ftir. Ayr\u0131ca Gen\u00e7 Kalemler ve T\u00fcrk Yurdu Yaz\u0131lar\u0131 ba\u015fl\u0131\u011f\u0131n\u0131 ta\u015f\u0131yan bu cilde, G\u00f6kalp\u2019\u0131n Altun Arma\u011fan, T\u00fcrk Duygusu, T\u00fcrk S\u00f6z\u00fc, Bilgi, Harp, Dar\u00fclf\u00fcnun Edebiyat Fak\u00fcltesi, Gen\u00e7 Yolcular ve Altun Yurt mecmualar\u0131nda yay\u0131mlanan \u015fiir ve yaz\u0131lar\u0131 da eklenmi\u015ftir. <\/p>\n","protected":false},"excerpt":{"rendered":"<p>Gen\u00e7 Kalemler, \u0130ttihat ve Terakki Cemiyeti\u2019nin teorisyeni Ziya G\u00f6kalp\u2019\u0131n \u00e7evresinde geli\u015fen \u201cYeni Hayat\u201d hareketinin de merkezinde yer alm\u0131\u015f ve G\u00f6kalp\u2019\u0131, sadece \u0130ttihat ve Terakki\u2019nin de\u011fil T\u00fcrk\u00e7\u00fcl\u00fck<span class=\"excerpt-hellip\"> [\u2026]<\/span><\/p>\n","protected":false},"featured_media":0,"template":"","meta":{"_monsterinsights_skip_tracking":false,"_monsterinsights_sitenote_active":false,"_monsterinsights_sitenote_note":"","_monsterinsights_sitenote_category":0},"product_brand":[],"product_cat":[12325,12324],"product_tag":[],"class_list":{"0":"post-721285","1":"product","2":"type-product","3":"status-publish","5":"product_cat-diger-sosyoloji","6":"product_cat-sosyoloji","7":"pa_cilt-ciltsiz","8":"pa_tur-kitap","9":"pa_yayinevi-otuken-nesriyat","10":"pa_yazar-ziya-gokalp","12":"first","13":"instock","14":"sale","15":"shipping-taxable","16":"purchasable","17":"product-type-simple"},"_links":{"self":[{"href":"https:\/\/roveyayinevi.com.tr\/index.php\/wp-json\/wp\/v2\/product\/721285","targetHints":{"allow":["GET"]}}],"collection":[{"href":"https:\/\/roveyayinevi.com.tr\/index.php\/wp-json\/wp\/v2\/product"}],"about":[{"href":"https:\/\/roveyayinevi.com.tr\/index.php\/wp-json\/wp\/v2\/types\/product"}],"wp:attachment":[{"href":"https:\/\/roveyayinevi.com.tr\/index.php\/wp-json\/wp\/v2\/media?parent=721285"}],"wp:term":[{"taxonomy":"product_brand","embeddable":true,"href":"https:\/\/roveyayinevi.com.tr\/index.php\/wp-json\/wp\/v2\/product_brand?post=721285"},{"taxonomy":"product_cat","embeddable":true,"href":"https:\/\/roveyayinevi.com.tr\/index.php\/wp-json\/wp\/v2\/product_cat?post=721285"},{"taxonomy":"product_tag","embeddable":true,"href":"https:\/\/roveyayinevi.com.tr\/index.php\/wp-json\/wp\/v2\/product_tag?post=721285"}],"curies":[{"name":"wp","href":"https:\/\/api.w.org\/{rel}","templated":true}]}}