{"id":721284,"date":"2025-08-27T18:48:05","date_gmt":"2025-08-27T15:48:05","guid":{"rendered":"https:\/\/roveyayinevi.com.tr\/index.php\/urun\/golgelerin-efendisi-13-kizil-tilki-klani\/"},"modified":"2026-04-16T02:29:19","modified_gmt":"2026-04-15T23:29:19","slug":"golgelerin-efendisi-13-kizil-tilki-klani","status":"publish","type":"product","link":"https:\/\/roveyayinevi.com.tr\/index.php\/urun\/golgelerin-efendisi-13-kizil-tilki-klani\/","title":{"rendered":"G\u00f6lgelerin Efendisi 13 &#8211; K\u0131z\u0131l Tilki Klan\u0131"},"content":{"rendered":"<p>Macera devam ediyor\u2026Orman Muhaf\u0131z\u0131 e\u011fitiminde \u00fc\u00e7\u00fcnc\u00fc y\u0131l\u0131n\u0131 tamamlayan Maddie\u2019nin eve, Araluen \u015eatosu\u2019na d\u00f6nme vakti gelmi\u015ftir. Maddie Orman Muhaf\u0131z\u0131 e\u011fitimine kabul edilen ilk k\u0131z \u00f6\u011frenci olmakla birlikte, Araluen Krall\u0131\u011f\u0131\u2019n\u0131n prensesidir ve bu y\u00fczden e\u011fitimini s\u0131r gibi saklamak zorundad\u0131r. Halk aras\u0131nda, K\u0131z\u0131l Tilki Klan\u0131 ad\u0131 verilen isyanc\u0131 bir gruptan s\u00f6z edilmektedir. Tilki maskesi takan ve erkek h\u00fck\u00fcmdar kanununu geri getirmeyi hedefleyen Klan, Prenses Cassandra ve Maddie i\u00e7in tehdit olu\u015fturur. K\u0131z\u0131l Tilki Klan\u0131, gizemli bir liderle k\u0131sa s\u00fcrede y\u00fczlerce \u00fcyeye sahip, g\u00fc\u00e7l\u00fc bir hareket haline gelir.Maddie\u2019nin Orman Muhaf\u0131z\u0131 e\u011fitimi, annesini ve Araluen \u015eatosu\u2019nu tehditlerden korumaya yetecek midir?<\/p>\n","protected":false},"excerpt":{"rendered":"<p>Macera devam ediyor\u2026Orman Muhaf\u0131z\u0131 e\u011fitiminde \u00fc\u00e7\u00fcnc\u00fc y\u0131l\u0131n\u0131 tamamlayan Maddie\u2019nin eve, Araluen \u015eatosu\u2019na d\u00f6nme vakti gelmi\u015ftir. Maddie Orman Muhaf\u0131z\u0131 e\u011fitimine kabul edilen ilk k\u0131z \u00f6\u011frenci olmakla birlikte,<span class=\"excerpt-hellip\"> [\u2026]<\/span><\/p>\n","protected":false},"featured_media":0,"template":"","meta":{"_monsterinsights_skip_tracking":false,"_monsterinsights_sitenote_active":false,"_monsterinsights_sitenote_note":"","_monsterinsights_sitenote_category":0},"product_brand":[],"product_cat":[12274,12284],"product_tag":[],"class_list":{"0":"post-721284","1":"product","2":"type-product","3":"status-publish","5":"product_cat-cocuk-ve-genclik-kitaplari","6":"product_cat-hikayeler","7":"pa_cilt-ciltsiz","8":"pa_tur-kitap","9":"pa_yayinevi-beyaz-balina-yayinlari","10":"pa_yazar-john-flanagan","12":"first","13":"instock","14":"sale","15":"shipping-taxable","16":"purchasable","17":"product-type-simple"},"_links":{"self":[{"href":"https:\/\/roveyayinevi.com.tr\/index.php\/wp-json\/wp\/v2\/product\/721284","targetHints":{"allow":["GET"]}}],"collection":[{"href":"https:\/\/roveyayinevi.com.tr\/index.php\/wp-json\/wp\/v2\/product"}],"about":[{"href":"https:\/\/roveyayinevi.com.tr\/index.php\/wp-json\/wp\/v2\/types\/product"}],"wp:attachment":[{"href":"https:\/\/roveyayinevi.com.tr\/index.php\/wp-json\/wp\/v2\/media?parent=721284"}],"wp:term":[{"taxonomy":"product_brand","embeddable":true,"href":"https:\/\/roveyayinevi.com.tr\/index.php\/wp-json\/wp\/v2\/product_brand?post=721284"},{"taxonomy":"product_cat","embeddable":true,"href":"https:\/\/roveyayinevi.com.tr\/index.php\/wp-json\/wp\/v2\/product_cat?post=721284"},{"taxonomy":"product_tag","embeddable":true,"href":"https:\/\/roveyayinevi.com.tr\/index.php\/wp-json\/wp\/v2\/product_tag?post=721284"}],"curies":[{"name":"wp","href":"https:\/\/api.w.org\/{rel}","templated":true}]}}