{"id":721283,"date":"2025-08-27T18:48:04","date_gmt":"2025-08-27T15:48:04","guid":{"rendered":"https:\/\/roveyayinevi.com.tr\/index.php\/urun\/can-dostum\/"},"modified":"2026-04-12T02:34:56","modified_gmt":"2026-04-11T23:34:56","slug":"can-dostum","status":"publish","type":"product","link":"https:\/\/roveyayinevi.com.tr\/index.php\/urun\/can-dostum\/","title":{"rendered":"Can Dostum"},"content":{"rendered":"<p>Uysal Ben\u2019in yazar\u0131ndan ak\u0131llara durgunluk veren bir yolculuk hik\u00e2yesi.Kuzey Amerika K\u0131zak K\u00f6pe\u011fi Yar\u0131\u015f\u0131\u2019n\u0131n galibi olan kurt k\u00f6pe\u011fi Kavik zengin bir koleksiyoncu taraf\u0131ndan sat\u0131n al\u0131n\u0131p kafese kapat\u0131larak bir e\u015fya gibi sergilenmek \u00fczere g\u00fcneye g\u00f6nderilir. Ama bindirildi\u011fi u\u00e7ak \u015fiddetli f\u0131rt\u0131na y\u00fcz\u00fcnden d\u00fc\u015f\u00fcnce Kavik bir anda \u0131ss\u0131zl\u0131\u011f\u0131n ortas\u0131nda, kafese kapat\u0131lm\u0131\u015f vaziyette yapayaln\u0131z kal\u0131r. G\u00fcnlerce a\u00e7l\u0131\u011fa, so\u011fu\u011fa ve y\u0131rt\u0131c\u0131 hayvanlara kar\u015f\u0131 verdi\u011fi m\u00fccadeleyi kaybetmek \u00fczereyken Andy ad\u0131ndaki on be\u015f ya\u015f\u0131nda bir \u00e7ocuk imdad\u0131na yeti\u015fir. Andy\u2019nin ilgisi ve sevgisi sayesinde eski g\u00fcc\u00fcne kavu\u015fan Kavik bir g\u00fcn ayr\u0131lmak zorunda kalsalar bile Andy\u2019yi hi\u00e7 unutmayacak ve ona kavu\u015fmak i\u00e7in d\u00fcnyan\u0131n bir ucundan tehlikelerle dolu bir yolculu\u011fa \u00e7\u0131kacakt\u0131r.<\/p>\n","protected":false},"excerpt":{"rendered":"<p>Uysal Ben\u2019in yazar\u0131ndan ak\u0131llara durgunluk veren bir yolculuk hik\u00e2yesi.Kuzey Amerika K\u0131zak K\u00f6pe\u011fi Yar\u0131\u015f\u0131\u2019n\u0131n galibi olan kurt k\u00f6pe\u011fi Kavik zengin bir koleksiyoncu taraf\u0131ndan sat\u0131n al\u0131n\u0131p kafese kapat\u0131larak<span class=\"excerpt-hellip\"> [\u2026]<\/span><\/p>\n","protected":false},"featured_media":0,"template":"","meta":{"_monsterinsights_skip_tracking":false,"_monsterinsights_sitenote_active":false,"_monsterinsights_sitenote_note":"","_monsterinsights_sitenote_category":0},"product_brand":[],"product_cat":[12274,12284],"product_tag":[],"class_list":{"0":"post-721283","1":"product","2":"type-product","3":"status-publish","5":"product_cat-cocuk-ve-genclik-kitaplari","6":"product_cat-hikayeler","7":"pa_cilt-ciltsiz","8":"pa_tur-kitap","9":"pa_yayinevi-beyaz-balina-yayinlari","10":"pa_yazar-walt-morey","12":"first","13":"instock","14":"sale","15":"shipping-taxable","16":"purchasable","17":"product-type-simple"},"_links":{"self":[{"href":"https:\/\/roveyayinevi.com.tr\/index.php\/wp-json\/wp\/v2\/product\/721283","targetHints":{"allow":["GET"]}}],"collection":[{"href":"https:\/\/roveyayinevi.com.tr\/index.php\/wp-json\/wp\/v2\/product"}],"about":[{"href":"https:\/\/roveyayinevi.com.tr\/index.php\/wp-json\/wp\/v2\/types\/product"}],"wp:attachment":[{"href":"https:\/\/roveyayinevi.com.tr\/index.php\/wp-json\/wp\/v2\/media?parent=721283"}],"wp:term":[{"taxonomy":"product_brand","embeddable":true,"href":"https:\/\/roveyayinevi.com.tr\/index.php\/wp-json\/wp\/v2\/product_brand?post=721283"},{"taxonomy":"product_cat","embeddable":true,"href":"https:\/\/roveyayinevi.com.tr\/index.php\/wp-json\/wp\/v2\/product_cat?post=721283"},{"taxonomy":"product_tag","embeddable":true,"href":"https:\/\/roveyayinevi.com.tr\/index.php\/wp-json\/wp\/v2\/product_tag?post=721283"}],"curies":[{"name":"wp","href":"https:\/\/api.w.org\/{rel}","templated":true}]}}