{"id":721282,"date":"2025-08-27T18:48:03","date_gmt":"2025-08-27T15:48:03","guid":{"rendered":"https:\/\/roveyayinevi.com.tr\/index.php\/urun\/benim-adim-mbappe\/"},"modified":"2026-04-13T02:35:53","modified_gmt":"2026-04-12T23:35:53","slug":"benim-adim-mbappe","status":"publish","type":"product","link":"https:\/\/roveyayinevi.com.tr\/index.php\/urun\/benim-adim-mbappe\/","title":{"rendered":"Benim Ad\u0131m Mbappe"},"content":{"rendered":"<p>Bu kitapta, Fransa\u2019n\u0131n Bondy Mahallesi\u2019nden gelen Kylian Mbapp\u00e9\u2019nin ya\u015fam\u0131n\u0131 ve elde etti\u011fi muhte\u015fem ba\u015far\u0131lar\u0131 okuyacaks\u0131n\u0131z.Kylian Mbapp\u00e9 daha on dokuz ya\u015f\u0131ndayken en b\u00fcy\u00fck hayali olan D\u00fcnya Kupas\u0131\u2019n\u0131 eline alan bir oyuncu. Paris Saint-Germain ve Fransa Mill\u00ee Tak\u0131m\u0131\u2019nda oynayan Kamerun as\u0131ll\u0131 Frans\u0131z futbolcu, ba\u015far\u0131 basamaklar\u0131n\u0131 h\u0131zla t\u0131rmanmaya devam ediyor. 2019 D\u00fcnya Kupas\u0131\u2019nda y\u0131ld\u0131zla\u015fan bu gen\u00e7 oyuncunun hedefi, gelmi\u015f ge\u00e7mi\u015f en iyi futbolcu olmak.<\/p>\n","protected":false},"excerpt":{"rendered":"<p>Bu kitapta, Fransa\u2019n\u0131n Bondy Mahallesi\u2019nden gelen Kylian Mbapp\u00e9\u2019nin ya\u015fam\u0131n\u0131 ve elde etti\u011fi muhte\u015fem ba\u015far\u0131lar\u0131 okuyacaks\u0131n\u0131z.Kylian Mbapp\u00e9 daha on dokuz ya\u015f\u0131ndayken en b\u00fcy\u00fck hayali olan D\u00fcnya Kupas\u0131\u2019n\u0131<span class=\"excerpt-hellip\"> [\u2026]<\/span><\/p>\n","protected":false},"featured_media":0,"template":"","meta":{"_monsterinsights_skip_tracking":false,"_monsterinsights_sitenote_active":false,"_monsterinsights_sitenote_note":"","_monsterinsights_sitenote_category":0},"product_brand":[],"product_cat":[14009,12291],"product_tag":[],"class_list":{"0":"post-721282","1":"product","2":"type-product","3":"status-publish","5":"product_cat-biyografi-otobiyografi-edebiyat","6":"product_cat-edebiyat","7":"pa_cilt-ciltsiz","8":"pa_tur-kitap","9":"pa_yayinevi-beyaz-balina-yayinlari","10":"pa_yazar-kolektif","12":"first","13":"instock","14":"sale","15":"shipping-taxable","16":"purchasable","17":"product-type-simple"},"_links":{"self":[{"href":"https:\/\/roveyayinevi.com.tr\/index.php\/wp-json\/wp\/v2\/product\/721282","targetHints":{"allow":["GET"]}}],"collection":[{"href":"https:\/\/roveyayinevi.com.tr\/index.php\/wp-json\/wp\/v2\/product"}],"about":[{"href":"https:\/\/roveyayinevi.com.tr\/index.php\/wp-json\/wp\/v2\/types\/product"}],"wp:attachment":[{"href":"https:\/\/roveyayinevi.com.tr\/index.php\/wp-json\/wp\/v2\/media?parent=721282"}],"wp:term":[{"taxonomy":"product_brand","embeddable":true,"href":"https:\/\/roveyayinevi.com.tr\/index.php\/wp-json\/wp\/v2\/product_brand?post=721282"},{"taxonomy":"product_cat","embeddable":true,"href":"https:\/\/roveyayinevi.com.tr\/index.php\/wp-json\/wp\/v2\/product_cat?post=721282"},{"taxonomy":"product_tag","embeddable":true,"href":"https:\/\/roveyayinevi.com.tr\/index.php\/wp-json\/wp\/v2\/product_tag?post=721282"}],"curies":[{"name":"wp","href":"https:\/\/api.w.org\/{rel}","templated":true}]}}