{"id":721278,"date":"2025-08-27T18:48:00","date_gmt":"2025-08-27T15:48:00","guid":{"rendered":"https:\/\/roveyayinevi.com.tr\/index.php\/urun\/hegelin-felsefesine-elestirel-bir-giris\/"},"modified":"2026-04-16T02:29:19","modified_gmt":"2026-04-15T23:29:19","slug":"hegelin-felsefesine-elestirel-bir-giris","status":"publish","type":"product","link":"https:\/\/roveyayinevi.com.tr\/index.php\/urun\/hegelin-felsefesine-elestirel-bir-giris\/","title":{"rendered":"Hegel&#8217;in Felsefesine Ele\u015ftirel Bir Giri\u015f"},"content":{"rendered":"<p>\u0130nsan\u0131n t\u00fcm yap\u0131p etmelerinin hakikati ama\u00e7lad\u0131\u011f\u0131ndan hareket eden bir filozofla kar\u015f\u0131 kar\u015f\u0131yay\u0131z. Bu yap\u0131p etmeleri aras\u0131nda felsefe etkinli\u011fiyse, insan\u0131 insan yapan en \u00fcst ve de\u011ferli etkinlik. Felsefe, en s\u0131radan deneyimle ba\u015flay\u0131p bilim, sanat, din, etik, siyaset ve tarihin bilgisiyle deneyim alan\u0131n\u0131 geni\u015fleten ve bu alanlar\u0131n i\u00e7inden s\u00fcz\u00fclerek varl\u0131\u011f\u0131 en genel anlam\u0131yla a\u00e7\u0131klayan bir bilgi olarak hakikati ama\u00e7lamaktad\u0131r. Hegel\u2019in felsefe kavray\u0131\u015f\u0131 muazzamd\u0131. O, felsefenin \u00fcstlendi\u011fi g\u00f6revi mutlak, yani s\u0131n\u0131r\u0131 olmayan bir bilginin edinilmesi olarak kavram\u0131\u015ft\u0131. \u00d6nceki filozoflar\u0131n insan\u0131n bilgisine bir s\u0131n\u0131r \u00e7ekmelerine kar\u015f\u0131, felsefenin asli g\u00f6revini hat\u0131rlat\u0131rcas\u0131na, onlar\u0131n getirmi\u015f oldu\u011fu s\u0131n\u0131rlamalar\u0131n yanl\u0131\u015fl\u0131\u011f\u0131n\u0131 g\u00f6stermeye giri\u015fti. Bu \u00e7aba belki de hayalperest\u00e7eydi, ama felsefi tutkunun geleneksel ihti\u015fam\u0131n\u0131 yeniden kazand\u0131rmak ad\u0131na kahramanca bir \u00e7aba oldu\u011fu da a\u015fik\u00e2r. Hegel\u2019in felsefesi \u00e7o\u011funlukla anla\u015f\u0131lmaz, zor ve n\u00fcfuz edilemez olarak g\u00f6r\u00fcn\u00fcr. Bu hayranl\u0131k verici ve etkileyici d\u00fc\u015f\u00fcn\u00fcr\u00fc daha eri\u015filir k\u0131lmak ad\u0131na IvanSoll, onun felsefesinin \u00f6z\u00fcn\u00fc de\u011ferlendirme, a\u00e7\u0131klama ve yerli yerine oturtmaya giri\u015fiyor. Bu kitap \u00f6zellikle Hegel\u2019in felsefi yaz\u0131lar\u0131n\u0131n \u00e7ekirde\u011fini olu\u015fturan d\u00f6rt kitab\u0131ndan \u00fc\u00e7\u00fc \u00fczerine yo\u011funla\u015f\u0131yor: Tinin Fenomenolojisi, Mant\u0131k Bilimi ve Felsefi Bilimler Ansiklopedisi. Soll, bunlar\u0131n s\u0131kl\u0131kla g\u00f6zden ka\u00e7an s\u00fcreklili\u011fini vurgularken, onlar\u0131 tek bir felsefi giri\u015fimin \u00f6\u011feleri olarak sunuyor. <\/p>\n","protected":false},"excerpt":{"rendered":"<p>\u0130nsan\u0131n t\u00fcm yap\u0131p etmelerinin hakikati ama\u00e7lad\u0131\u011f\u0131ndan hareket eden bir filozofla kar\u015f\u0131 kar\u015f\u0131yay\u0131z. Bu yap\u0131p etmeleri aras\u0131nda felsefe etkinli\u011fiyse, insan\u0131 insan yapan en \u00fcst ve de\u011ferli etkinlik.<span class=\"excerpt-hellip\"> [\u2026]<\/span><\/p>\n","protected":false},"featured_media":0,"template":"","meta":{"_monsterinsights_skip_tracking":false,"_monsterinsights_sitenote_active":false,"_monsterinsights_sitenote_note":"","_monsterinsights_sitenote_category":0},"product_brand":[],"product_cat":[12389,12388],"product_tag":[],"class_list":{"0":"post-721278","1":"product","2":"type-product","3":"status-publish","5":"product_cat-diger-felsefe","6":"product_cat-felsefe","7":"pa_cilt-ciltsiz","8":"pa_tur-kitap","9":"pa_yayinevi-ayrinti-yayinlari","10":"pa_yazar-ivan-soll","12":"first","13":"instock","14":"sale","15":"shipping-taxable","16":"purchasable","17":"product-type-simple"},"_links":{"self":[{"href":"https:\/\/roveyayinevi.com.tr\/index.php\/wp-json\/wp\/v2\/product\/721278","targetHints":{"allow":["GET"]}}],"collection":[{"href":"https:\/\/roveyayinevi.com.tr\/index.php\/wp-json\/wp\/v2\/product"}],"about":[{"href":"https:\/\/roveyayinevi.com.tr\/index.php\/wp-json\/wp\/v2\/types\/product"}],"wp:attachment":[{"href":"https:\/\/roveyayinevi.com.tr\/index.php\/wp-json\/wp\/v2\/media?parent=721278"}],"wp:term":[{"taxonomy":"product_brand","embeddable":true,"href":"https:\/\/roveyayinevi.com.tr\/index.php\/wp-json\/wp\/v2\/product_brand?post=721278"},{"taxonomy":"product_cat","embeddable":true,"href":"https:\/\/roveyayinevi.com.tr\/index.php\/wp-json\/wp\/v2\/product_cat?post=721278"},{"taxonomy":"product_tag","embeddable":true,"href":"https:\/\/roveyayinevi.com.tr\/index.php\/wp-json\/wp\/v2\/product_tag?post=721278"}],"curies":[{"name":"wp","href":"https:\/\/api.w.org\/{rel}","templated":true}]}}