{"id":721274,"date":"2025-08-27T18:47:57","date_gmt":"2025-08-27T15:47:57","guid":{"rendered":"https:\/\/roveyayinevi.com.tr\/index.php\/urun\/rembrandt\/"},"modified":"2025-09-22T12:03:39","modified_gmt":"2025-09-22T09:03:39","slug":"rembrandt","status":"publish","type":"product","link":"https:\/\/roveyayinevi.com.tr\/index.php\/urun\/rembrandt\/","title":{"rendered":"Rembrandt"},"content":{"rendered":"<p>Hollandal\u0131 bir de\u011firmencinin o\u011flu, do\u011fdu\u011fu k\u00fc\u00e7\u00fck kentten \u00e7\u0131k\u0131p Amsterdam\u2019a yerle\u015fti. Ya\u015fam\u0131 boyunca bir kere bile ba\u015fka bir \u00fclkeye gitmedi. \u00c7al\u0131\u015fkand\u0131, azimliydi. Resim yaparak, kendisinin ve ba\u015fkalar\u0131n\u0131n resimlerini satarak ge\u00e7imini sa\u011flad\u0131. Her ressama nasip olmayacak bir \u015fansla, resimden para kazand\u0131, bu sayede gen\u00e7li\u011finde maddi s\u0131k\u0131nt\u0131 \u00e7ekmedi. \u00c7ok sevdi\u011fi koleksiyonuyla, ona Destek olan e\u015fi Saskia\u2019yla, o\u011flu Titus\u2019la, b\u00fcy\u00fck bir hevesle ald\u0131\u011f\u0131 g\u00fczel evinde mutlu bir hayat s\u00fcr\u00fcyordu ama talihi d\u00f6nd\u00fc. \u00d6nce Saskia\u2019y\u0131 sonra servetini kaybetti. Bor\u00e7lar\u0131n\u0131 \u00f6demek i\u00e7in koleksiyonunu ve evini satt\u0131. Hayatta kalan tek o\u011flunun vakitsiz \u00f6l\u00fcm\u00fcn\u00fc g\u00f6rd\u00fc. Yitirdi\u011fi her \u015feyin, e\u015finin, zenginli\u011finin, o\u011flunun yas\u0131n\u0131 tutarken torununu kuca\u011f\u0131na ald\u0131. Onunla ve resimle kendini avuturken hayata g\u00f6zlerini yumdu. Ard\u0131nda, sanat tarih\u00e7ilerini as\u0131rlard\u0131r me\u015fgul eden, y\u00f6netmenleri, edebiyat\u00e7\u0131lar\u0131 ve pek \u00e7ok farkl\u0131 sanat uzman\u0131n\u0131 derinden etkileyen gizemli resimler b\u0131rakt\u0131. Ad\u0131yla Bat\u0131 sanat\u0131na da Hollanda resminde Alt\u0131n \u00c7a\u011fa da damga vurdu: Rembrandt van Rijn. Hayalperest Yay\u0131nlar\u0131\u2019n\u0131n Sanat\u0131n B\u00fcy\u00fck Ustalar\u0131 serisinde yer alan bu kitap, Rembrandt\u2019\u0131n ya\u015fam \u00f6yk\u00fcs\u00fcn\u00fcn yan\u0131 s\u0131ra eserlerine de odaklan\u0131yor. Ressam\u0131n grup portrelerinden dini resimlerine ve grav\u00fcrlerine kadar pek \u00e7ok \u00e7al\u0131\u015fmas\u0131n\u0131 mercek alt\u0131na alan kitap, okurlara bir Rembrandt eserine bakarken nelere odaklanabilecekleri hakk\u0131nda ipu\u00e7lar\u0131 veriyor. Doksan alt\u0131 sayfadan olu\u015fan kitap, metni zenginle\u015ftiren notlar\u0131, kaynak kitap, film gibi \u00f6nerileriyle Rembrandt\u2019\u0131n i\u00e7inde ya\u015fad\u0131\u011f\u0131 ortam\u0131, d\u00f6nemi ve toplumu anlamaya ili\u015fkin katmanl\u0131 bir okuma imkan\u0131 sunuyor. B\u00f6ylece ressam\u0131n i\u00e7 d\u00fcnyas\u0131na a\u00e7\u0131lan kap\u0131n\u0131n anahtar\u0131n\u0131 veren kitap, i\u015fin geri kalan k\u0131sm\u0131n\u0131 okura b\u0131rak\u0131yor.<\/p>\n","protected":false},"excerpt":{"rendered":"<p>Hollandal\u0131 bir de\u011firmencinin o\u011flu, do\u011fdu\u011fu k\u00fc\u00e7\u00fck kentten \u00e7\u0131k\u0131p Amsterdam\u2019a yerle\u015fti. Ya\u015fam\u0131 boyunca bir kere bile ba\u015fka bir \u00fclkeye gitmedi. \u00c7al\u0131\u015fkand\u0131, azimliydi. Resim yaparak, kendisinin ve ba\u015fkalar\u0131n\u0131n<span class=\"excerpt-hellip\"> [\u2026]<\/span><\/p>\n","protected":false},"featured_media":0,"template":"","meta":{"_monsterinsights_skip_tracking":false,"_monsterinsights_sitenote_active":false,"_monsterinsights_sitenote_note":"","_monsterinsights_sitenote_category":0},"product_brand":[],"product_cat":[13021,12408],"product_tag":[],"class_list":{"0":"post-721274","1":"product","2":"type-product","3":"status-publish","5":"product_cat-sahne-sanatlari","6":"product_cat-sanat","7":"pa_cilt-ciltsiz","8":"pa_tur-kitap","9":"pa_yayinevi-hayalperest-yayinlari","10":"pa_yazar-firdevs-candil-erdogan","12":"first","13":"instock","14":"sale","15":"shipping-taxable","16":"purchasable","17":"product-type-simple"},"_links":{"self":[{"href":"https:\/\/roveyayinevi.com.tr\/index.php\/wp-json\/wp\/v2\/product\/721274","targetHints":{"allow":["GET"]}}],"collection":[{"href":"https:\/\/roveyayinevi.com.tr\/index.php\/wp-json\/wp\/v2\/product"}],"about":[{"href":"https:\/\/roveyayinevi.com.tr\/index.php\/wp-json\/wp\/v2\/types\/product"}],"wp:attachment":[{"href":"https:\/\/roveyayinevi.com.tr\/index.php\/wp-json\/wp\/v2\/media?parent=721274"}],"wp:term":[{"taxonomy":"product_brand","embeddable":true,"href":"https:\/\/roveyayinevi.com.tr\/index.php\/wp-json\/wp\/v2\/product_brand?post=721274"},{"taxonomy":"product_cat","embeddable":true,"href":"https:\/\/roveyayinevi.com.tr\/index.php\/wp-json\/wp\/v2\/product_cat?post=721274"},{"taxonomy":"product_tag","embeddable":true,"href":"https:\/\/roveyayinevi.com.tr\/index.php\/wp-json\/wp\/v2\/product_tag?post=721274"}],"curies":[{"name":"wp","href":"https:\/\/api.w.org\/{rel}","templated":true}]}}