{"id":721271,"date":"2025-08-27T18:47:56","date_gmt":"2025-08-27T15:47:56","guid":{"rendered":"https:\/\/roveyayinevi.com.tr\/index.php\/urun\/kurbagacik-okul-gezisinde\/"},"modified":"2026-04-16T02:29:19","modified_gmt":"2026-04-15T23:29:19","slug":"kurbagacik-okul-gezisinde","status":"publish","type":"product","link":"https:\/\/roveyayinevi.com.tr\/index.php\/urun\/kurbagacik-okul-gezisinde\/","title":{"rendered":"Kurba\u011fac\u0131k Okul Gezisinde"},"content":{"rendered":"<p>Kurba\u011fac\u0131k, o sabah, heyecandanyerindeduram\u0131yordu. Oldu\u011fuyerdez\u0131pz\u0131pz\u0131pl\u0131yor, Bayan Bayku\u015f\u2019unTatl\u0131P\u0131t\u0131rc\u0131klar Okulu\u2019nagitmeki\u00e7in can at\u0131yordu. .u\u0308nku\u0308&#8230; Bugu\u0308nokulgezisinegideceklerdi! Babas\u0131, Kurba\u011fac\u0131\u011f\u0131, \u00f6\u011fretmeninins.zu\u0308nden\u00e7\u0131kmamas\u0131i\u00e7in s\u0131k\u0131s\u0131k\u0131tembihlediama&#8230; AcabaKurba\u011fac\u0131k, okulgezisindeusluduracakm\u0131yd\u0131? Haydi, Bayan Bayku\u015fvetatl\u0131p\u0131t\u0131r\u0131c\u0131klar\u0131n\u0131nokulgezisine kat\u0131lal\u0131mve hep birlikteg\u00f6relim! <\/p>\n","protected":false},"excerpt":{"rendered":"<p>Kurba\u011fac\u0131k, o sabah, heyecandanyerindeduram\u0131yordu. Oldu\u011fuyerdez\u0131pz\u0131pz\u0131pl\u0131yor, Bayan Bayku\u015f\u2019unTatl\u0131P\u0131t\u0131rc\u0131klar Okulu\u2019nagitmeki\u00e7in can at\u0131yordu. .u\u0308nku\u0308&#8230; Bugu\u0308nokulgezisinegideceklerdi! Babas\u0131, Kurba\u011fac\u0131\u011f\u0131, \u00f6\u011fretmeninins.zu\u0308nden\u00e7\u0131kmamas\u0131i\u00e7in s\u0131k\u0131s\u0131k\u0131tembihlediama&#8230; AcabaKurba\u011fac\u0131k, okulgezisindeusluduracakm\u0131yd\u0131? Haydi, Bayan Bayku\u015fvetatl\u0131p\u0131t\u0131r\u0131c\u0131klar\u0131n\u0131nokulgezisine kat\u0131lal\u0131mve hep birlikteg\u00f6relim!<\/p>\n","protected":false},"featured_media":0,"template":"","meta":{"_monsterinsights_skip_tracking":false,"_monsterinsights_sitenote_active":false,"_monsterinsights_sitenote_note":"","_monsterinsights_sitenote_category":0},"product_brand":[],"product_cat":[12274,12518],"product_tag":[],"class_list":{"0":"post-721271","1":"product","2":"type-product","3":"status-publish","5":"product_cat-cocuk-ve-genclik-kitaplari","6":"product_cat-okul-oncesi-kitaplar","7":"pa_cilt-ciltsiz","8":"pa_tur-kitap","9":"pa_yayinevi-pearson-cocuk-kitaplari","10":"pa_yazar-lydia-monks","12":"first","13":"instock","14":"sale","15":"shipping-taxable","16":"purchasable","17":"product-type-simple"},"_links":{"self":[{"href":"https:\/\/roveyayinevi.com.tr\/index.php\/wp-json\/wp\/v2\/product\/721271","targetHints":{"allow":["GET"]}}],"collection":[{"href":"https:\/\/roveyayinevi.com.tr\/index.php\/wp-json\/wp\/v2\/product"}],"about":[{"href":"https:\/\/roveyayinevi.com.tr\/index.php\/wp-json\/wp\/v2\/types\/product"}],"wp:attachment":[{"href":"https:\/\/roveyayinevi.com.tr\/index.php\/wp-json\/wp\/v2\/media?parent=721271"}],"wp:term":[{"taxonomy":"product_brand","embeddable":true,"href":"https:\/\/roveyayinevi.com.tr\/index.php\/wp-json\/wp\/v2\/product_brand?post=721271"},{"taxonomy":"product_cat","embeddable":true,"href":"https:\/\/roveyayinevi.com.tr\/index.php\/wp-json\/wp\/v2\/product_cat?post=721271"},{"taxonomy":"product_tag","embeddable":true,"href":"https:\/\/roveyayinevi.com.tr\/index.php\/wp-json\/wp\/v2\/product_tag?post=721271"}],"curies":[{"name":"wp","href":"https:\/\/api.w.org\/{rel}","templated":true}]}}