{"id":721265,"date":"2025-08-27T18:47:51","date_gmt":"2025-08-27T15:47:51","guid":{"rendered":"https:\/\/roveyayinevi.com.tr\/index.php\/urun\/cocuklar-icin-1919-dersleri\/"},"modified":"2026-04-16T02:29:19","modified_gmt":"2026-04-15T23:29:19","slug":"cocuklar-icin-1919-dersleri","status":"publish","type":"product","link":"https:\/\/roveyayinevi.com.tr\/index.php\/urun\/cocuklar-icin-1919-dersleri\/","title":{"rendered":"\u00c7ocuklar \u0130\u00e7in 1919 Dersleri"},"content":{"rendered":"<p>Ulus olarak en b\u00fcy\u00fck eksikli\u011fimizin bilgisizlik oldu\u011funu d\u00fc\u015f\u00fcn\u00fcyor.Biz b\u00f6yle de\u011fildik ama giderek b\u00f6yle olduk.Bilgisizli\u011fimizin yan\u0131 s\u0131ra buna ili\u015fkin bir de yanl\u0131\u015f\u0131m\u0131z var: Bilgi edinmenin y\u00f6ntemi ezberlemek san\u0131yoruz.oysa bilgi edinmek bir mutluluktur.\u00d6\u011fretmenlerinin , anne babalar\u0131n\u0131n , b\u00fcy\u00fcklerinin \u00e7ocuklara \u00f6ncelikle kazand\u0131rmalar\u0131 gereken bilin\u00e7 budur:Ara\u015ft\u0131rarak , irdeleyerek , soru sorarak \u00f6\u011fretmenin , bilgi edinmenin , ak\u0131l y\u00fcr\u00fctmeninn can s\u0131k\u0131c\u0131 zorunluluk ya da ezbercilik de\u011fil , bir mutluluk, bir sevin\u00e7 oldu\u011fu&#8230;Y\u00fcz\u00fcnc\u00fc y\u0131l\u0131nda 19 May\u0131s 1919 derlerini haz\u0131rlarken uygulamaya \u00e7al\u0131\u015ft\u0131\u011f\u0131m y\u00f6ntem bu oldu.Umar\u0131m ba\u015far\u0131l\u0131 olmu\u015fumdur.Ataol Behramo\u011flu<\/p>\n","protected":false},"excerpt":{"rendered":"<p>Ulus olarak en b\u00fcy\u00fck eksikli\u011fimizin bilgisizlik oldu\u011funu d\u00fc\u015f\u00fcn\u00fcyor.Biz b\u00f6yle de\u011fildik ama giderek b\u00f6yle olduk.Bilgisizli\u011fimizin yan\u0131 s\u0131ra buna ili\u015fkin bir de yanl\u0131\u015f\u0131m\u0131z var: Bilgi edinmenin y\u00f6ntemi ezberlemek<span class=\"excerpt-hellip\"> [\u2026]<\/span><\/p>\n","protected":false},"featured_media":0,"template":"","meta":{"_monsterinsights_skip_tracking":false,"_monsterinsights_sitenote_active":false,"_monsterinsights_sitenote_note":"","_monsterinsights_sitenote_category":0},"product_brand":[],"product_cat":[12274,12284],"product_tag":[],"class_list":{"0":"post-721265","1":"product","2":"type-product","3":"status-publish","5":"product_cat-cocuk-ve-genclik-kitaplari","6":"product_cat-hikayeler","7":"pa_cilt-ciltsiz","8":"pa_tur-kitap","9":"pa_yayinevi-cumhuriyet-kitaplari","10":"pa_yazar-ataol-behramoglu","12":"first","13":"instock","14":"sale","15":"shipping-taxable","16":"purchasable","17":"product-type-simple"},"_links":{"self":[{"href":"https:\/\/roveyayinevi.com.tr\/index.php\/wp-json\/wp\/v2\/product\/721265","targetHints":{"allow":["GET"]}}],"collection":[{"href":"https:\/\/roveyayinevi.com.tr\/index.php\/wp-json\/wp\/v2\/product"}],"about":[{"href":"https:\/\/roveyayinevi.com.tr\/index.php\/wp-json\/wp\/v2\/types\/product"}],"wp:attachment":[{"href":"https:\/\/roveyayinevi.com.tr\/index.php\/wp-json\/wp\/v2\/media?parent=721265"}],"wp:term":[{"taxonomy":"product_brand","embeddable":true,"href":"https:\/\/roveyayinevi.com.tr\/index.php\/wp-json\/wp\/v2\/product_brand?post=721265"},{"taxonomy":"product_cat","embeddable":true,"href":"https:\/\/roveyayinevi.com.tr\/index.php\/wp-json\/wp\/v2\/product_cat?post=721265"},{"taxonomy":"product_tag","embeddable":true,"href":"https:\/\/roveyayinevi.com.tr\/index.php\/wp-json\/wp\/v2\/product_tag?post=721265"}],"curies":[{"name":"wp","href":"https:\/\/api.w.org\/{rel}","templated":true}]}}