{"id":721261,"date":"2025-08-27T18:47:48","date_gmt":"2025-08-27T15:47:48","guid":{"rendered":"https:\/\/roveyayinevi.com.tr\/index.php\/urun\/rusya-imparatorlugunun-cokusu\/"},"modified":"2026-04-16T02:29:18","modified_gmt":"2026-04-15T23:29:18","slug":"rusya-imparatorlugunun-cokusu","status":"publish","type":"product","link":"https:\/\/roveyayinevi.com.tr\/index.php\/urun\/rusya-imparatorlugunun-cokusu\/","title":{"rendered":"Rusya \u0130mparatorlu\u011fu\u2019nun \u00c7\u00f6k\u00fc\u015f\u00fc"},"content":{"rendered":"<p>Bir B\u00fcy\u00fck \u0130mparatorlu\u011fun Ad\u0131m Ad\u0131m Vedas\u0131\u2026\u00c7arl\u0131k Rusyas\u0131\u2019n\u0131n \u00e7\u00f6k\u00fc\u015f\u00fcne ve Ekim Devrimi\u2019nin ger\u00e7ekle\u015fmesine yol a\u00e7an ve birbirine ba\u011fl\u0131 temel fakt\u00f6rler nelerdi? Rusya, D\u00fcnya Sava\u015f\u0131\u2019na ne kadar haz\u0131rd\u0131? B\u00fcy\u00fck devlet politikas\u0131n\u0131 korumak i\u00e7in i\u00e7 ve d\u0131\u015f politikada ne gibi \u00f6nlemler al\u0131nd\u0131, bu \u00f6nlemler neden netice vermedi? III. Aleksandr ve II. Nikolay\u2019\u0131n b\u00fct\u00fcn siyasi g\u00fcc\u00fc \u00c7ar\u2019da toplayan otokratik y\u00f6netim bi\u00e7iminden taviz vermemekte diretmeleri nelere sebep oldu? S\u0131k\u0131y\u00f6netim yasalar\u0131 ve idamlar d\u0131\u015f\u0131nda devrimci harekete kar\u015f\u0131 al\u0131nan tedbirlerin \u00f6nemli bir aya\u011f\u0131 olarak Polis Departman\u0131\u2019nda ne gibi de\u011fi\u015fiklikler yap\u0131ld\u0131? \u00c7\u00f6k\u00fc\u015f\u00fcn toplumsal ve psikolojik boyutlar\u0131nda neler sakl\u0131yd\u0131?1917 y\u0131l\u0131n\u0131n \u015eubat ve Ekim aylar\u0131nda Rusya\u2019da ya\u015fanan devrimler yaln\u0131zca Sovyet y\u00fczy\u0131l\u0131n\u0131n ba\u015flang\u0131c\u0131n\u0131n de\u011fil, 304 y\u0131l h\u00fck\u00fcm s\u00fcren Romanov Hanedanl\u0131\u011f\u0131\u2019n\u0131n \u00e7\u00f6k\u00fc\u015f\u00fcn\u00fcn hik\u00e2yesidir. Rusya \u0130mparatorlu\u011fu\u2019nun neden ve nas\u0131l y\u0131k\u0131ld\u0131\u011f\u0131 sorusu Bol\u015feviklerin neden ve nas\u0131l iktidara geldikleri sorusuyla yak\u0131ndan ilintilidir.Bilkent \u00dcniversitesi Rusya \u00c7al\u0131\u015fmalar\u0131 Merkezi\u2019nde Prof. Norman Stone\u2019un dan\u0131\u015fmanl\u0131\u011f\u0131nda y\u00fcksek lisans tezlerini yazan ve yurtd\u0131\u015f\u0131nda Rusya tarihi \u00fczerine doktora \u00e7al\u0131\u015fmalar\u0131n\u0131 tamamlayan Onur \u0130\u015f\u00e7i ve Onur \u00d6nol, \u00c7arl\u0131k Rusyas\u0131\u2019n\u0131n son y\u0131llar\u0131 hakk\u0131nda yaz\u0131lm\u0131\u015f birincil ve ikincil kaynaklar\u0131n aynas\u0131nda bu iki soruyu beraber yan\u0131tl\u0131yorlar. \u0130\u015f\u00e7i ve \u00d6nol, Rusya \u0130mparatorlu\u011fu\u2019nun i\u00e7ine d\u00fc\u015ft\u00fc\u011f\u00fc harp ve ihtilal k\u0131skac\u0131n\u0131 ayn\u0131 sosyolojik realitenin iki farkl\u0131 y\u00fcz\u00fc olarak yorumlamaya \u00e7al\u0131\u015f\u0131yorlar.\u201cRusya \u0130mparatorlu\u011fu\u2019nun \u00c7\u00f6k\u00fc\u015f\u00fc: Harp Yahut \u0130htilal\u201d, d\u00fcnya tarihinde sahne alm\u0131\u015f en \u00f6nemli imparatorluklar\u0131ndan birinin vedas\u0131n\u0131 anlat\u0131yor. Hem tarih ara\u015ft\u0131rmac\u0131lar\u0131 hem de merakl\u0131 okuyucular i\u00e7in benzersiz bir kaynak g\u00f6revi \u00fcstleniyor\u2026<\/p>\n","protected":false},"excerpt":{"rendered":"<p>Bir B\u00fcy\u00fck \u0130mparatorlu\u011fun Ad\u0131m Ad\u0131m Vedas\u0131\u2026\u00c7arl\u0131k Rusyas\u0131\u2019n\u0131n \u00e7\u00f6k\u00fc\u015f\u00fcne ve Ekim Devrimi\u2019nin ger\u00e7ekle\u015fmesine yol a\u00e7an ve birbirine ba\u011fl\u0131 temel fakt\u00f6rler nelerdi? Rusya, D\u00fcnya Sava\u015f\u0131\u2019na ne kadar haz\u0131rd\u0131?<span class=\"excerpt-hellip\"> [\u2026]<\/span><\/p>\n","protected":false},"featured_media":0,"template":"","meta":{"_monsterinsights_skip_tracking":false,"_monsterinsights_sitenote_active":false,"_monsterinsights_sitenote_note":"","_monsterinsights_sitenote_category":0},"product_brand":[],"product_cat":[12312,12304],"product_tag":[],"class_list":{"0":"post-721261","1":"product","2":"type-product","3":"status-publish","5":"product_cat-diger","6":"product_cat-tarih","7":"pa_cilt-ciltsiz","8":"pa_tur-kitap","9":"pa_yayinevi-kronik-kitap","10":"pa_yazar-onur-isci-onur-onol","12":"first","13":"instock","14":"sale","15":"shipping-taxable","16":"purchasable","17":"product-type-simple"},"_links":{"self":[{"href":"https:\/\/roveyayinevi.com.tr\/index.php\/wp-json\/wp\/v2\/product\/721261","targetHints":{"allow":["GET"]}}],"collection":[{"href":"https:\/\/roveyayinevi.com.tr\/index.php\/wp-json\/wp\/v2\/product"}],"about":[{"href":"https:\/\/roveyayinevi.com.tr\/index.php\/wp-json\/wp\/v2\/types\/product"}],"wp:attachment":[{"href":"https:\/\/roveyayinevi.com.tr\/index.php\/wp-json\/wp\/v2\/media?parent=721261"}],"wp:term":[{"taxonomy":"product_brand","embeddable":true,"href":"https:\/\/roveyayinevi.com.tr\/index.php\/wp-json\/wp\/v2\/product_brand?post=721261"},{"taxonomy":"product_cat","embeddable":true,"href":"https:\/\/roveyayinevi.com.tr\/index.php\/wp-json\/wp\/v2\/product_cat?post=721261"},{"taxonomy":"product_tag","embeddable":true,"href":"https:\/\/roveyayinevi.com.tr\/index.php\/wp-json\/wp\/v2\/product_tag?post=721261"}],"curies":[{"name":"wp","href":"https:\/\/api.w.org\/{rel}","templated":true}]}}