{"id":721260,"date":"2025-08-27T18:47:47","date_gmt":"2025-08-27T15:47:47","guid":{"rendered":"https:\/\/roveyayinevi.com.tr\/index.php\/urun\/susma-konus-cocuk\/"},"modified":"2026-04-16T02:29:18","modified_gmt":"2026-04-15T23:29:18","slug":"susma-konus-cocuk","status":"publish","type":"product","link":"https:\/\/roveyayinevi.com.tr\/index.php\/urun\/susma-konus-cocuk\/","title":{"rendered":"Susma! Konu\u015f \u00c7ocuk"},"content":{"rendered":"<p>Bu kitab\u0131 yazmaktaki amac\u0131m, size insanlar\u0131n nas\u0131l istismara u\u011frad\u0131klar\u0131n\u0131 anlatmak de\u011fildir. \u0130stismara u\u011fram\u0131\u015f insanlar\u0131n neden kendini koruyamad\u0131\u011f\u0131n\u0131, bunu kimseyle ni\u00e7in payla\u015famad\u0131\u011f\u0131n\u0131, ailelerin \u00e7ocuklar\u0131n\u0131n istismara u\u011framalar\u0131na nas\u0131l zemin haz\u0131rlad\u0131\u011f\u0131n\u0131 ve fark etmeden yapt\u0131\u011f\u0131m\u0131z hatalar\u0131 sizlere g\u00f6stermektir.Tek temennim bu kitab\u0131 okuyan herkesin \u00e7ocuk istismar\u0131 hakk\u0131nda fark\u0131ndal\u0131k kazanmas\u0131d\u0131r. Bu fark\u0131ndal\u0131k ile \u00e7ocuklar\u0131m\u0131zla sa\u011fl\u0131kl\u0131 \u0130leti\u015fim kurarak, do\u011fru mahremiyet e\u011fitimiyle \u00e7ocuklar\u0131m\u0131z\u0131 istismardan korumay\u0131 ba\u015farabiliriz.\u00c7ocuk istismar\u0131na dur deme d\u00fc\u015f\u00fcncesi ile \u00e7\u0131kt\u0131\u011f\u0131m bu yolda, in\u015fallah bu kitap sizlere de rehber olacakt\u0131r.\u00c7ocuklae art\u0131k susmas\u0131n ve kendilerine yap\u0131lanlara sessiz kalmas\u0131n.<\/p>\n","protected":false},"excerpt":{"rendered":"<p>Bu kitab\u0131 yazmaktaki amac\u0131m, size insanlar\u0131n nas\u0131l istismara u\u011frad\u0131klar\u0131n\u0131 anlatmak de\u011fildir. \u0130stismara u\u011fram\u0131\u015f insanlar\u0131n neden kendini koruyamad\u0131\u011f\u0131n\u0131, bunu kimseyle ni\u00e7in payla\u015famad\u0131\u011f\u0131n\u0131, ailelerin \u00e7ocuklar\u0131n\u0131n istismara u\u011framalar\u0131na nas\u0131l<span class=\"excerpt-hellip\"> [\u2026]<\/span><\/p>\n","protected":false},"featured_media":0,"template":"","meta":{"_monsterinsights_skip_tracking":false,"_monsterinsights_sitenote_active":false,"_monsterinsights_sitenote_note":"","_monsterinsights_sitenote_category":0},"product_brand":[],"product_cat":[12831,12324],"product_tag":[],"class_list":{"0":"post-721260","1":"product","2":"type-product","3":"status-publish","5":"product_cat-aile-ve-cocuk","6":"product_cat-sosyoloji","7":"pa_cilt-ciltsiz","8":"pa_tur-kitap","9":"pa_yayinevi-yediveren-yayinlari","10":"pa_yazar-dilek-cesur","12":"first","13":"instock","14":"sale","15":"shipping-taxable","16":"purchasable","17":"product-type-simple"},"_links":{"self":[{"href":"https:\/\/roveyayinevi.com.tr\/index.php\/wp-json\/wp\/v2\/product\/721260","targetHints":{"allow":["GET"]}}],"collection":[{"href":"https:\/\/roveyayinevi.com.tr\/index.php\/wp-json\/wp\/v2\/product"}],"about":[{"href":"https:\/\/roveyayinevi.com.tr\/index.php\/wp-json\/wp\/v2\/types\/product"}],"wp:attachment":[{"href":"https:\/\/roveyayinevi.com.tr\/index.php\/wp-json\/wp\/v2\/media?parent=721260"}],"wp:term":[{"taxonomy":"product_brand","embeddable":true,"href":"https:\/\/roveyayinevi.com.tr\/index.php\/wp-json\/wp\/v2\/product_brand?post=721260"},{"taxonomy":"product_cat","embeddable":true,"href":"https:\/\/roveyayinevi.com.tr\/index.php\/wp-json\/wp\/v2\/product_cat?post=721260"},{"taxonomy":"product_tag","embeddable":true,"href":"https:\/\/roveyayinevi.com.tr\/index.php\/wp-json\/wp\/v2\/product_tag?post=721260"}],"curies":[{"name":"wp","href":"https:\/\/api.w.org\/{rel}","templated":true}]}}