{"id":721255,"date":"2025-08-27T18:47:43","date_gmt":"2025-08-27T15:47:43","guid":{"rendered":"https:\/\/roveyayinevi.com.tr\/index.php\/urun\/yirticilar-dislerin-ve-pencelerin-tam-hikayesi\/"},"modified":"2026-04-16T02:29:18","modified_gmt":"2026-04-15T23:29:18","slug":"yirticilar-dislerin-ve-pencelerin-tam-hikayesi","status":"publish","type":"product","link":"https:\/\/roveyayinevi.com.tr\/index.php\/urun\/yirticilar-dislerin-ve-pencelerin-tam-hikayesi\/","title":{"rendered":"Y\u0131rt\u0131c\u0131lar &#8211; Di\u015flerin Ve Pen\u00e7elerin Tam Hikayesi"},"content":{"rendered":"<p>Bayku\u015flar\u0131 u\u00e7an ninjalara d\u00f6n\u00fc\u015ft\u00fcren \u015fey nedir?Neden leoparlar, beneklerini de\u011fi\u015ftiremez?Hangi dinozor, kudretli t-rex\u2019in \u00f6d\u00fcn\u00fc kopart\u0131yordu?Bu kitap inan\u0131lmaz foto\u011fraflarla, komik \u00e7izimlerle ve aslanlardan ay\u0131lara, dinozorlardan sansarlara kadar, keskin di\u015fli vah\u015fi hayvanlar hakk\u0131nda inan\u0131lmaz bilgilerle dolu. Elinizdeki kitap, bug\u00fcne kadar sormaya bile cesaret edemeyece\u011finiz bir s\u00fcr\u00fc sorunun cevab\u0131n\u0131 bar\u0131nd\u0131r\u0131yor!<\/p>\n","protected":false},"excerpt":{"rendered":"<p>Bayku\u015flar\u0131 u\u00e7an ninjalara d\u00f6n\u00fc\u015ft\u00fcren \u015fey nedir?Neden leoparlar, beneklerini de\u011fi\u015ftiremez?Hangi dinozor, kudretli t-rex\u2019in \u00f6d\u00fcn\u00fc kopart\u0131yordu?Bu kitap inan\u0131lmaz foto\u011fraflarla, komik \u00e7izimlerle ve aslanlardan ay\u0131lara, dinozorlardan sansarlara kadar, keskin<span class=\"excerpt-hellip\"> [\u2026]<\/span><\/p>\n","protected":false},"featured_media":0,"template":"","meta":{"_monsterinsights_skip_tracking":false,"_monsterinsights_sitenote_active":false,"_monsterinsights_sitenote_note":"","_monsterinsights_sitenote_category":0},"product_brand":[],"product_cat":[12274,12518],"product_tag":[],"class_list":{"0":"post-721255","1":"product","2":"type-product","3":"status-publish","5":"product_cat-cocuk-ve-genclik-kitaplari","6":"product_cat-okul-oncesi-kitaplar","7":"pa_cilt-ciltsiz","8":"pa_tur-kitap","9":"pa_yayinevi-is-bankasi-kultur-yayinlari","10":"pa_yazar-glenn-murphy","12":"first","13":"instock","14":"sale","15":"shipping-taxable","16":"purchasable","17":"product-type-simple"},"_links":{"self":[{"href":"https:\/\/roveyayinevi.com.tr\/index.php\/wp-json\/wp\/v2\/product\/721255","targetHints":{"allow":["GET"]}}],"collection":[{"href":"https:\/\/roveyayinevi.com.tr\/index.php\/wp-json\/wp\/v2\/product"}],"about":[{"href":"https:\/\/roveyayinevi.com.tr\/index.php\/wp-json\/wp\/v2\/types\/product"}],"wp:attachment":[{"href":"https:\/\/roveyayinevi.com.tr\/index.php\/wp-json\/wp\/v2\/media?parent=721255"}],"wp:term":[{"taxonomy":"product_brand","embeddable":true,"href":"https:\/\/roveyayinevi.com.tr\/index.php\/wp-json\/wp\/v2\/product_brand?post=721255"},{"taxonomy":"product_cat","embeddable":true,"href":"https:\/\/roveyayinevi.com.tr\/index.php\/wp-json\/wp\/v2\/product_cat?post=721255"},{"taxonomy":"product_tag","embeddable":true,"href":"https:\/\/roveyayinevi.com.tr\/index.php\/wp-json\/wp\/v2\/product_tag?post=721255"}],"curies":[{"name":"wp","href":"https:\/\/api.w.org\/{rel}","templated":true}]}}