{"id":721254,"date":"2025-08-27T18:47:42","date_gmt":"2025-08-27T15:47:42","guid":{"rendered":"https:\/\/roveyayinevi.com.tr\/index.php\/urun\/doktor-oxun-deneyi-kisaltilmis-metin\/"},"modified":"2026-04-11T13:48:03","modified_gmt":"2026-04-11T10:48:03","slug":"doktor-oxun-deneyi-kisaltilmis-metin","status":"publish","type":"product","link":"https:\/\/roveyayinevi.com.tr\/index.php\/urun\/doktor-oxun-deneyi-kisaltilmis-metin\/","title":{"rendered":"Doktor Ox\u2019un Deneyi (K\u0131salt\u0131lm\u0131\u015f Metin)"},"content":{"rendered":"<p>Macera ve bilim kurgu yazar\u0131 Jules Verne eserlerinin \u00e7o\u011funda ilgin\u00e7 mek\u00e2nlarda yap\u0131lan heyecanl\u0131 yolculuklar\u0131 anlat\u0131r. Kahramanlar okyanuslar\u0131n derinliklerinde, tropik denizlerde, uzayda, ya\u011fmur ormanlar\u0131nda ya da da\u011flarda, \u015fa\u015f\u0131rt\u0131c\u0131 maceralar ya\u015far; ola\u011fan\u00fcst\u00fc i\u015fler ba\u015far\u0131rlar. Elinizdeki bu romanda ise yazar \u00e7ok farkl\u0131 bir yol izlemi\u015f ve vatanda\u015flar\u0131n\u0131n sakinli\u011fiyle \u00fcnl\u00fc k\u00fc\u00e7\u00fcc\u00fck bir \u00fclkede yap\u0131lan bilimsel bir deneyi anlatm\u0131\u015f. Asl\u0131nda deneyin amac\u0131 b\u00fct\u00fcn \u00fclkeyi bedava ayd\u0131nlatmakt\u0131r, ama \u00fclkede garip \u015feyler olmaya ba\u015flar.Jules Verne\u2019in yarat\u0131c\u0131 dehas\u0131n\u0131n b\u00fcy\u00fckl\u00fc\u011f\u00fcn\u00fc sergiledi\u011fi bu \u015fa\u015f\u0131rt\u0131c\u0131 roman, zaman\u0131nda o kadar ilgi \u00e7ekmi\u015ftir ki, opera olarak sahnelenmi\u015ftir. Merakla sayfalar\u0131 \u00e7evirirken, kahkahalar\u0131n\u0131z\u0131 tutamayacaks\u0131n\u0131z.<\/p>\n","protected":false},"excerpt":{"rendered":"<p>Macera ve bilim kurgu yazar\u0131 Jules Verne eserlerinin \u00e7o\u011funda ilgin\u00e7 mek\u00e2nlarda yap\u0131lan heyecanl\u0131 yolculuklar\u0131 anlat\u0131r. Kahramanlar okyanuslar\u0131n derinliklerinde, tropik denizlerde, uzayda, ya\u011fmur ormanlar\u0131nda ya da da\u011flarda,<span class=\"excerpt-hellip\"> [\u2026]<\/span><\/p>\n","protected":false},"featured_media":0,"template":"","meta":{"_monsterinsights_skip_tracking":false,"_monsterinsights_sitenote_active":false,"_monsterinsights_sitenote_note":"","_monsterinsights_sitenote_category":0},"product_brand":[],"product_cat":[12291,12711],"product_tag":[],"class_list":{"0":"post-721254","1":"product","2":"type-product","3":"status-publish","5":"product_cat-edebiyat","6":"product_cat-roman-oyku","7":"pa_cilt-ciltsiz","8":"pa_tur-kitap","9":"pa_yayinevi-is-bankasi-kultur-yayinlari","10":"pa_yazar-jules-verne","12":"first","13":"instock","14":"sale","15":"shipping-taxable","16":"purchasable","17":"product-type-simple"},"_links":{"self":[{"href":"https:\/\/roveyayinevi.com.tr\/index.php\/wp-json\/wp\/v2\/product\/721254","targetHints":{"allow":["GET"]}}],"collection":[{"href":"https:\/\/roveyayinevi.com.tr\/index.php\/wp-json\/wp\/v2\/product"}],"about":[{"href":"https:\/\/roveyayinevi.com.tr\/index.php\/wp-json\/wp\/v2\/types\/product"}],"wp:attachment":[{"href":"https:\/\/roveyayinevi.com.tr\/index.php\/wp-json\/wp\/v2\/media?parent=721254"}],"wp:term":[{"taxonomy":"product_brand","embeddable":true,"href":"https:\/\/roveyayinevi.com.tr\/index.php\/wp-json\/wp\/v2\/product_brand?post=721254"},{"taxonomy":"product_cat","embeddable":true,"href":"https:\/\/roveyayinevi.com.tr\/index.php\/wp-json\/wp\/v2\/product_cat?post=721254"},{"taxonomy":"product_tag","embeddable":true,"href":"https:\/\/roveyayinevi.com.tr\/index.php\/wp-json\/wp\/v2\/product_tag?post=721254"}],"curies":[{"name":"wp","href":"https:\/\/api.w.org\/{rel}","templated":true}]}}