{"id":721252,"date":"2025-08-27T18:47:40","date_gmt":"2025-08-27T15:47:40","guid":{"rendered":"https:\/\/roveyayinevi.com.tr\/index.php\/urun\/define-adasi-kisaltilmis-metin\/"},"modified":"2026-04-16T02:29:18","modified_gmt":"2026-04-15T23:29:18","slug":"define-adasi-kisaltilmis-metin","status":"publish","type":"product","link":"https:\/\/roveyayinevi.com.tr\/index.php\/urun\/define-adasi-kisaltilmis-metin\/","title":{"rendered":"Define Adas\u0131 (K\u0131salt\u0131lm\u0131\u015f Metin)"},"content":{"rendered":"<p>18. y\u00fczy\u0131l\u0131n ikinci yar\u0131s\u0131 okyanuslar\u0131n korsan kaynad\u0131\u011f\u0131, uzak adalar\u0131n inan\u0131lmaz maceralara sahne oldu\u011fu bir d\u00f6nemdir. Jim Hawkins, bu kar\u0131\u015f\u0131k g\u00fcnlerde ailesiyle birlikte \u0130ngiltere\u2019nin g\u00fcney k\u0131y\u0131lar\u0131ndaki Amiral Benbow Han\u0131\u2019nda ya\u015famaktayd\u0131. Yolu Amiral Benbow\u2019a d\u00fc\u015fen Billy Bones isimli eski bir korsan, han\u0131 i\u015fleterek k\u0131t kanaat ge\u00e7inen ailenin ya\u015fam\u0131n\u0131 de\u011fi\u015ftirecekti. Bones\u2019un korsan Flint\u2019in definesinin yerini g\u00f6steren bir haritas\u0131 vard\u0131 ve bu harita, bir bela m\u0131knat\u0131s\u0131 gibi b\u00fct\u00fcn korkun\u00e7 korsanlar\u0131 hana \u00e7ekiyordu. Define haritas\u0131 bir rastlant\u0131 sonucu Jim Hawkins\u2019in eline ge\u00e7ti ve heyecanl\u0131 bir define av\u0131 ba\u015flad\u0131.<\/p>\n","protected":false},"excerpt":{"rendered":"<p>18. y\u00fczy\u0131l\u0131n ikinci yar\u0131s\u0131 okyanuslar\u0131n korsan kaynad\u0131\u011f\u0131, uzak adalar\u0131n inan\u0131lmaz maceralara sahne oldu\u011fu bir d\u00f6nemdir. Jim Hawkins, bu kar\u0131\u015f\u0131k g\u00fcnlerde ailesiyle birlikte \u0130ngiltere\u2019nin g\u00fcney k\u0131y\u0131lar\u0131ndaki Amiral<span class=\"excerpt-hellip\"> [\u2026]<\/span><\/p>\n","protected":false},"featured_media":0,"template":"","meta":{"_monsterinsights_skip_tracking":false,"_monsterinsights_sitenote_active":false,"_monsterinsights_sitenote_note":"","_monsterinsights_sitenote_category":0},"product_brand":[],"product_cat":[12291,13872],"product_tag":[],"class_list":{"0":"post-721252","1":"product","2":"type-product","3":"status-publish","5":"product_cat-edebiyat","6":"product_cat-klasikler","7":"pa_cilt-ciltsiz","8":"pa_tur-kitap","9":"pa_yayinevi-is-bankasi-kultur-yayinlari","10":"pa_yazar-robert-louis-stevenson","12":"first","13":"instock","14":"sale","15":"shipping-taxable","16":"purchasable","17":"product-type-simple"},"_links":{"self":[{"href":"https:\/\/roveyayinevi.com.tr\/index.php\/wp-json\/wp\/v2\/product\/721252","targetHints":{"allow":["GET"]}}],"collection":[{"href":"https:\/\/roveyayinevi.com.tr\/index.php\/wp-json\/wp\/v2\/product"}],"about":[{"href":"https:\/\/roveyayinevi.com.tr\/index.php\/wp-json\/wp\/v2\/types\/product"}],"wp:attachment":[{"href":"https:\/\/roveyayinevi.com.tr\/index.php\/wp-json\/wp\/v2\/media?parent=721252"}],"wp:term":[{"taxonomy":"product_brand","embeddable":true,"href":"https:\/\/roveyayinevi.com.tr\/index.php\/wp-json\/wp\/v2\/product_brand?post=721252"},{"taxonomy":"product_cat","embeddable":true,"href":"https:\/\/roveyayinevi.com.tr\/index.php\/wp-json\/wp\/v2\/product_cat?post=721252"},{"taxonomy":"product_tag","embeddable":true,"href":"https:\/\/roveyayinevi.com.tr\/index.php\/wp-json\/wp\/v2\/product_tag?post=721252"}],"curies":[{"name":"wp","href":"https:\/\/api.w.org\/{rel}","templated":true}]}}