{"id":721251,"date":"2025-08-27T18:47:40","date_gmt":"2025-08-27T15:47:40","guid":{"rendered":"https:\/\/roveyayinevi.com.tr\/index.php\/urun\/sefiller-kisaltilmis-metin\/"},"modified":"2026-04-16T02:29:18","modified_gmt":"2026-04-15T23:29:18","slug":"sefiller-kisaltilmis-metin","status":"publish","type":"product","link":"https:\/\/roveyayinevi.com.tr\/index.php\/urun\/sefiller-kisaltilmis-metin\/","title":{"rendered":"Sefiller (K\u0131salt\u0131lm\u0131\u015f Metin)"},"content":{"rendered":"<p>\u00c7ok zengin ve yard\u0131msever bir adam olan Madeleine Baba\u2019n\u0131n ge\u00e7mi\u015fini, nereden geldi\u011fini kimse bilmiyordu. \u0130ri yar\u0131, g\u00fc\u00e7l\u00fc, iyi kalpli bir adamd\u0131 ve yapt\u0131\u011f\u0131 ilgin\u00e7 bir bulu\u015f sayesinde \u00e7ok para kazanm\u0131\u015ft\u0131. Ancak g\u00f6r\u00fcn\u00fc\u015fe bak\u0131l\u0131rsa hi\u00e7 akrabas\u0131 ya da arkada\u015f\u0131 yoktu.Beklenmedik olaylar\u0131n ard\u0131ndan, fakir ve hasta bir kad\u0131na verdi\u011fi bir s\u00f6z, bu ilgin\u00e7 adam\u0131n ya\u015fam\u0131n\u0131 ve kimsesiz bir \u00e7ocu\u011fun kaderini de\u011fi\u015ftirecekti.Olay \u00f6rg\u00fcs\u00fcnde bir\u00e7ok ilgin\u00e7 karakterin yer ald\u0131\u011f\u0131 Sefiller bir\u00e7ok sinema, televizyon ve tiyatro eserine uyarlanm\u0131\u015ft\u0131r. Ayr\u0131ca bu ba\u015fyap\u0131t pek \u00e7ok sanat\u00e7\u0131ya ilham kayna\u011f\u0131 olmu\u015f, ard\u0131ndan yaz\u0131lan bir\u00e7ok edebi eserde etkisini g\u00f6stermi\u015ftir. Soluk solu\u011fa okuyaca\u011f\u0131n\u0131z muhte\u015fem bir macera&#8230;<\/p>\n","protected":false},"excerpt":{"rendered":"<p>\u00c7ok zengin ve yard\u0131msever bir adam olan Madeleine Baba\u2019n\u0131n ge\u00e7mi\u015fini, nereden geldi\u011fini kimse bilmiyordu. \u0130ri yar\u0131, g\u00fc\u00e7l\u00fc, iyi kalpli bir adamd\u0131 ve yapt\u0131\u011f\u0131 ilgin\u00e7 bir bulu\u015f<span class=\"excerpt-hellip\"> [\u2026]<\/span><\/p>\n","protected":false},"featured_media":0,"template":"","meta":{"_monsterinsights_skip_tracking":false,"_monsterinsights_sitenote_active":false,"_monsterinsights_sitenote_note":"","_monsterinsights_sitenote_category":0},"product_brand":[],"product_cat":[12291,13376],"product_tag":[],"class_list":{"0":"post-721251","1":"product","2":"type-product","3":"status-publish","5":"product_cat-edebiyat","6":"product_cat-fransiz-edebiyati","7":"pa_cilt-ciltsiz","8":"pa_tur-kitap","9":"pa_yayinevi-is-bankasi-kultur-yayinlari","10":"pa_yazar-victor-hugo","12":"first","13":"instock","14":"sale","15":"shipping-taxable","16":"purchasable","17":"product-type-simple"},"_links":{"self":[{"href":"https:\/\/roveyayinevi.com.tr\/index.php\/wp-json\/wp\/v2\/product\/721251","targetHints":{"allow":["GET"]}}],"collection":[{"href":"https:\/\/roveyayinevi.com.tr\/index.php\/wp-json\/wp\/v2\/product"}],"about":[{"href":"https:\/\/roveyayinevi.com.tr\/index.php\/wp-json\/wp\/v2\/types\/product"}],"wp:attachment":[{"href":"https:\/\/roveyayinevi.com.tr\/index.php\/wp-json\/wp\/v2\/media?parent=721251"}],"wp:term":[{"taxonomy":"product_brand","embeddable":true,"href":"https:\/\/roveyayinevi.com.tr\/index.php\/wp-json\/wp\/v2\/product_brand?post=721251"},{"taxonomy":"product_cat","embeddable":true,"href":"https:\/\/roveyayinevi.com.tr\/index.php\/wp-json\/wp\/v2\/product_cat?post=721251"},{"taxonomy":"product_tag","embeddable":true,"href":"https:\/\/roveyayinevi.com.tr\/index.php\/wp-json\/wp\/v2\/product_tag?post=721251"}],"curies":[{"name":"wp","href":"https:\/\/api.w.org\/{rel}","templated":true}]}}